{"id":37595,"date":"2025-12-04T16:11:22","date_gmt":"2025-12-04T16:11:22","guid":{"rendered":"https:labin.net\/producto\/quelabin-mo\/"},"modified":"2026-01-15T16:37:09","modified_gmt":"2026-01-15T16:37:09","slug":"quelabin-mo","status":"publish","type":"product","link":"https:\/\/labin.net\/ca\/producto\/quelabin-mo\/","title":{"rendered":"QUELABIN Mo"},"content":{"rendered":"<p>Producte l\u00edquid per a <b>aplicaci\u00f3 foliar i radicular.<\/b> Indicat per a la prevenci\u00f3 i\/o tractament de <b>car\u00e8ncies de molibd\u00e8<\/b>.<\/p>\n<p>La seva formulaci\u00f3 especial <b>permet una total absorci\u00f3, translocaci\u00f3 i assimilaci\u00f3 d&#8217;aquest microelement, aix\u00ed com una solubilitat perfecta en aigua.<\/b><\/p>\n<p>El molibd\u00e8 \u00e9s un microelement necessari en petites quantitats, per\u00f2 com tots els microelements, <b>la seva aportaci\u00f3 al cultiu \u00e9s essencial.<\/b><\/p>\n<p>* Interv\u00e9 en <b>el metabolisme del nitrogen<\/b> com a part de la nitrat reductasa i la nitrogenasa, responsables respectivament, de la reducci\u00f3 dels nitrats i la posterior conversi\u00f3 en amino\u00e0cids i de la fixaci\u00f3 del nitrogen atmosf\u00e8ric.<\/p>\n<p>* La seva abs\u00e8ncia o car\u00e8ncia <b>disminueix el contingut de clorofil\u00b7la i augmenta l&#8217;activitat respirat\u00f2ria.<\/b><\/p>\n","protected":false},"excerpt":{"rendered":"<ul>\n<li style=\"list-style-type: none;\">\n<ul>\n<li><b>Molibd\u00e8 ECOL\u00d2GIC en format l\u00edquid<\/b><\/li>\n<li><b>Alta assimilaci\u00f3 i efic\u00e0cia<\/b><\/li>\n<li><b> Preventiu i curatiu de defici\u00e8ncies<\/b><b style=\"font-size: inherit;\"><\/b><\/li>\n<\/ul>\n<\/li>\n<\/ul>\n","protected":false},"featured_media":35503,"comment_status":"open","ping_status":"closed","template":"","meta":{"_acf_changed":false},"cultivo":[133,616,633,654,679,702,134,617,634,656,680,704,602,618,635,658,681,706,603,619,636,659,682,707,604,620,637,661,683,708,605,621,638,662,684,709,606,623,639,663,686,710,607,624,641,664,687,608,625,643,666,688,609,626,644,668,689,610,627,646,670,691,611,628,647,672,693,612,629,648,674,695,613,630,649,676,697,614,631,650,677,698,615,632,652,678,700],"ecologico":[827],"medioambiente":[846],"solucion":[912],"tipo-de-aplicacion":[781,783,784],"product_brand":[],"product_cat":[1022],"product_tag":[],"class_list":{"0":"post-37595","1":"product","2":"type-product","3":"status-publish","4":"has-post-thumbnail","6":"cultivo-tropicals","7":"cultivo-kiwi","8":"cultivo-perera","9":"cultivo-te","10":"cultivo-fava-tendra","11":"cultivo-cereals","12":"cultivo-cacau","13":"cultivo-llimoner","14":"cultivo-festuc","15":"cultivo-yuca","16":"cultivo-mongeta-tendra","17":"cultivo-farratgeres-i-pastures","18":"cultivo-fruiters","19":"cultivo-alvocat","20":"cultivo-aranja","21":"cultivo-bleda-2","22":"cultivo-enciam","23":"cultivo-lleguminoses-extensives-2","24":"cultivo-horticoles","25":"cultivo-bana-platan","26":"cultivo-videu","27":"cultivo-all","28":"cultivo-melo","29":"cultivo-oleaginoses","30":"cultivo-extensius","31":"cultivo-cafe","32":"cultivo-canya-de-sucre","33":"cultivo-alberginia","34":"cultivo-nap","35":"cultivo-arbres-ornamentals","36":"cultivo-parcs-i-jardins","37":"cultivo-carambola","38":"cultivo-chirimoya","39":"cultivo-moniato","40":"cultivo-patata","41":"cultivo-gespedes","42":"cultivo-albercoc","43":"cultivo-lima-2","44":"cultivo-coco","45":"cultivo-brocoli","46":"cultivo-cogombre","47":"cultivo-flors","48":"cultivo-ametller","49":"cultivo-mandari","50":"cultivo-fruits-rojos-berries","51":"cultivo-carbasso","52":"cultivo-pebrot","53":"cultivo-avellaner","54":"cultivo-poma","55":"cultivo-guayaba","56":"cultivo-carabassa","57":"cultivo-porro","58":"cultivo-caqui","59":"cultivo-pressec","60":"cultivo-lychee","61":"cultivo-ceba","62":"cultivo-rave","63":"cultivo-castany","64":"cultivo-codonyer","65":"cultivo-manec","66":"cultivo-col","67":"cultivo-remolatxa","68":"cultivo-cirerer","69":"cultivo-taronger","70":"cultivo-maracuia","71":"cultivo-cols-de-brusselles","72":"cultivo-rucula","73":"cultivo-prunera","74":"cultivo-nectarina","75":"cultivo-papaia","76":"cultivo-coliflor","77":"cultivo-sindria","78":"cultivo-clementi","79":"cultivo-noguera","80":"cultivo-pinya","81":"cultivo-escarola","82":"cultivo-soja-verda","83":"cultivo-granat","84":"cultivo-olivera","85":"cultivo-pitahaya","86":"cultivo-espinac","87":"cultivo-tomaquet","88":"cultivo-figuera","89":"cultivo-parra-ornamental","90":"cultivo-tamarindo","91":"cultivo-pesol","92":"cultivo-pastanaga","93":"ecologico-si","94":"medioambiente-eficiencia-de-lus-de-nutrients","95":"solucion-deficencia-de-mo","96":"tipo-de-aplicacion-foliar","97":"tipo-de-aplicacion-dron","98":"tipo-de-aplicacion-avioneta","99":"product_cat-quelats","101":"first","102":"instock","103":"shipping-taxable","104":"product-type-simple"},"acf":[],"_links":{"self":[{"href":"https:\/\/labin.net\/ca\/wp-json\/wp\/v2\/product\/37595","targetHints":{"allow":["GET"]}}],"collection":[{"href":"https:\/\/labin.net\/ca\/wp-json\/wp\/v2\/product"}],"about":[{"href":"https:\/\/labin.net\/ca\/wp-json\/wp\/v2\/types\/product"}],"replies":[{"embeddable":true,"href":"https:\/\/labin.net\/ca\/wp-json\/wp\/v2\/comments?post=37595"}],"wp:featuredmedia":[{"embeddable":true,"href":"https:\/\/labin.net\/ca\/wp-json\/wp\/v2\/media\/35503"}],"wp:attachment":[{"href":"https:\/\/labin.net\/ca\/wp-json\/wp\/v2\/media?parent=37595"}],"wp:term":[{"taxonomy":"cultivo","embeddable":true,"href":"https:\/\/labin.net\/ca\/wp-json\/wp\/v2\/cultivo?post=37595"},{"taxonomy":"ecologico","embeddable":true,"href":"https:\/\/labin.net\/ca\/wp-json\/wp\/v2\/ecologico?post=37595"},{"taxonomy":"medioambiente","embeddable":true,"href":"https:\/\/labin.net\/ca\/wp-json\/wp\/v2\/medioambiente?post=37595"},{"taxonomy":"solucion","embeddable":true,"href":"https:\/\/labin.net\/ca\/wp-json\/wp\/v2\/solucion?post=37595"},{"taxonomy":"tipo-de-aplicacion","embeddable":true,"href":"https:\/\/labin.net\/ca\/wp-json\/wp\/v2\/tipo-de-aplicacion?post=37595"},{"taxonomy":"product_brand","embeddable":true,"href":"https:\/\/labin.net\/ca\/wp-json\/wp\/v2\/product_brand?post=37595"},{"taxonomy":"product_cat","embeddable":true,"href":"https:\/\/labin.net\/ca\/wp-json\/wp\/v2\/product_cat?post=37595"},{"taxonomy":"product_tag","embeddable":true,"href":"https:\/\/labin.net\/ca\/wp-json\/wp\/v2\/product_tag?post=37595"}],"curies":[{"name":"wp","href":"https:\/\/api.w.org\/{rel}","templated":true}]}}