{"id":37590,"date":"2025-11-27T15:58:22","date_gmt":"2025-11-27T15:58:22","guid":{"rendered":"https:labin.net\/producto\/labipack-grau\/"},"modified":"2026-01-19T11:43:37","modified_gmt":"2026-01-19T11:43:37","slug":"labipack-grado","status":"publish","type":"product","link":"https:\/\/labin.net\/ca\/producto\/labipack-grado\/","title":{"rendered":"LABIPACK GRADO"},"content":{"rendered":"<p>Adob foliar especialment per ser aplicat a <b>VINYA<\/b> durant el per\u00edode de <b>creixement i maduraci\u00f3 del fruit<\/b>.<\/p>\n<p>\u00c9s un producte COMPLET, que afegeix a la seva formulaci\u00f3, rica en <b>POTASSI<\/b>, microelements i amino\u00e0cids per aconseguir m\u00e9s efic\u00e0cia de l&#8217;acci\u00f3 del potassi.<\/p>\n<p>Les aportacions de potassi s\u00f3n imprescindibles perqu\u00e8 el RA\u00cfM acumuli <b>SUCRES<\/b> i per tant tinguem un <b>grau m\u00e9s alt<\/b>.<\/p>\n<p>El nostre fertilitzant no nom\u00e9s aporta aquest potassi sin\u00f3 que estimula la planta perqu\u00e8 l&#8217;absorbeixi millor, gr\u00e0cies a la f\u00f3rmula.<\/p>\n<p>Amb <b>LABIPACK GRADO<\/b>\u00a0<b>aconseguim augmentar el contingut en sucres del ra\u00efm.<\/b><\/p>\n","protected":false},"excerpt":{"rendered":"<ul>\n<li><b> <\/b><b>Alta solubilitat<\/b><\/li>\n<li><b> <\/b><b>R\u00e0pida absorci\u00f3 foliar<\/b><\/li>\n<li><b> <\/b><b>Amb microelements <\/b><\/li>\n<\/ul>\n","protected":false},"featured_media":35481,"comment_status":"open","ping_status":"closed","template":"","meta":{"_acf_changed":false},"cultivo":[632,636],"ecologico":[831],"medioambiente":[846],"solucion":[855,860,865,879],"tipo-de-aplicacion":[712,781],"product_brand":[],"product_cat":[1009],"product_tag":[],"class_list":{"0":"post-37590","1":"product","2":"type-product","3":"status-publish","4":"has-post-thumbnail","6":"cultivo-parra-ornamental","7":"cultivo-videu","8":"ecologico-no","9":"medioambiente-eficiencia-de-lus-de-nutrients","10":"solucion-deficencia-de-n","11":"solucion-deficencia-de-p","12":"solucion-deficencia-de-k","13":"solucion-deficencia-de-micros","14":"tipo-de-aplicacion-fertirrigacio","15":"tipo-de-aplicacion-foliar","16":"product_cat-especialitats","18":"first","19":"instock","20":"shipping-taxable","21":"product-type-simple"},"acf":[],"_links":{"self":[{"href":"https:\/\/labin.net\/ca\/wp-json\/wp\/v2\/product\/37590","targetHints":{"allow":["GET"]}}],"collection":[{"href":"https:\/\/labin.net\/ca\/wp-json\/wp\/v2\/product"}],"about":[{"href":"https:\/\/labin.net\/ca\/wp-json\/wp\/v2\/types\/product"}],"replies":[{"embeddable":true,"href":"https:\/\/labin.net\/ca\/wp-json\/wp\/v2\/comments?post=37590"}],"wp:featuredmedia":[{"embeddable":true,"href":"https:\/\/labin.net\/ca\/wp-json\/wp\/v2\/media\/35481"}],"wp:attachment":[{"href":"https:\/\/labin.net\/ca\/wp-json\/wp\/v2\/media?parent=37590"}],"wp:term":[{"taxonomy":"cultivo","embeddable":true,"href":"https:\/\/labin.net\/ca\/wp-json\/wp\/v2\/cultivo?post=37590"},{"taxonomy":"ecologico","embeddable":true,"href":"https:\/\/labin.net\/ca\/wp-json\/wp\/v2\/ecologico?post=37590"},{"taxonomy":"medioambiente","embeddable":true,"href":"https:\/\/labin.net\/ca\/wp-json\/wp\/v2\/medioambiente?post=37590"},{"taxonomy":"solucion","embeddable":true,"href":"https:\/\/labin.net\/ca\/wp-json\/wp\/v2\/solucion?post=37590"},{"taxonomy":"tipo-de-aplicacion","embeddable":true,"href":"https:\/\/labin.net\/ca\/wp-json\/wp\/v2\/tipo-de-aplicacion?post=37590"},{"taxonomy":"product_brand","embeddable":true,"href":"https:\/\/labin.net\/ca\/wp-json\/wp\/v2\/product_brand?post=37590"},{"taxonomy":"product_cat","embeddable":true,"href":"https:\/\/labin.net\/ca\/wp-json\/wp\/v2\/product_cat?post=37590"},{"taxonomy":"product_tag","embeddable":true,"href":"https:\/\/labin.net\/ca\/wp-json\/wp\/v2\/product_tag?post=37590"}],"curies":[{"name":"wp","href":"https:\/\/api.w.org\/{rel}","templated":true}]}}