{"id":37574,"date":"2025-12-05T07:31:21","date_gmt":"2025-12-05T07:31:21","guid":{"rendered":"https:labin.net\/producto\/labin-15-15-15\/"},"modified":"2025-12-05T07:31:21","modified_gmt":"2025-12-05T07:31:21","slug":"labin-15-15-15","status":"publish","type":"product","link":"https:\/\/labin.net\/ca\/producto\/labin-15-15-15\/","title":{"rendered":"LABIN 15-15-15"},"content":{"rendered":"<p>Producte en forma de pols cristal\u00b7lina de color rosat especial per aplicar a FERTIRRIGACI\u00d3, en totes les seves variants: degoteig, microaspersi\u00f3, exsudaci\u00f3, etc.<\/p>\n<p>La selecci\u00f3 de les millors mat\u00e8ries primeres ens garanteix una solubilitat elevada i l&#8217;abs\u00e8ncia d&#8217;impureses. A m\u00e9s, el seu especial proc\u00e9s de fabricaci\u00f3 assegura la flu\u00efdesa del producte i evita l&#8217;enduriment. <\/p>\n<p>LABIN 15-15-15 est\u00e0 enriquit amb MICROELEMENTS QUELATATS per garantir l&#8217;abs\u00e8ncia de car\u00e8ncies i el correcte desenvolupament dels cultius, sent el seu pH moderadament \u00e0cid per evitar obturacions i bloquejos, a m\u00e9s a m\u00e9s la seva formulaci\u00f3 no incorpora cap font d&#8217;UREA. Com que \u00e9s un adob pobre en clorurs comporta que augmenta l&#8217;absorci\u00f3 i assimilaci\u00f3 de nutrients per la planta. <\/p>\n<p>Especialment recomanat per a vivers, floricultura, hort\u00edcoles, fruiters, vinya, etc., principalment en els moments de major desenvolupament vegetatiu, on una aportaci\u00f3 completa i equilibrada facilita el desenvolupament integral de la planta.<\/p>\n","protected":false},"excerpt":{"rendered":"<ul>\n<li><strong>Alta solubilitat<\/strong><\/li>\n<li><strong>R\u00e0pida absorci\u00f3<\/strong><\/li>\n<li><strong>Amb microelements<\/strong><\/li>\n<li><strong>Sense enduriments<\/strong><\/li>\n<\/ul>\n","protected":false},"featured_media":35582,"comment_status":"open","ping_status":"closed","template":"","meta":{"_acf_changed":false},"cultivo":[624,641,664,687,607,625,643,666,688,608,626,644,668,689,609,627,646,670,691,610,628,647,672,693,611,629,648,674,695,612,630,649,676,697,613,631,650,677,698,614,632,652,678,700,615,633,654,679,708,616,634,656,680,709,133,617,635,658,681,710,134,618,636,659,682,602,619,637,661,683,603,620,638,662,684,605,621,639,663,686,606,623],"ecologico":[831],"medioambiente":[846],"solucion":[855,860,865],"tipo-de-aplicacion":[712],"product_brand":[],"product_cat":[981],"product_tag":[],"class_list":{"0":"post-37574","1":"product","2":"type-product","3":"status-publish","4":"has-post-thumbnail","6":"cultivo-mandari","7":"cultivo-fruits-rojos-berries","8":"cultivo-carbasso","9":"cultivo-pebrot","10":"cultivo-ametller","11":"cultivo-poma","12":"cultivo-guayaba","13":"cultivo-carabassa","14":"cultivo-porro","15":"cultivo-avellaner","16":"cultivo-pressec","17":"cultivo-lychee","18":"cultivo-ceba","19":"cultivo-rave","20":"cultivo-caqui","21":"cultivo-codonyer","22":"cultivo-manec","23":"cultivo-col","24":"cultivo-remolatxa","25":"cultivo-castany","26":"cultivo-taronger","27":"cultivo-maracuia","28":"cultivo-cols-de-brusselles","29":"cultivo-rucula","30":"cultivo-cirerer","31":"cultivo-nectarina","32":"cultivo-papaia","33":"cultivo-coliflor","34":"cultivo-sindria","35":"cultivo-prunera","36":"cultivo-noguera","37":"cultivo-pinya","38":"cultivo-escarola","39":"cultivo-soja-verda","40":"cultivo-clementi","41":"cultivo-olivera","42":"cultivo-pitahaya","43":"cultivo-espinac","44":"cultivo-tomaquet","45":"cultivo-granat","46":"cultivo-parra-ornamental","47":"cultivo-tamarindo","48":"cultivo-pesol","49":"cultivo-pastanaga","50":"cultivo-figuera","51":"cultivo-perera","52":"cultivo-te","53":"cultivo-fava-tendra","54":"cultivo-arbres-ornamentals","55":"cultivo-kiwi","56":"cultivo-festuc","57":"cultivo-yuca","58":"cultivo-mongeta-tendra","59":"cultivo-gespedes","60":"cultivo-tropicals","61":"cultivo-llimoner","62":"cultivo-aranja","63":"cultivo-bleda-2","64":"cultivo-enciam","65":"cultivo-flors","66":"cultivo-cacau","67":"cultivo-alvocat","68":"cultivo-videu","69":"cultivo-all","70":"cultivo-melo","71":"cultivo-fruiters","72":"cultivo-bana-platan","73":"cultivo-canya-de-sucre","74":"cultivo-alberginia","75":"cultivo-nap","76":"cultivo-horticoles","77":"cultivo-cafe","78":"cultivo-chirimoya","79":"cultivo-moniato","80":"cultivo-patata","81":"cultivo-parcs-i-jardins","82":"cultivo-carambola","83":"cultivo-coco","84":"cultivo-brocoli","85":"cultivo-cogombre","86":"cultivo-albercoc","87":"cultivo-lima-2","88":"ecologico-no","89":"medioambiente-eficiencia-de-lus-de-nutrients","90":"solucion-deficencia-de-n","91":"solucion-deficencia-de-p","92":"solucion-deficencia-de-k","93":"tipo-de-aplicacion-fertirrigacio","94":"product_cat-npk-hidrosoluble","96":"first","97":"instock","98":"shipping-taxable","99":"product-type-simple"},"acf":[],"_links":{"self":[{"href":"https:\/\/labin.net\/ca\/wp-json\/wp\/v2\/product\/37574","targetHints":{"allow":["GET"]}}],"collection":[{"href":"https:\/\/labin.net\/ca\/wp-json\/wp\/v2\/product"}],"about":[{"href":"https:\/\/labin.net\/ca\/wp-json\/wp\/v2\/types\/product"}],"replies":[{"embeddable":true,"href":"https:\/\/labin.net\/ca\/wp-json\/wp\/v2\/comments?post=37574"}],"wp:featuredmedia":[{"embeddable":true,"href":"https:\/\/labin.net\/ca\/wp-json\/wp\/v2\/media\/35582"}],"wp:attachment":[{"href":"https:\/\/labin.net\/ca\/wp-json\/wp\/v2\/media?parent=37574"}],"wp:term":[{"taxonomy":"cultivo","embeddable":true,"href":"https:\/\/labin.net\/ca\/wp-json\/wp\/v2\/cultivo?post=37574"},{"taxonomy":"ecologico","embeddable":true,"href":"https:\/\/labin.net\/ca\/wp-json\/wp\/v2\/ecologico?post=37574"},{"taxonomy":"medioambiente","embeddable":true,"href":"https:\/\/labin.net\/ca\/wp-json\/wp\/v2\/medioambiente?post=37574"},{"taxonomy":"solucion","embeddable":true,"href":"https:\/\/labin.net\/ca\/wp-json\/wp\/v2\/solucion?post=37574"},{"taxonomy":"tipo-de-aplicacion","embeddable":true,"href":"https:\/\/labin.net\/ca\/wp-json\/wp\/v2\/tipo-de-aplicacion?post=37574"},{"taxonomy":"product_brand","embeddable":true,"href":"https:\/\/labin.net\/ca\/wp-json\/wp\/v2\/product_brand?post=37574"},{"taxonomy":"product_cat","embeddable":true,"href":"https:\/\/labin.net\/ca\/wp-json\/wp\/v2\/product_cat?post=37574"},{"taxonomy":"product_tag","embeddable":true,"href":"https:\/\/labin.net\/ca\/wp-json\/wp\/v2\/product_tag?post=37574"}],"curies":[{"name":"wp","href":"https:\/\/api.w.org\/{rel}","templated":true}]}}