{"id":37573,"date":"2025-12-05T07:28:18","date_gmt":"2025-12-05T07:28:18","guid":{"rendered":"https:labin.net\/producto\/labin-16-8-24\/"},"modified":"2026-01-19T10:29:43","modified_gmt":"2026-01-19T10:29:43","slug":"labin-16-8-24","status":"publish","type":"product","link":"https:\/\/labin.net\/ca\/producto\/labin-16-8-24\/","title":{"rendered":"LABIN 16-8-24"},"content":{"rendered":"<p>Producte en forma de pols cristal\u00b7lina de color rosat especial per aplicar a FERTIRRIGACI\u00d3, en totes les seves variants: degoteig, microaspersi\u00f3, exsudaci\u00f3, etc.<\/p>\n<p>La selecci\u00f3 de les millors mat\u00e8ries primeres ens garanteix una solubilitat elevada i l&#8217;abs\u00e8ncia d&#8217;impureses. A m\u00e9s, el seu especial proc\u00e9s de fabricaci\u00f3 assegura la flu\u00efdesa del producte i evita l&#8217;enduriment.<\/p>\n<p>LABIN 16-8-24 est\u00e0 enriquit amb MICROELEMENTS QUELATATS per garantir l&#8217;abs\u00e8ncia de car\u00e8ncies i el correcte desenvolupament dels cultius, essent el seu pH \u00e0cid per evitar obturacions i bloquejos. El seu contingut nul en UREA garanteix un creixement equilibrat al llarg de tot el cicle del cultiu.<\/p>\n<p>Es pot aplicar en floricultura, vivers, fruiters, hort\u00edcoles, vinya, cultius tropicals, etc.<\/p>\n","protected":false},"excerpt":{"rendered":"<ul>\n<li><strong>Alta solubilitat<\/strong><\/li>\n<li><strong>R\u00e0pida absorci\u00f3<\/strong><\/li>\n<li><strong>Amb microelements<\/strong><\/li>\n<li><strong>Sense enduriments<\/strong><\/li>\n<\/ul>\n","protected":false},"featured_media":35575,"comment_status":"open","ping_status":"closed","template":"","meta":{"_acf_changed":false},"cultivo":[611,628,647,672,693,612,629,648,674,695,613,630,649,676,697,614,631,650,677,698,615,632,652,678,700,616,633,654,679,708,133,617,634,656,680,709,134,618,635,658,681,710,602,619,636,659,682,603,620,637,661,683,605,621,638,662,684,606,623,639,663,686,607,624,641,664,687,608,625,643,666,688,609,626,644,668,689,610,627,646,670,691],"ecologico":[831],"medioambiente":[846],"solucion":[855,860,865],"tipo-de-aplicacion":[712],"product_brand":[],"product_cat":[981],"product_tag":[],"class_list":{"0":"post-37573","1":"product","2":"type-product","3":"status-publish","4":"has-post-thumbnail","6":"cultivo-cirerer","7":"cultivo-taronger","8":"cultivo-maracuia","9":"cultivo-cols-de-brusselles","10":"cultivo-rucula","11":"cultivo-prunera","12":"cultivo-nectarina","13":"cultivo-papaia","14":"cultivo-coliflor","15":"cultivo-sindria","16":"cultivo-clementi","17":"cultivo-noguera","18":"cultivo-pinya","19":"cultivo-escarola","20":"cultivo-soja-verda","21":"cultivo-granat","22":"cultivo-olivera","23":"cultivo-pitahaya","24":"cultivo-espinac","25":"cultivo-tomaquet","26":"cultivo-figuera","27":"cultivo-parra-ornamental","28":"cultivo-tamarindo","29":"cultivo-pesol","30":"cultivo-pastanaga","31":"cultivo-kiwi","32":"cultivo-perera","33":"cultivo-te","34":"cultivo-fava-tendra","35":"cultivo-arbres-ornamentals","36":"cultivo-tropicals","37":"cultivo-llimoner","38":"cultivo-festuc","39":"cultivo-yuca","40":"cultivo-mongeta-tendra","41":"cultivo-gespedes","42":"cultivo-cacau","43":"cultivo-alvocat","44":"cultivo-aranja","45":"cultivo-bleda-2","46":"cultivo-enciam","47":"cultivo-flors","48":"cultivo-fruiters","49":"cultivo-bana-platan","50":"cultivo-videu","51":"cultivo-all","52":"cultivo-melo","53":"cultivo-horticoles","54":"cultivo-cafe","55":"cultivo-canya-de-sucre","56":"cultivo-alberginia","57":"cultivo-nap","58":"cultivo-parcs-i-jardins","59":"cultivo-carambola","60":"cultivo-chirimoya","61":"cultivo-moniato","62":"cultivo-patata","63":"cultivo-albercoc","64":"cultivo-lima-2","65":"cultivo-coco","66":"cultivo-brocoli","67":"cultivo-cogombre","68":"cultivo-ametller","69":"cultivo-mandari","70":"cultivo-fruits-rojos-berries","71":"cultivo-carbasso","72":"cultivo-pebrot","73":"cultivo-avellaner","74":"cultivo-poma","75":"cultivo-guayaba","76":"cultivo-carabassa","77":"cultivo-porro","78":"cultivo-caqui","79":"cultivo-pressec","80":"cultivo-lychee","81":"cultivo-ceba","82":"cultivo-rave","83":"cultivo-castany","84":"cultivo-codonyer","85":"cultivo-manec","86":"cultivo-col","87":"cultivo-remolatxa","88":"ecologico-no","89":"medioambiente-eficiencia-de-lus-de-nutrients","90":"solucion-deficencia-de-n","91":"solucion-deficencia-de-p","92":"solucion-deficencia-de-k","93":"tipo-de-aplicacion-fertirrigacio","94":"product_cat-npk-hidrosoluble","96":"first","97":"instock","98":"shipping-taxable","99":"product-type-simple"},"acf":[],"_links":{"self":[{"href":"https:\/\/labin.net\/ca\/wp-json\/wp\/v2\/product\/37573","targetHints":{"allow":["GET"]}}],"collection":[{"href":"https:\/\/labin.net\/ca\/wp-json\/wp\/v2\/product"}],"about":[{"href":"https:\/\/labin.net\/ca\/wp-json\/wp\/v2\/types\/product"}],"replies":[{"embeddable":true,"href":"https:\/\/labin.net\/ca\/wp-json\/wp\/v2\/comments?post=37573"}],"wp:featuredmedia":[{"embeddable":true,"href":"https:\/\/labin.net\/ca\/wp-json\/wp\/v2\/media\/35575"}],"wp:attachment":[{"href":"https:\/\/labin.net\/ca\/wp-json\/wp\/v2\/media?parent=37573"}],"wp:term":[{"taxonomy":"cultivo","embeddable":true,"href":"https:\/\/labin.net\/ca\/wp-json\/wp\/v2\/cultivo?post=37573"},{"taxonomy":"ecologico","embeddable":true,"href":"https:\/\/labin.net\/ca\/wp-json\/wp\/v2\/ecologico?post=37573"},{"taxonomy":"medioambiente","embeddable":true,"href":"https:\/\/labin.net\/ca\/wp-json\/wp\/v2\/medioambiente?post=37573"},{"taxonomy":"solucion","embeddable":true,"href":"https:\/\/labin.net\/ca\/wp-json\/wp\/v2\/solucion?post=37573"},{"taxonomy":"tipo-de-aplicacion","embeddable":true,"href":"https:\/\/labin.net\/ca\/wp-json\/wp\/v2\/tipo-de-aplicacion?post=37573"},{"taxonomy":"product_brand","embeddable":true,"href":"https:\/\/labin.net\/ca\/wp-json\/wp\/v2\/product_brand?post=37573"},{"taxonomy":"product_cat","embeddable":true,"href":"https:\/\/labin.net\/ca\/wp-json\/wp\/v2\/product_cat?post=37573"},{"taxonomy":"product_tag","embeddable":true,"href":"https:\/\/labin.net\/ca\/wp-json\/wp\/v2\/product_tag?post=37573"}],"curies":[{"name":"wp","href":"https:\/\/api.w.org\/{rel}","templated":true}]}}