{"id":37564,"date":"2025-12-05T07:24:02","date_gmt":"2025-12-05T07:24:02","guid":{"rendered":"https:labin.net\/producto\/labin-10-10-40\/"},"modified":"2026-01-19T10:23:12","modified_gmt":"2026-01-19T10:23:12","slug":"labin-10-10-40","status":"publish","type":"product","link":"https:\/\/labin.net\/ca\/producto\/labin-10-10-40\/","title":{"rendered":"LABIN 10-10-40"},"content":{"rendered":"<p>Producte en forma de pols cristal\u00b7lina de color rosat especial per aplicar a FERTIRRIGACI\u00d3, en totes les seves variants: degoteig, microaspersi\u00f3, exsudaci\u00f3, etc.<\/p>\n<p>La selecci\u00f3 de les millors mat\u00e8ries primeres ens garanteix una solubilitat elevada i l&#8217;abs\u00e8ncia d&#8217;impureses. A m\u00e9s, el seu especial proc\u00e9s de fabricaci\u00f3 assegura la flu\u00efdesa del producte i evita l&#8217;enduriment.<\/p>\n<p>LABIN 10-10-40 est\u00e0 enriquit amb MICROELEMENTS QUELATATS per garantir l&#8217;abs\u00e8ncia de car\u00e8ncies i el correcte desenvolupament dels cultius, sent el seu pH \u00e0cid per evitar obturacions i bloquejos. Recomanat per a tot tipus de cultius i per\u00edodes en qu\u00e8 es requereix una aportaci\u00f3 important de potassi, com pot ser a l&#8217;ENGREIX I MADURACI\u00d3 DELS FRUITS. \u00c9s a dir, en tots aquells per\u00edodes en qu\u00e8 es requereixi un equilibri NPK de nivell 1-1-4.<\/p>\n<p>Es pot aplicar en floricultura, vivers, fruiters, hort\u00edcoles, vinya, cultius tropicals, etc.<\/p>\n","protected":false},"excerpt":{"rendered":"<ul>\n<li><strong>Alta solubilitat<\/strong><\/li>\n<li><strong>R\u00e0pida absorci\u00f3<\/strong><\/li>\n<li><strong>Amb microelements<\/strong><\/li>\n<li><strong>Sense enduriments<\/strong><\/li>\n<\/ul>\n","protected":false},"featured_media":35568,"comment_status":"open","ping_status":"closed","template":"","meta":{"_acf_changed":false},"cultivo":[612,629,648,674,695,613,630,649,676,697,614,631,650,677,698,615,632,652,678,700,616,633,654,679,708,133,617,634,656,680,709,134,618,635,658,681,710,602,619,636,659,682,603,620,637,661,683,605,621,638,662,684,606,623,639,663,686,607,624,641,664,687,608,625,643,666,688,609,626,644,668,689,610,627,646,670,691,611,628,647,672,693],"ecologico":[831],"medioambiente":[846],"solucion":[855,860,865],"tipo-de-aplicacion":[712],"product_brand":[],"product_cat":[981],"product_tag":[],"class_list":{"0":"post-37564","1":"product","2":"type-product","3":"status-publish","4":"has-post-thumbnail","6":"cultivo-prunera","7":"cultivo-nectarina","8":"cultivo-papaia","9":"cultivo-coliflor","10":"cultivo-sindria","11":"cultivo-clementi","12":"cultivo-noguera","13":"cultivo-pinya","14":"cultivo-escarola","15":"cultivo-soja-verda","16":"cultivo-granat","17":"cultivo-olivera","18":"cultivo-pitahaya","19":"cultivo-espinac","20":"cultivo-tomaquet","21":"cultivo-figuera","22":"cultivo-parra-ornamental","23":"cultivo-tamarindo","24":"cultivo-pesol","25":"cultivo-pastanaga","26":"cultivo-kiwi","27":"cultivo-perera","28":"cultivo-te","29":"cultivo-fava-tendra","30":"cultivo-arbres-ornamentals","31":"cultivo-tropicals","32":"cultivo-llimoner","33":"cultivo-festuc","34":"cultivo-yuca","35":"cultivo-mongeta-tendra","36":"cultivo-gespedes","37":"cultivo-cacau","38":"cultivo-alvocat","39":"cultivo-aranja","40":"cultivo-bleda-2","41":"cultivo-enciam","42":"cultivo-flors","43":"cultivo-fruiters","44":"cultivo-bana-platan","45":"cultivo-videu","46":"cultivo-all","47":"cultivo-melo","48":"cultivo-horticoles","49":"cultivo-cafe","50":"cultivo-canya-de-sucre","51":"cultivo-alberginia","52":"cultivo-nap","53":"cultivo-parcs-i-jardins","54":"cultivo-carambola","55":"cultivo-chirimoya","56":"cultivo-moniato","57":"cultivo-patata","58":"cultivo-albercoc","59":"cultivo-lima-2","60":"cultivo-coco","61":"cultivo-brocoli","62":"cultivo-cogombre","63":"cultivo-ametller","64":"cultivo-mandari","65":"cultivo-fruits-rojos-berries","66":"cultivo-carbasso","67":"cultivo-pebrot","68":"cultivo-avellaner","69":"cultivo-poma","70":"cultivo-guayaba","71":"cultivo-carabassa","72":"cultivo-porro","73":"cultivo-caqui","74":"cultivo-pressec","75":"cultivo-lychee","76":"cultivo-ceba","77":"cultivo-rave","78":"cultivo-castany","79":"cultivo-codonyer","80":"cultivo-manec","81":"cultivo-col","82":"cultivo-remolatxa","83":"cultivo-cirerer","84":"cultivo-taronger","85":"cultivo-maracuia","86":"cultivo-cols-de-brusselles","87":"cultivo-rucula","88":"ecologico-no","89":"medioambiente-eficiencia-de-lus-de-nutrients","90":"solucion-deficencia-de-n","91":"solucion-deficencia-de-p","92":"solucion-deficencia-de-k","93":"tipo-de-aplicacion-fertirrigacio","94":"product_cat-npk-hidrosoluble","96":"first","97":"instock","98":"shipping-taxable","99":"product-type-simple"},"acf":[],"_links":{"self":[{"href":"https:\/\/labin.net\/ca\/wp-json\/wp\/v2\/product\/37564","targetHints":{"allow":["GET"]}}],"collection":[{"href":"https:\/\/labin.net\/ca\/wp-json\/wp\/v2\/product"}],"about":[{"href":"https:\/\/labin.net\/ca\/wp-json\/wp\/v2\/types\/product"}],"replies":[{"embeddable":true,"href":"https:\/\/labin.net\/ca\/wp-json\/wp\/v2\/comments?post=37564"}],"wp:featuredmedia":[{"embeddable":true,"href":"https:\/\/labin.net\/ca\/wp-json\/wp\/v2\/media\/35568"}],"wp:attachment":[{"href":"https:\/\/labin.net\/ca\/wp-json\/wp\/v2\/media?parent=37564"}],"wp:term":[{"taxonomy":"cultivo","embeddable":true,"href":"https:\/\/labin.net\/ca\/wp-json\/wp\/v2\/cultivo?post=37564"},{"taxonomy":"ecologico","embeddable":true,"href":"https:\/\/labin.net\/ca\/wp-json\/wp\/v2\/ecologico?post=37564"},{"taxonomy":"medioambiente","embeddable":true,"href":"https:\/\/labin.net\/ca\/wp-json\/wp\/v2\/medioambiente?post=37564"},{"taxonomy":"solucion","embeddable":true,"href":"https:\/\/labin.net\/ca\/wp-json\/wp\/v2\/solucion?post=37564"},{"taxonomy":"tipo-de-aplicacion","embeddable":true,"href":"https:\/\/labin.net\/ca\/wp-json\/wp\/v2\/tipo-de-aplicacion?post=37564"},{"taxonomy":"product_brand","embeddable":true,"href":"https:\/\/labin.net\/ca\/wp-json\/wp\/v2\/product_brand?post=37564"},{"taxonomy":"product_cat","embeddable":true,"href":"https:\/\/labin.net\/ca\/wp-json\/wp\/v2\/product_cat?post=37564"},{"taxonomy":"product_tag","embeddable":true,"href":"https:\/\/labin.net\/ca\/wp-json\/wp\/v2\/product_tag?post=37564"}],"curies":[{"name":"wp","href":"https:\/\/api.w.org\/{rel}","templated":true}]}}