{"id":37561,"date":"2025-12-04T16:41:16","date_gmt":"2025-12-04T16:41:16","guid":{"rendered":"https:labin.net\/producto\/labipack-olivera-creixement\/"},"modified":"2026-01-19T11:45:42","modified_gmt":"2026-01-19T11:45:42","slug":"labipack-olivo-crecimiento","status":"publish","type":"product","link":"https:\/\/labin.net\/ca\/producto\/labipack-olivo-crecimiento\/","title":{"rendered":"LABIPACK OLIVO CRECIMIENTO"},"content":{"rendered":"<p>Adob foliar que aporta els macro, meso i microelements necessaris per al desenvolupament de l&#8217;oliverar a la fase de creixement vegetatiu. A m\u00e9s, la incorporaci\u00f3 dels amino\u00e0cids lliures provoca una estimulaci\u00f3 general al cos de l&#8217;arbre perqu\u00e8 assimili i transporti millor els nutrients que aportem en la fertilitzaci\u00f3. \u00c9s un producte <b>COMPLET<\/b> que integra en un sol formulat els nutrients que s&#8217;apliquen habitualment per separat al m\u00f3n de l&#8217;olivera. Amb <b>LABIPACK OLIVO CRECIMIENTO<\/b>\u00a0<b>aconseguim una forta sinergia entre ells, aconseguint millors resultats.<\/b> A m\u00e9s, guanyem en comoditat. Afegim un sol producte als tractaments, reduint aix\u00ed els costos econ\u00f2mics que comporta.<\/p>\n<p>Tamb\u00e9 guanyem en efic\u00e0cia. <b>La formulaci\u00f3 del producte aconsegueix una sinergia molt important dels seus components, per la qual cosa els resultats s\u00f3n millors que si apliqu\u00e9ssim els productes per separat. <\/b>D&#8217;altra banda, l&#8217;olivera \u00e9s un cultiu que aprofita molt b\u00e9 els nutrients que s&#8217;apliquen per via foliar. Podem aprofitar aquesta qualitat per aconseguir millors rendiments, sobretot <b>en per\u00edodes de sequera.<\/b><\/p>\n","protected":false},"excerpt":{"rendered":"<ul>\n<li><b>Aplicaci\u00f3 foliar completa<\/b><\/li>\n<li><b>Tot en un sol producte<\/b><\/li>\n<li><b>Enriquit amb amino\u00e0cids i microelements<\/b><\/li>\n<li><b>Totalment soluble<\/b><\/li>\n<li><b>Major sinergia a l&#8217;arbre <\/b><\/li>\n<\/ul>\n","protected":false},"featured_media":35532,"comment_status":"open","ping_status":"closed","template":"","meta":{"_acf_changed":false},"cultivo":[631],"ecologico":[831],"medioambiente":[846],"solucion":[855,860,865,879],"tipo-de-aplicacion":[712,781],"product_brand":[],"product_cat":[1009],"product_tag":[],"class_list":{"0":"post-37561","1":"product","2":"type-product","3":"status-publish","4":"has-post-thumbnail","6":"cultivo-olivera","7":"ecologico-no","8":"medioambiente-eficiencia-de-lus-de-nutrients","9":"solucion-deficencia-de-n","10":"solucion-deficencia-de-p","11":"solucion-deficencia-de-k","12":"solucion-deficencia-de-micros","13":"tipo-de-aplicacion-fertirrigacio","14":"tipo-de-aplicacion-foliar","15":"product_cat-especialitats","17":"first","18":"instock","19":"shipping-taxable","20":"product-type-simple"},"acf":[],"_links":{"self":[{"href":"https:\/\/labin.net\/ca\/wp-json\/wp\/v2\/product\/37561","targetHints":{"allow":["GET"]}}],"collection":[{"href":"https:\/\/labin.net\/ca\/wp-json\/wp\/v2\/product"}],"about":[{"href":"https:\/\/labin.net\/ca\/wp-json\/wp\/v2\/types\/product"}],"replies":[{"embeddable":true,"href":"https:\/\/labin.net\/ca\/wp-json\/wp\/v2\/comments?post=37561"}],"wp:featuredmedia":[{"embeddable":true,"href":"https:\/\/labin.net\/ca\/wp-json\/wp\/v2\/media\/35532"}],"wp:attachment":[{"href":"https:\/\/labin.net\/ca\/wp-json\/wp\/v2\/media?parent=37561"}],"wp:term":[{"taxonomy":"cultivo","embeddable":true,"href":"https:\/\/labin.net\/ca\/wp-json\/wp\/v2\/cultivo?post=37561"},{"taxonomy":"ecologico","embeddable":true,"href":"https:\/\/labin.net\/ca\/wp-json\/wp\/v2\/ecologico?post=37561"},{"taxonomy":"medioambiente","embeddable":true,"href":"https:\/\/labin.net\/ca\/wp-json\/wp\/v2\/medioambiente?post=37561"},{"taxonomy":"solucion","embeddable":true,"href":"https:\/\/labin.net\/ca\/wp-json\/wp\/v2\/solucion?post=37561"},{"taxonomy":"tipo-de-aplicacion","embeddable":true,"href":"https:\/\/labin.net\/ca\/wp-json\/wp\/v2\/tipo-de-aplicacion?post=37561"},{"taxonomy":"product_brand","embeddable":true,"href":"https:\/\/labin.net\/ca\/wp-json\/wp\/v2\/product_brand?post=37561"},{"taxonomy":"product_cat","embeddable":true,"href":"https:\/\/labin.net\/ca\/wp-json\/wp\/v2\/product_cat?post=37561"},{"taxonomy":"product_tag","embeddable":true,"href":"https:\/\/labin.net\/ca\/wp-json\/wp\/v2\/product_tag?post=37561"}],"curies":[{"name":"wp","href":"https:\/\/api.w.org\/{rel}","templated":true}]}}