{"id":37556,"date":"2025-12-04T16:15:11","date_gmt":"2025-12-04T16:15:11","guid":{"rendered":"https:labin.net\/producto\/quelabin-polimicr\/"},"modified":"2026-01-15T16:38:34","modified_gmt":"2026-01-15T16:38:34","slug":"quelabin-polimicro","status":"publish","type":"product","link":"https:\/\/labin.net\/ca\/producto\/quelabin-polimicro\/","title":{"rendered":"QUELABIN POLIMICRO"},"content":{"rendered":"<p>La gamma <b>QUELABIN<\/b> ofereix <b>microelements quelatats i complexats en forma l\u00edquida, per a aplicaci\u00f3 tant foliar com per fertirrigaci\u00f3<\/b>.<\/p>\n<p>La seva formulaci\u00f3 especial garanteix una perfecta assimilaci\u00f3 i solubilitat. Fertilitzant <b>l\u00edquid per a aplicaci\u00f3 de magnesi, bor, coure, ferro, mangan\u00e8s, molibd\u00e8, zinc per a aplicaci\u00f3 via foliar, hidroponia o per fertirrigaci\u00f3.<\/b> Els diferents microelements estan en proporcions equilibrades per sumar-ne els efectes i que cap pugui arribar a ser perjudicial per exc\u00e9s.<\/p>\n","protected":false},"excerpt":{"rendered":"<ul>\n<li><b>Barreja de micronutrients quelatats<\/b><\/li>\n<li><b> Alta assimilaci\u00f3 i efic\u00e0cia<\/b><\/li>\n<li><b> Preventiu i curatiu de car\u00e8ncies<\/b><\/li>\n<\/ul>\n","protected":false},"featured_media":35510,"comment_status":"open","ping_status":"closed","template":"","meta":{"_acf_changed":false},"cultivo":[605,621,638,662,684,709,606,623,639,663,686,710,607,624,641,664,687,608,625,643,666,688,609,626,644,668,689,610,627,646,670,691,611,628,647,672,693,612,629,648,674,695,613,630,649,676,697,614,631,650,677,698,615,632,652,678,700,133,616,633,654,679,702,134,617,634,656,680,704,602,618,635,658,681,706,603,619,636,659,682,707,604,620,637,661,683,708],"ecologico":[831],"medioambiente":[846],"solucion":[879],"tipo-de-aplicacion":[781,783,784],"product_brand":[],"product_cat":[1022],"product_tag":[],"class_list":{"0":"post-37556","1":"product","2":"type-product","3":"status-publish","4":"has-post-thumbnail","6":"cultivo-parcs-i-jardins","7":"cultivo-carambola","8":"cultivo-chirimoya","9":"cultivo-moniato","10":"cultivo-patata","11":"cultivo-gespedes","12":"cultivo-albercoc","13":"cultivo-lima-2","14":"cultivo-coco","15":"cultivo-brocoli","16":"cultivo-cogombre","17":"cultivo-flors","18":"cultivo-ametller","19":"cultivo-mandari","20":"cultivo-fruits-rojos-berries","21":"cultivo-carbasso","22":"cultivo-pebrot","23":"cultivo-avellaner","24":"cultivo-poma","25":"cultivo-guayaba","26":"cultivo-carabassa","27":"cultivo-porro","28":"cultivo-caqui","29":"cultivo-pressec","30":"cultivo-lychee","31":"cultivo-ceba","32":"cultivo-rave","33":"cultivo-castany","34":"cultivo-codonyer","35":"cultivo-manec","36":"cultivo-col","37":"cultivo-remolatxa","38":"cultivo-cirerer","39":"cultivo-taronger","40":"cultivo-maracuia","41":"cultivo-cols-de-brusselles","42":"cultivo-rucula","43":"cultivo-prunera","44":"cultivo-nectarina","45":"cultivo-papaia","46":"cultivo-coliflor","47":"cultivo-sindria","48":"cultivo-clementi","49":"cultivo-noguera","50":"cultivo-pinya","51":"cultivo-escarola","52":"cultivo-soja-verda","53":"cultivo-granat","54":"cultivo-olivera","55":"cultivo-pitahaya","56":"cultivo-espinac","57":"cultivo-tomaquet","58":"cultivo-figuera","59":"cultivo-parra-ornamental","60":"cultivo-tamarindo","61":"cultivo-pesol","62":"cultivo-pastanaga","63":"cultivo-tropicals","64":"cultivo-kiwi","65":"cultivo-perera","66":"cultivo-te","67":"cultivo-fava-tendra","68":"cultivo-cereals","69":"cultivo-cacau","70":"cultivo-llimoner","71":"cultivo-festuc","72":"cultivo-yuca","73":"cultivo-mongeta-tendra","74":"cultivo-farratgeres-i-pastures","75":"cultivo-fruiters","76":"cultivo-alvocat","77":"cultivo-aranja","78":"cultivo-bleda-2","79":"cultivo-enciam","80":"cultivo-lleguminoses-extensives-2","81":"cultivo-horticoles","82":"cultivo-bana-platan","83":"cultivo-videu","84":"cultivo-all","85":"cultivo-melo","86":"cultivo-oleaginoses","87":"cultivo-extensius","88":"cultivo-cafe","89":"cultivo-canya-de-sucre","90":"cultivo-alberginia","91":"cultivo-nap","92":"cultivo-arbres-ornamentals","93":"ecologico-no","94":"medioambiente-eficiencia-de-lus-de-nutrients","95":"solucion-deficencia-de-micros","96":"tipo-de-aplicacion-foliar","97":"tipo-de-aplicacion-dron","98":"tipo-de-aplicacion-avioneta","99":"product_cat-quelats","101":"first","102":"instock","103":"shipping-taxable","104":"product-type-simple"},"acf":[],"_links":{"self":[{"href":"https:\/\/labin.net\/ca\/wp-json\/wp\/v2\/product\/37556","targetHints":{"allow":["GET"]}}],"collection":[{"href":"https:\/\/labin.net\/ca\/wp-json\/wp\/v2\/product"}],"about":[{"href":"https:\/\/labin.net\/ca\/wp-json\/wp\/v2\/types\/product"}],"replies":[{"embeddable":true,"href":"https:\/\/labin.net\/ca\/wp-json\/wp\/v2\/comments?post=37556"}],"wp:featuredmedia":[{"embeddable":true,"href":"https:\/\/labin.net\/ca\/wp-json\/wp\/v2\/media\/35510"}],"wp:attachment":[{"href":"https:\/\/labin.net\/ca\/wp-json\/wp\/v2\/media?parent=37556"}],"wp:term":[{"taxonomy":"cultivo","embeddable":true,"href":"https:\/\/labin.net\/ca\/wp-json\/wp\/v2\/cultivo?post=37556"},{"taxonomy":"ecologico","embeddable":true,"href":"https:\/\/labin.net\/ca\/wp-json\/wp\/v2\/ecologico?post=37556"},{"taxonomy":"medioambiente","embeddable":true,"href":"https:\/\/labin.net\/ca\/wp-json\/wp\/v2\/medioambiente?post=37556"},{"taxonomy":"solucion","embeddable":true,"href":"https:\/\/labin.net\/ca\/wp-json\/wp\/v2\/solucion?post=37556"},{"taxonomy":"tipo-de-aplicacion","embeddable":true,"href":"https:\/\/labin.net\/ca\/wp-json\/wp\/v2\/tipo-de-aplicacion?post=37556"},{"taxonomy":"product_brand","embeddable":true,"href":"https:\/\/labin.net\/ca\/wp-json\/wp\/v2\/product_brand?post=37556"},{"taxonomy":"product_cat","embeddable":true,"href":"https:\/\/labin.net\/ca\/wp-json\/wp\/v2\/product_cat?post=37556"},{"taxonomy":"product_tag","embeddable":true,"href":"https:\/\/labin.net\/ca\/wp-json\/wp\/v2\/product_tag?post=37556"}],"curies":[{"name":"wp","href":"https:\/\/api.w.org\/{rel}","templated":true}]}}