{"id":37551,"date":"2025-12-10T11:19:14","date_gmt":"2025-12-10T11:19:14","guid":{"rendered":"https:labin.net\/producto\/labifol-potasico-30v\/"},"modified":"2026-01-19T12:48:59","modified_gmt":"2026-01-19T12:48:59","slug":"labifol-potasico-33v","status":"publish","type":"product","link":"https:\/\/labin.net\/ca\/producto\/labifol-potasico-33v\/","title":{"rendered":"LABIFOL POTASICO 33V"},"content":{"rendered":"<p>Adob l\u00edquid, de color verd\u00f3s, amb un alt contingut en potassi, miscible en aigua i totalment assimilable, que est\u00e0 especialment indicat per a per\u00edodes de <b>CREIXEMENT i MADURACI\u00d3 DEL FRUIT<\/b>.<\/p>\n<p><b>LABIFOL POTASICO 33V<\/b> est\u00e0 enriquit amb amino\u00e0cids i bor perqu\u00e8 el potassi sigui m\u00e9s <b>actiu, eficient i translocable<\/b> dins la planta. Amb aquest fertilitzant aconseguim augmentar el calibre i el contingut en sucres, facilitant una adequada maduraci\u00f3 i millorant les caracter\u00edstiques organol\u00e8ptiques del fruit.<\/p>\n<p>En el cas de l&#8217;olivera tamb\u00e9 augmenta el <b>contingut gras i la lipog\u00e8nesi del fruit<\/b>; i per tant el rendiment de la collita. <b>Pot ser aplicat tant per via foliar com a radicular en fertirrigaci\u00f3.<\/b><\/p>\n","protected":false},"excerpt":{"rendered":"<ul>\n<li><b>Alt contingut de potassi<\/b><\/li>\n<li><b>Major<\/b> <b>assimilaci\u00f3<\/b> <b>i<\/b> <b>translocaci\u00f3<\/b><b>\u200b<\/b><\/li>\n<li><b>Millora de la maduraci\u00f3<\/b> <b>i<\/b> <b>engreixament<\/b><\/li>\n<li><b>Major contingut de sucres <\/b><\/li>\n<li><b>Aplicable<\/b> <b>per<\/b> <b>foliar<\/b> <b>i<\/b> <b>radicular<\/b><\/li>\n<li><b>Major rendiment en olivera<\/b><\/li>\n<\/ul>\n","protected":false},"featured_media":36443,"comment_status":"closed","ping_status":"closed","template":"","meta":{"_acf_changed":false},"cultivo":[607,624,641,664,687,608,625,643,666,688,609,626,644,668,689,610,627,646,670,691,611,628,647,672,693,612,629,648,674,695,613,630,649,676,697,614,631,650,677,698,615,632,652,678,700,133,616,633,654,679,702,134,617,634,656,680,704,602,618,635,658,681,706,603,619,636,659,682,707,604,620,637,661,683,708,605,621,638,662,684,709,606,623,639,663,686,710],"ecologico":[831],"medioambiente":[846],"solucion":[860,919],"tipo-de-aplicacion":[712,781],"product_brand":[],"product_cat":[976],"product_tag":[],"class_list":{"0":"post-37551","1":"product","2":"type-product","3":"status-publish","4":"has-post-thumbnail","6":"cultivo-ametller","7":"cultivo-mandari","8":"cultivo-fruits-rojos-berries","9":"cultivo-carbasso","10":"cultivo-pebrot","11":"cultivo-avellaner","12":"cultivo-poma","13":"cultivo-guayaba","14":"cultivo-carabassa","15":"cultivo-porro","16":"cultivo-caqui","17":"cultivo-pressec","18":"cultivo-lychee","19":"cultivo-ceba","20":"cultivo-rave","21":"cultivo-castany","22":"cultivo-codonyer","23":"cultivo-manec","24":"cultivo-col","25":"cultivo-remolatxa","26":"cultivo-cirerer","27":"cultivo-taronger","28":"cultivo-maracuia","29":"cultivo-cols-de-brusselles","30":"cultivo-rucula","31":"cultivo-prunera","32":"cultivo-nectarina","33":"cultivo-papaia","34":"cultivo-coliflor","35":"cultivo-sindria","36":"cultivo-clementi","37":"cultivo-noguera","38":"cultivo-pinya","39":"cultivo-escarola","40":"cultivo-soja-verda","41":"cultivo-granat","42":"cultivo-olivera","43":"cultivo-pitahaya","44":"cultivo-espinac","45":"cultivo-tomaquet","46":"cultivo-figuera","47":"cultivo-parra-ornamental","48":"cultivo-tamarindo","49":"cultivo-pesol","50":"cultivo-pastanaga","51":"cultivo-tropicals","52":"cultivo-kiwi","53":"cultivo-perera","54":"cultivo-te","55":"cultivo-fava-tendra","56":"cultivo-cereals","57":"cultivo-cacau","58":"cultivo-llimoner","59":"cultivo-festuc","60":"cultivo-yuca","61":"cultivo-mongeta-tendra","62":"cultivo-farratgeres-i-pastures","63":"cultivo-fruiters","64":"cultivo-alvocat","65":"cultivo-aranja","66":"cultivo-bleda-2","67":"cultivo-enciam","68":"cultivo-lleguminoses-extensives-2","69":"cultivo-horticoles","70":"cultivo-bana-platan","71":"cultivo-videu","72":"cultivo-all","73":"cultivo-melo","74":"cultivo-oleaginoses","75":"cultivo-extensius","76":"cultivo-cafe","77":"cultivo-canya-de-sucre","78":"cultivo-alberginia","79":"cultivo-nap","80":"cultivo-arbres-ornamentals","81":"cultivo-parcs-i-jardins","82":"cultivo-carambola","83":"cultivo-chirimoya","84":"cultivo-moniato","85":"cultivo-patata","86":"cultivo-gespedes","87":"cultivo-albercoc","88":"cultivo-lima-2","89":"cultivo-coco","90":"cultivo-brocoli","91":"cultivo-cogombre","92":"cultivo-flors","93":"ecologico-no","94":"medioambiente-eficiencia-de-lus-de-nutrients","95":"solucion-deficencia-de-p","96":"solucion-engreix-del-fruit","97":"tipo-de-aplicacion-fertirrigacio","98":"tipo-de-aplicacion-foliar","99":"product_cat-corrector-de-carencies","101":"first","102":"instock","103":"shipping-taxable","104":"product-type-simple"},"acf":[],"_links":{"self":[{"href":"https:\/\/labin.net\/ca\/wp-json\/wp\/v2\/product\/37551","targetHints":{"allow":["GET"]}}],"collection":[{"href":"https:\/\/labin.net\/ca\/wp-json\/wp\/v2\/product"}],"about":[{"href":"https:\/\/labin.net\/ca\/wp-json\/wp\/v2\/types\/product"}],"replies":[{"embeddable":true,"href":"https:\/\/labin.net\/ca\/wp-json\/wp\/v2\/comments?post=37551"}],"wp:featuredmedia":[{"embeddable":true,"href":"https:\/\/labin.net\/ca\/wp-json\/wp\/v2\/media\/36443"}],"wp:attachment":[{"href":"https:\/\/labin.net\/ca\/wp-json\/wp\/v2\/media?parent=37551"}],"wp:term":[{"taxonomy":"cultivo","embeddable":true,"href":"https:\/\/labin.net\/ca\/wp-json\/wp\/v2\/cultivo?post=37551"},{"taxonomy":"ecologico","embeddable":true,"href":"https:\/\/labin.net\/ca\/wp-json\/wp\/v2\/ecologico?post=37551"},{"taxonomy":"medioambiente","embeddable":true,"href":"https:\/\/labin.net\/ca\/wp-json\/wp\/v2\/medioambiente?post=37551"},{"taxonomy":"solucion","embeddable":true,"href":"https:\/\/labin.net\/ca\/wp-json\/wp\/v2\/solucion?post=37551"},{"taxonomy":"tipo-de-aplicacion","embeddable":true,"href":"https:\/\/labin.net\/ca\/wp-json\/wp\/v2\/tipo-de-aplicacion?post=37551"},{"taxonomy":"product_brand","embeddable":true,"href":"https:\/\/labin.net\/ca\/wp-json\/wp\/v2\/product_brand?post=37551"},{"taxonomy":"product_cat","embeddable":true,"href":"https:\/\/labin.net\/ca\/wp-json\/wp\/v2\/product_cat?post=37551"},{"taxonomy":"product_tag","embeddable":true,"href":"https:\/\/labin.net\/ca\/wp-json\/wp\/v2\/product_tag?post=37551"}],"curies":[{"name":"wp","href":"https:\/\/api.w.org\/{rel}","templated":true}]}}