{"id":37542,"date":"2025-12-05T11:01:27","date_gmt":"2025-12-05T11:01:27","guid":{"rendered":"https:labin.net\/producto\/labin-ecocomplet\/"},"modified":"2025-12-05T11:01:27","modified_gmt":"2025-12-05T11:01:27","slug":"labin-ecocomplet","status":"publish","type":"product","link":"https:\/\/labin.net\/ca\/producto\/labin-ecocomplet\/","title":{"rendered":"LABIN ECOCOMPLET"},"content":{"rendered":"<p><strong>LABIN ECOCOMPLET<\/strong> \u00e9s un fertilitzant l\u00edquid NPK amb mat\u00e8ria org\u00e0nica i amino\u00e0cids. Donat el seu nivell NPK 3-5-5 \u00e9s ideal per a estadis fenol\u00f2gics que requereixin m\u00e9s aportaci\u00f3 de f\u00f2sfor i potassi com s\u00f3n l&#8217;arrelament del cultiu, floraci\u00f3, quallat i desenvolupament i maduraci\u00f3 del fruit. <\/p>\n<p>\u00c9s una important font de f\u00f2sfor ecol\u00f2gic.<\/p>\n<p>Amb l&#8217;aplicaci\u00f3 del producte, aconseguirem els seg\u00fcents punts al nostre cultiu:<\/p>\n<ul>\n<li>Potencia la floraci\u00f3 i redueix la caiguda\/avortament de fruits quallats.<\/li>\n<li>Estimula el creixement de la planta, millorant la s\u00edntesi de la mol\u00e8cula de clorofil\u00b7la.<\/li>\n<li>Afavoreix la resist\u00e8ncia de la planta davant de situacions d&#8217;estr\u00e8s de baixa temperatura.<\/li>\n<\/ul>\n","protected":false},"excerpt":{"rendered":"<ul>\n<li>NPK amb amino\u00e0cids i mat\u00e8ria org\u00e0nica<\/li>\n<li>Font de f\u00f2sfor ecol\u00f2gic l\u00edquid<\/li>\n<li>Millora el quallat del fruit i n&#8217;evita l&#8217;abscisi\u00f3<\/li>\n<li>Promou la vida microbiana del terra<\/li>\n<li>Utilitzable en Agricultura Ecol\u00f2gica<\/li>\n<\/ul>\n","protected":false},"featured_media":36194,"comment_status":"closed","ping_status":"closed","template":"","meta":{"_acf_changed":false},"cultivo":[615,632,652,678,700,133,616,633,654,679,702,134,617,634,656,680,704,602,618,635,658,681,706,603,619,636,659,682,707,604,620,637,661,683,708,605,621,638,662,684,709,606,623,639,663,686,710,607,624,641,664,687,608,625,643,666,688,609,626,644,668,689,610,627,646,670,691,611,628,647,672,693,612,629,648,674,695,613,630,649,676,697,614,631,650,677,698],"ecologico":[827],"medioambiente":[846],"solucion":[931,934,944],"tipo-de-aplicacion":[712,781,783,784],"product_brand":[],"product_cat":[971],"product_tag":[],"class_list":{"0":"post-37542","1":"product","2":"type-product","3":"status-publish","4":"has-post-thumbnail","6":"cultivo-figuera","7":"cultivo-parra-ornamental","8":"cultivo-tamarindo","9":"cultivo-pesol","10":"cultivo-pastanaga","11":"cultivo-tropicals","12":"cultivo-kiwi","13":"cultivo-perera","14":"cultivo-te","15":"cultivo-fava-tendra","16":"cultivo-cereals","17":"cultivo-cacau","18":"cultivo-llimoner","19":"cultivo-festuc","20":"cultivo-yuca","21":"cultivo-mongeta-tendra","22":"cultivo-farratgeres-i-pastures","23":"cultivo-fruiters","24":"cultivo-alvocat","25":"cultivo-aranja","26":"cultivo-bleda-2","27":"cultivo-enciam","28":"cultivo-lleguminoses-extensives-2","29":"cultivo-horticoles","30":"cultivo-bana-platan","31":"cultivo-videu","32":"cultivo-all","33":"cultivo-melo","34":"cultivo-oleaginoses","35":"cultivo-extensius","36":"cultivo-cafe","37":"cultivo-canya-de-sucre","38":"cultivo-alberginia","39":"cultivo-nap","40":"cultivo-arbres-ornamentals","41":"cultivo-parcs-i-jardins","42":"cultivo-carambola","43":"cultivo-chirimoya","44":"cultivo-moniato","45":"cultivo-patata","46":"cultivo-gespedes","47":"cultivo-albercoc","48":"cultivo-lima-2","49":"cultivo-coco","50":"cultivo-brocoli","51":"cultivo-cogombre","52":"cultivo-flors","53":"cultivo-ametller","54":"cultivo-mandari","55":"cultivo-fruits-rojos-berries","56":"cultivo-carbasso","57":"cultivo-pebrot","58":"cultivo-avellaner","59":"cultivo-poma","60":"cultivo-guayaba","61":"cultivo-carabassa","62":"cultivo-porro","63":"cultivo-caqui","64":"cultivo-pressec","65":"cultivo-lychee","66":"cultivo-ceba","67":"cultivo-rave","68":"cultivo-castany","69":"cultivo-codonyer","70":"cultivo-manec","71":"cultivo-col","72":"cultivo-remolatxa","73":"cultivo-cirerer","74":"cultivo-taronger","75":"cultivo-maracuia","76":"cultivo-cols-de-brusselles","77":"cultivo-rucula","78":"cultivo-prunera","79":"cultivo-nectarina","80":"cultivo-papaia","81":"cultivo-coliflor","82":"cultivo-sindria","83":"cultivo-clementi","84":"cultivo-noguera","85":"cultivo-pinya","86":"cultivo-escarola","87":"cultivo-soja-verda","88":"cultivo-granat","89":"cultivo-olivera","90":"cultivo-pitahaya","91":"cultivo-espinac","92":"cultivo-tomaquet","93":"ecologico-si","94":"medioambiente-eficiencia-de-lus-de-nutrients","95":"solucion-estres-abiotic","96":"solucion-millora-postcollita","97":"solucion-augment-qualitat-fruit","98":"tipo-de-aplicacion-fertirrigacio","99":"tipo-de-aplicacion-foliar","100":"tipo-de-aplicacion-dron","101":"tipo-de-aplicacion-avioneta","102":"product_cat-bioestimulant","104":"first","105":"instock","106":"shipping-taxable","107":"product-type-simple"},"acf":[],"_links":{"self":[{"href":"https:\/\/labin.net\/ca\/wp-json\/wp\/v2\/product\/37542","targetHints":{"allow":["GET"]}}],"collection":[{"href":"https:\/\/labin.net\/ca\/wp-json\/wp\/v2\/product"}],"about":[{"href":"https:\/\/labin.net\/ca\/wp-json\/wp\/v2\/types\/product"}],"replies":[{"embeddable":true,"href":"https:\/\/labin.net\/ca\/wp-json\/wp\/v2\/comments?post=37542"}],"wp:featuredmedia":[{"embeddable":true,"href":"https:\/\/labin.net\/ca\/wp-json\/wp\/v2\/media\/36194"}],"wp:attachment":[{"href":"https:\/\/labin.net\/ca\/wp-json\/wp\/v2\/media?parent=37542"}],"wp:term":[{"taxonomy":"cultivo","embeddable":true,"href":"https:\/\/labin.net\/ca\/wp-json\/wp\/v2\/cultivo?post=37542"},{"taxonomy":"ecologico","embeddable":true,"href":"https:\/\/labin.net\/ca\/wp-json\/wp\/v2\/ecologico?post=37542"},{"taxonomy":"medioambiente","embeddable":true,"href":"https:\/\/labin.net\/ca\/wp-json\/wp\/v2\/medioambiente?post=37542"},{"taxonomy":"solucion","embeddable":true,"href":"https:\/\/labin.net\/ca\/wp-json\/wp\/v2\/solucion?post=37542"},{"taxonomy":"tipo-de-aplicacion","embeddable":true,"href":"https:\/\/labin.net\/ca\/wp-json\/wp\/v2\/tipo-de-aplicacion?post=37542"},{"taxonomy":"product_brand","embeddable":true,"href":"https:\/\/labin.net\/ca\/wp-json\/wp\/v2\/product_brand?post=37542"},{"taxonomy":"product_cat","embeddable":true,"href":"https:\/\/labin.net\/ca\/wp-json\/wp\/v2\/product_cat?post=37542"},{"taxonomy":"product_tag","embeddable":true,"href":"https:\/\/labin.net\/ca\/wp-json\/wp\/v2\/product_tag?post=37542"}],"curies":[{"name":"wp","href":"https:\/\/api.w.org\/{rel}","templated":true}]}}