{"id":37541,"date":"2025-12-05T11:01:27","date_gmt":"2025-12-05T11:01:27","guid":{"rendered":"https:labin.net\/producto\/labinor-4-6-12\/"},"modified":"2026-01-19T10:49:05","modified_gmt":"2026-01-19T10:49:05","slug":"labinor-4-6-12","status":"publish","type":"product","link":"https:\/\/labin.net\/ca\/producto\/labinor-4-6-12\/","title":{"rendered":"LABINOR 4-6-12"},"content":{"rendered":"<p><strong>LABINOR 4-6-12<\/strong> \u00e9s un adob organomineral NPK presentat en forma de granulat, especialment indicat per satisfer les necessitats de nitrogen <strong>a l&#8217;Agricultura Ecol\u00f2gica.<\/strong> Pel seu <strong>proc\u00e9s de granulaci\u00f3 en fred<\/strong>, i a difer\u00e8ncia del p\u00e8l\u00b7let, \u00e9s molt sensible a la humitat del s\u00f2l, per la qual cosa presenta un <u>r\u00e0pid inici d&#8217;alliberament<\/u>. La seva forma granular permet una aplicaci\u00f3 f\u00e0cil i la utilitzaci\u00f3 en qualsevol tipus d&#8217;adobadora.<\/p>\n<p>Gr\u00e0cies a la seva uni\u00f3 amb la mat\u00e8ria org\u00e0nica, l&#8217;alliberament del nitrogen es produeix de <u>manera gradual<\/u>. L&#8217;assimilaci\u00f3 del f\u00f2sfor i el potassi tamb\u00e9 es veu afavorida pel contingut de mat\u00e8ria org\u00e0nica.<\/p>\n","protected":false},"excerpt":{"rendered":"<ul>\n<li>Abonament organomineral triple amb nivell NPK 1-1,5-3<\/li>\n<li>Major rendiment amb la mat\u00e8ria org\u00e0nica<\/li>\n<li>Utilitzable en Agricultura Ecol\u00f2gica<\/li>\n<\/ul>\n","protected":false},"featured_media":36182,"comment_status":"closed","ping_status":"closed","template":"","meta":{"_acf_changed":false},"cultivo":[608,625,643,666,688,609,626,644,668,689,610,627,646,670,691,611,628,647,672,693,612,629,648,674,695,613,630,649,676,697,614,631,650,677,698,615,632,652,678,700,133,616,633,654,679,702,134,617,634,656,680,704,602,618,635,658,681,706,603,619,636,659,682,707,604,620,637,661,683,708,605,621,638,662,684,709,606,623,639,663,686,710,607,624,641,664,687],"ecologico":[827],"medioambiente":[835,846],"solucion":[939],"tipo-de-aplicacion":[711],"product_brand":[],"product_cat":[985],"product_tag":[],"class_list":{"0":"post-37541","1":"product","2":"type-product","3":"status-publish","4":"has-post-thumbnail","6":"cultivo-avellaner","7":"cultivo-poma","8":"cultivo-guayaba","9":"cultivo-carabassa","10":"cultivo-porro","11":"cultivo-caqui","12":"cultivo-pressec","13":"cultivo-lychee","14":"cultivo-ceba","15":"cultivo-rave","16":"cultivo-castany","17":"cultivo-codonyer","18":"cultivo-manec","19":"cultivo-col","20":"cultivo-remolatxa","21":"cultivo-cirerer","22":"cultivo-taronger","23":"cultivo-maracuia","24":"cultivo-cols-de-brusselles","25":"cultivo-rucula","26":"cultivo-prunera","27":"cultivo-nectarina","28":"cultivo-papaia","29":"cultivo-coliflor","30":"cultivo-sindria","31":"cultivo-clementi","32":"cultivo-noguera","33":"cultivo-pinya","34":"cultivo-escarola","35":"cultivo-soja-verda","36":"cultivo-granat","37":"cultivo-olivera","38":"cultivo-pitahaya","39":"cultivo-espinac","40":"cultivo-tomaquet","41":"cultivo-figuera","42":"cultivo-parra-ornamental","43":"cultivo-tamarindo","44":"cultivo-pesol","45":"cultivo-pastanaga","46":"cultivo-tropicals","47":"cultivo-kiwi","48":"cultivo-perera","49":"cultivo-te","50":"cultivo-fava-tendra","51":"cultivo-cereals","52":"cultivo-cacau","53":"cultivo-llimoner","54":"cultivo-festuc","55":"cultivo-yuca","56":"cultivo-mongeta-tendra","57":"cultivo-farratgeres-i-pastures","58":"cultivo-fruiters","59":"cultivo-alvocat","60":"cultivo-aranja","61":"cultivo-bleda-2","62":"cultivo-enciam","63":"cultivo-lleguminoses-extensives-2","64":"cultivo-horticoles","65":"cultivo-bana-platan","66":"cultivo-videu","67":"cultivo-all","68":"cultivo-melo","69":"cultivo-oleaginoses","70":"cultivo-extensius","71":"cultivo-cafe","72":"cultivo-canya-de-sucre","73":"cultivo-alberginia","74":"cultivo-nap","75":"cultivo-arbres-ornamentals","76":"cultivo-parcs-i-jardins","77":"cultivo-carambola","78":"cultivo-chirimoya","79":"cultivo-moniato","80":"cultivo-patata","81":"cultivo-gespedes","82":"cultivo-albercoc","83":"cultivo-lima-2","84":"cultivo-coco","85":"cultivo-brocoli","86":"cultivo-cogombre","87":"cultivo-flors","88":"cultivo-ametller","89":"cultivo-mandari","90":"cultivo-fruits-rojos-berries","91":"cultivo-carbasso","92":"cultivo-pebrot","93":"ecologico-si","94":"medioambiente-reduccio-empremta-de-co2","95":"medioambiente-eficiencia-de-lus-de-nutrients","96":"solucion-millorar-la-salut-del-sol","97":"tipo-de-aplicacion-aplicacio-a-terra","98":"product_cat-adobs-granulats-i-microgranulats","100":"first","101":"instock","102":"shipping-taxable","103":"product-type-simple"},"acf":[],"_links":{"self":[{"href":"https:\/\/labin.net\/ca\/wp-json\/wp\/v2\/product\/37541","targetHints":{"allow":["GET"]}}],"collection":[{"href":"https:\/\/labin.net\/ca\/wp-json\/wp\/v2\/product"}],"about":[{"href":"https:\/\/labin.net\/ca\/wp-json\/wp\/v2\/types\/product"}],"replies":[{"embeddable":true,"href":"https:\/\/labin.net\/ca\/wp-json\/wp\/v2\/comments?post=37541"}],"wp:featuredmedia":[{"embeddable":true,"href":"https:\/\/labin.net\/ca\/wp-json\/wp\/v2\/media\/36182"}],"wp:attachment":[{"href":"https:\/\/labin.net\/ca\/wp-json\/wp\/v2\/media?parent=37541"}],"wp:term":[{"taxonomy":"cultivo","embeddable":true,"href":"https:\/\/labin.net\/ca\/wp-json\/wp\/v2\/cultivo?post=37541"},{"taxonomy":"ecologico","embeddable":true,"href":"https:\/\/labin.net\/ca\/wp-json\/wp\/v2\/ecologico?post=37541"},{"taxonomy":"medioambiente","embeddable":true,"href":"https:\/\/labin.net\/ca\/wp-json\/wp\/v2\/medioambiente?post=37541"},{"taxonomy":"solucion","embeddable":true,"href":"https:\/\/labin.net\/ca\/wp-json\/wp\/v2\/solucion?post=37541"},{"taxonomy":"tipo-de-aplicacion","embeddable":true,"href":"https:\/\/labin.net\/ca\/wp-json\/wp\/v2\/tipo-de-aplicacion?post=37541"},{"taxonomy":"product_brand","embeddable":true,"href":"https:\/\/labin.net\/ca\/wp-json\/wp\/v2\/product_brand?post=37541"},{"taxonomy":"product_cat","embeddable":true,"href":"https:\/\/labin.net\/ca\/wp-json\/wp\/v2\/product_cat?post=37541"},{"taxonomy":"product_tag","embeddable":true,"href":"https:\/\/labin.net\/ca\/wp-json\/wp\/v2\/product_tag?post=37541"}],"curies":[{"name":"wp","href":"https:\/\/api.w.org\/{rel}","templated":true}]}}