{"id":37532,"date":"2025-12-05T11:01:27","date_gmt":"2025-12-05T11:01:27","guid":{"rendered":"https:labin.net\/producto\/labin-urtica\/"},"modified":"2026-01-19T11:19:53","modified_gmt":"2026-01-19T11:19:53","slug":"labin-urtica","status":"publish","type":"product","link":"https:\/\/labin.net\/ca\/producto\/labin-urtica\/","title":{"rendered":"LABIN URTICA"},"content":{"rendered":"<p>Concentrat dispersable d&#8217;extracte d&#8217;<em>Urtica spp<\/em>. Obtingut mitjan\u00e7ant una maceraci\u00f3 de la part a\u00e8ria de les plantes seques d&#8217;<em>Urtica dioica<\/em>. \u00c9s una subst\u00e0ncia b\u00e0sica amb acci\u00f3 BIOESTIMULANT, ACARICIDA, INSECTICIDA i FUNGICIDA. De tots els extractes de plantes, l\u00b4extracte vegetal d\u00b4ortiga \u00e9s dels m\u00e9s complets. L&#8217;ortiga cont\u00e9 una barreja de principis molt complexa. Tamb\u00e9 aporta hormones naturals, que contribueixen a la vitalitat de la planta on s&#8217;aplica l&#8217;extracte. Alhora, \u00e9s rica en \u00e0cids f\u00f2rmic i histam\u00ednic, que alliberats mitjan\u00e7ant infusi\u00f3 a baixa temperatura o maceraci\u00f3 freda es comporten com a insecticides, acaricides i fungicides.<\/p>\n","protected":false},"excerpt":{"rendered":"<ul>\n<li><strong>100% <em>Urtica dioica<\/em><\/strong><\/li>\n<li><strong>Aplicaci\u00f3 foliar<\/strong><\/li>\n<li><strong>Millora de les propietats qu\u00edmiques i biol\u00f2giques del s\u00f2l<\/strong><\/li>\n<li><strong>Aprovada amb acci\u00f3 ACARICIDA, INSECTICIDA i FUNGICIDA<\/strong><\/li>\n<li><strong>Utilitzable en Agricultura Ecol\u00f2gica<\/strong><\/li>\n<\/ul>\n","protected":false},"featured_media":36140,"comment_status":"closed","ping_status":"closed","template":"","meta":{"_acf_changed":false},"cultivo":[606,623,639,663,686,710,607,624,641,664,687,608,625,643,666,688,609,626,644,668,689,610,627,646,670,691,611,628,647,672,693,612,629,648,674,695,613,630,649,676,697,614,631,650,677,698,615,632,652,678,700,133,616,633,654,679,702,134,617,634,656,680,704,602,618,635,658,681,706,603,619,636,659,682,707,604,620,637,661,683,708,605,621,638,662,684,709],"ecologico":[827],"medioambiente":[850],"solucion":[956],"tipo-de-aplicacion":[712,781,783,784],"product_brand":[],"product_cat":[996],"product_tag":[],"class_list":{"0":"post-37532","1":"product","2":"type-product","3":"status-publish","4":"has-post-thumbnail","6":"cultivo-albercoc","7":"cultivo-lima-2","8":"cultivo-coco","9":"cultivo-brocoli","10":"cultivo-cogombre","11":"cultivo-flors","12":"cultivo-ametller","13":"cultivo-mandari","14":"cultivo-fruits-rojos-berries","15":"cultivo-carbasso","16":"cultivo-pebrot","17":"cultivo-avellaner","18":"cultivo-poma","19":"cultivo-guayaba","20":"cultivo-carabassa","21":"cultivo-porro","22":"cultivo-caqui","23":"cultivo-pressec","24":"cultivo-lychee","25":"cultivo-ceba","26":"cultivo-rave","27":"cultivo-castany","28":"cultivo-codonyer","29":"cultivo-manec","30":"cultivo-col","31":"cultivo-remolatxa","32":"cultivo-cirerer","33":"cultivo-taronger","34":"cultivo-maracuia","35":"cultivo-cols-de-brusselles","36":"cultivo-rucula","37":"cultivo-prunera","38":"cultivo-nectarina","39":"cultivo-papaia","40":"cultivo-coliflor","41":"cultivo-sindria","42":"cultivo-clementi","43":"cultivo-noguera","44":"cultivo-pinya","45":"cultivo-escarola","46":"cultivo-soja-verda","47":"cultivo-granat","48":"cultivo-olivera","49":"cultivo-pitahaya","50":"cultivo-espinac","51":"cultivo-tomaquet","52":"cultivo-figuera","53":"cultivo-parra-ornamental","54":"cultivo-tamarindo","55":"cultivo-pesol","56":"cultivo-pastanaga","57":"cultivo-tropicals","58":"cultivo-kiwi","59":"cultivo-perera","60":"cultivo-te","61":"cultivo-fava-tendra","62":"cultivo-cereals","63":"cultivo-cacau","64":"cultivo-llimoner","65":"cultivo-festuc","66":"cultivo-yuca","67":"cultivo-mongeta-tendra","68":"cultivo-farratgeres-i-pastures","69":"cultivo-fruiters","70":"cultivo-alvocat","71":"cultivo-aranja","72":"cultivo-bleda-2","73":"cultivo-enciam","74":"cultivo-lleguminoses-extensives-2","75":"cultivo-horticoles","76":"cultivo-bana-platan","77":"cultivo-videu","78":"cultivo-all","79":"cultivo-melo","80":"cultivo-oleaginoses","81":"cultivo-extensius","82":"cultivo-cafe","83":"cultivo-canya-de-sucre","84":"cultivo-alberginia","85":"cultivo-nap","86":"cultivo-arbres-ornamentals","87":"cultivo-parcs-i-jardins","88":"cultivo-carambola","89":"cultivo-chirimoya","90":"cultivo-moniato","91":"cultivo-patata","92":"cultivo-gespedes","93":"ecologico-si","94":"medioambiente-res","95":"solucion-prevencio","96":"tipo-de-aplicacion-fertirrigacio","97":"tipo-de-aplicacion-foliar","98":"tipo-de-aplicacion-dron","99":"tipo-de-aplicacion-avioneta","100":"product_cat-substancies-basiques","102":"first","103":"instock","104":"shipping-taxable","105":"product-type-simple"},"acf":[],"_links":{"self":[{"href":"https:\/\/labin.net\/ca\/wp-json\/wp\/v2\/product\/37532","targetHints":{"allow":["GET"]}}],"collection":[{"href":"https:\/\/labin.net\/ca\/wp-json\/wp\/v2\/product"}],"about":[{"href":"https:\/\/labin.net\/ca\/wp-json\/wp\/v2\/types\/product"}],"replies":[{"embeddable":true,"href":"https:\/\/labin.net\/ca\/wp-json\/wp\/v2\/comments?post=37532"}],"wp:featuredmedia":[{"embeddable":true,"href":"https:\/\/labin.net\/ca\/wp-json\/wp\/v2\/media\/36140"}],"wp:attachment":[{"href":"https:\/\/labin.net\/ca\/wp-json\/wp\/v2\/media?parent=37532"}],"wp:term":[{"taxonomy":"cultivo","embeddable":true,"href":"https:\/\/labin.net\/ca\/wp-json\/wp\/v2\/cultivo?post=37532"},{"taxonomy":"ecologico","embeddable":true,"href":"https:\/\/labin.net\/ca\/wp-json\/wp\/v2\/ecologico?post=37532"},{"taxonomy":"medioambiente","embeddable":true,"href":"https:\/\/labin.net\/ca\/wp-json\/wp\/v2\/medioambiente?post=37532"},{"taxonomy":"solucion","embeddable":true,"href":"https:\/\/labin.net\/ca\/wp-json\/wp\/v2\/solucion?post=37532"},{"taxonomy":"tipo-de-aplicacion","embeddable":true,"href":"https:\/\/labin.net\/ca\/wp-json\/wp\/v2\/tipo-de-aplicacion?post=37532"},{"taxonomy":"product_brand","embeddable":true,"href":"https:\/\/labin.net\/ca\/wp-json\/wp\/v2\/product_brand?post=37532"},{"taxonomy":"product_cat","embeddable":true,"href":"https:\/\/labin.net\/ca\/wp-json\/wp\/v2\/product_cat?post=37532"},{"taxonomy":"product_tag","embeddable":true,"href":"https:\/\/labin.net\/ca\/wp-json\/wp\/v2\/product_tag?post=37532"}],"curies":[{"name":"wp","href":"https:\/\/api.w.org\/{rel}","templated":true}]}}