{"id":37521,"date":"2025-12-05T11:01:18","date_gmt":"2025-12-05T11:01:18","guid":{"rendered":"https:labin.net\/producto\/labin-15-5-35\/"},"modified":"2026-01-19T10:28:38","modified_gmt":"2026-01-19T10:28:38","slug":"labin-15-5-35","status":"publish","type":"product","link":"https:\/\/labin.net\/ca\/producto\/labin-15-5-35\/","title":{"rendered":"LABIN 15-5-35"},"content":{"rendered":"<p>Producte en forma de pols cristal\u00b7lina de color rosat especialment dissenyat per aplicar en fertirrigaci\u00f3. La selecci\u00f3 de les millors mat\u00e8ries primeres ens garanteix una solubilitat elevada i l&#8217;abs\u00e8ncia d&#8217;impureses. A m\u00e9s, el seu especial proc\u00e9s de fabricaci\u00f3 assegura la flu\u00efdesa del producte i evita l&#8217;enduriment.<\/p>\n<p>LABIN 15-5-35 est\u00e0 enriquit amb microelements quelatats per garantir l&#8217;abs\u00e8ncia de car\u00e8ncies i el correcte desenvolupament dels cultius, sent el seu pH lleugerament \u00e0cid per evitar obturacions i bloquejos. Com que \u00e9s un adob pobre en clor comporta un augment de l&#8217;absorci\u00f3 i assimilaci\u00f3 de nutrients per la planta.<\/p>\n<p>Recomanat per a tot tipus de cultius en els per\u00edodes de creixement de fruit i engreix en qu\u00e8 es requereix una aportaci\u00f3 important de potassi.<br \/>\nEs pot aplicar en floricultura, vivers, fruiters, hort\u00edcoles, vinya, cultius tropicals, etc.<\/p>\n","protected":false},"excerpt":{"rendered":"<ul>\n<li><strong>Alta solubilitat<\/strong><\/li>\n<li><strong>R\u00e0pida absorci\u00f3<\/strong><\/li>\n<li><strong>Amb microelements<\/strong><\/li>\n<li><strong>Sense enduriments<\/strong><\/li>\n<\/ul>\n","protected":false},"featured_media":35590,"comment_status":"closed","ping_status":"closed","template":"","meta":{"_acf_changed":false},"cultivo":[603,620,637,661,683,605,621,638,662,684,606,623,639,663,686,607,624,641,664,687,608,625,643,666,688,609,626,644,668,689,610,627,646,670,691,611,628,647,672,693,612,629,648,674,695,613,630,649,676,697,614,631,650,677,698,615,632,652,678,700,616,633,654,679,708,133,617,634,656,680,709,134,618,635,658,681,710,602,619,636,659,682],"ecologico":[831],"medioambiente":[850],"solucion":[855,860,865],"tipo-de-aplicacion":[712],"product_brand":[],"product_cat":[981],"product_tag":[],"class_list":{"0":"post-37521","1":"product","2":"type-product","3":"status-publish","4":"has-post-thumbnail","6":"cultivo-horticoles","7":"cultivo-cafe","8":"cultivo-canya-de-sucre","9":"cultivo-alberginia","10":"cultivo-nap","11":"cultivo-parcs-i-jardins","12":"cultivo-carambola","13":"cultivo-chirimoya","14":"cultivo-moniato","15":"cultivo-patata","16":"cultivo-albercoc","17":"cultivo-lima-2","18":"cultivo-coco","19":"cultivo-brocoli","20":"cultivo-cogombre","21":"cultivo-ametller","22":"cultivo-mandari","23":"cultivo-fruits-rojos-berries","24":"cultivo-carbasso","25":"cultivo-pebrot","26":"cultivo-avellaner","27":"cultivo-poma","28":"cultivo-guayaba","29":"cultivo-carabassa","30":"cultivo-porro","31":"cultivo-caqui","32":"cultivo-pressec","33":"cultivo-lychee","34":"cultivo-ceba","35":"cultivo-rave","36":"cultivo-castany","37":"cultivo-codonyer","38":"cultivo-manec","39":"cultivo-col","40":"cultivo-remolatxa","41":"cultivo-cirerer","42":"cultivo-taronger","43":"cultivo-maracuia","44":"cultivo-cols-de-brusselles","45":"cultivo-rucula","46":"cultivo-prunera","47":"cultivo-nectarina","48":"cultivo-papaia","49":"cultivo-coliflor","50":"cultivo-sindria","51":"cultivo-clementi","52":"cultivo-noguera","53":"cultivo-pinya","54":"cultivo-escarola","55":"cultivo-soja-verda","56":"cultivo-granat","57":"cultivo-olivera","58":"cultivo-pitahaya","59":"cultivo-espinac","60":"cultivo-tomaquet","61":"cultivo-figuera","62":"cultivo-parra-ornamental","63":"cultivo-tamarindo","64":"cultivo-pesol","65":"cultivo-pastanaga","66":"cultivo-kiwi","67":"cultivo-perera","68":"cultivo-te","69":"cultivo-fava-tendra","70":"cultivo-arbres-ornamentals","71":"cultivo-tropicals","72":"cultivo-llimoner","73":"cultivo-festuc","74":"cultivo-yuca","75":"cultivo-mongeta-tendra","76":"cultivo-gespedes","77":"cultivo-cacau","78":"cultivo-alvocat","79":"cultivo-aranja","80":"cultivo-bleda-2","81":"cultivo-enciam","82":"cultivo-flors","83":"cultivo-fruiters","84":"cultivo-bana-platan","85":"cultivo-videu","86":"cultivo-all","87":"cultivo-melo","88":"ecologico-no","89":"medioambiente-res","90":"solucion-deficencia-de-n","91":"solucion-deficencia-de-p","92":"solucion-deficencia-de-k","93":"tipo-de-aplicacion-fertirrigacio","94":"product_cat-npk-hidrosoluble","96":"first","97":"instock","98":"shipping-taxable","99":"product-type-simple"},"acf":[],"_links":{"self":[{"href":"https:\/\/labin.net\/ca\/wp-json\/wp\/v2\/product\/37521","targetHints":{"allow":["GET"]}}],"collection":[{"href":"https:\/\/labin.net\/ca\/wp-json\/wp\/v2\/product"}],"about":[{"href":"https:\/\/labin.net\/ca\/wp-json\/wp\/v2\/types\/product"}],"replies":[{"embeddable":true,"href":"https:\/\/labin.net\/ca\/wp-json\/wp\/v2\/comments?post=37521"}],"wp:featuredmedia":[{"embeddable":true,"href":"https:\/\/labin.net\/ca\/wp-json\/wp\/v2\/media\/35590"}],"wp:attachment":[{"href":"https:\/\/labin.net\/ca\/wp-json\/wp\/v2\/media?parent=37521"}],"wp:term":[{"taxonomy":"cultivo","embeddable":true,"href":"https:\/\/labin.net\/ca\/wp-json\/wp\/v2\/cultivo?post=37521"},{"taxonomy":"ecologico","embeddable":true,"href":"https:\/\/labin.net\/ca\/wp-json\/wp\/v2\/ecologico?post=37521"},{"taxonomy":"medioambiente","embeddable":true,"href":"https:\/\/labin.net\/ca\/wp-json\/wp\/v2\/medioambiente?post=37521"},{"taxonomy":"solucion","embeddable":true,"href":"https:\/\/labin.net\/ca\/wp-json\/wp\/v2\/solucion?post=37521"},{"taxonomy":"tipo-de-aplicacion","embeddable":true,"href":"https:\/\/labin.net\/ca\/wp-json\/wp\/v2\/tipo-de-aplicacion?post=37521"},{"taxonomy":"product_brand","embeddable":true,"href":"https:\/\/labin.net\/ca\/wp-json\/wp\/v2\/product_brand?post=37521"},{"taxonomy":"product_cat","embeddable":true,"href":"https:\/\/labin.net\/ca\/wp-json\/wp\/v2\/product_cat?post=37521"},{"taxonomy":"product_tag","embeddable":true,"href":"https:\/\/labin.net\/ca\/wp-json\/wp\/v2\/product_tag?post=37521"}],"curies":[{"name":"wp","href":"https:\/\/api.w.org\/{rel}","templated":true}]}}