{"id":37508,"date":"2025-12-05T11:01:18","date_gmt":"2025-12-05T11:01:18","guid":{"rendered":"https:labin.net\/producto\/labin-eco-k\/"},"modified":"2026-01-19T09:58:29","modified_gmt":"2026-01-19T09:58:29","slug":"labin-eco-k","status":"publish","type":"product","link":"https:\/\/labin.net\/ca\/producto\/labin-eco-k\/","title":{"rendered":"LABIN ECO-K"},"content":{"rendered":"<p><strong>LABIN ECO-K<\/strong> incorpora <strong>POTASSI<\/strong> en forma de complex org\u00e0nic natural que li proporciona una major activitat i capacitat d&#8217;assimilaci\u00f3, juntament amb els <strong>AMINO\u00c0CIDS<\/strong>, que intervenen directament sobre funcions metab\u00f2liques relacionades amb la divisi\u00f3 cel\u00b7lular i la s\u00edntesi de sucres.<\/p>\n<p>Es pot aplicar per via <strong>FOLIAR i en FERTIRRIGACI\u00d3<\/strong>, en les fases de <strong>creixement i maduraci\u00f3 del fruit<\/strong>. Tamb\u00e9 \u00e9s recomanable la seva aplicaci\u00f3 despr\u00e9s de la recol\u00b7lecci\u00f3, si les produccions s\u00f3n elevades, per aconseguir la <strong>recuperaci\u00f3 de les extraccions de potassi i una millor predisposici\u00f3 per a les campanyes futures<\/strong>.<\/p>\n<p>Amb la seva aplicaci\u00f3 aconseguim:<\/p>\n<ul>\n<li><strong>Millora<\/strong> del calibre, homogene\u00eftat i coloraci\u00f3 dels fruits.<\/li>\n<li><strong>Millora<\/strong> de produccions en cultius exigents, com pot ser el cas de l&#8217;olivera.<\/li>\n<li><strong>Augment<\/strong> de la resist\u00e8ncia i <strong>millora de la conservaci\u00f3 post collita<\/strong> .<\/li>\n<\/ul>\n","protected":false},"excerpt":{"rendered":"<ul>\n<li>Aplicaci\u00f3 foliar i radicular<\/li>\n<li>Major coloraci\u00f3 i calibre dels fruits<\/li>\n<li>Utilitzable en agricultura ecol\u00f2gica<\/li>\n<li>Compatibilitat excel\u00b7lent<\/li>\n<\/ul>\n","protected":false},"featured_media":36254,"comment_status":"closed","ping_status":"closed","template":"","meta":{"_acf_changed":false},"cultivo":[133,616,633,654,679,702,134,617,634,656,680,704,602,618,635,658,681,706,603,619,636,659,682,707,604,620,637,661,683,708,605,621,638,662,684,709,606,623,639,663,686,710,607,624,641,664,687,608,625,643,666,688,609,626,644,668,689,610,627,646,670,691,611,628,647,672,693,612,629,648,674,695,613,630,649,676,697,614,631,650,677,698,615,632,652,678,700],"ecologico":[827],"medioambiente":[846],"solucion":[865,919,944],"tipo-de-aplicacion":[712,781],"product_brand":[],"product_cat":[976],"product_tag":[],"class_list":{"0":"post-37508","1":"product","2":"type-product","3":"status-publish","4":"has-post-thumbnail","6":"cultivo-tropicals","7":"cultivo-kiwi","8":"cultivo-perera","9":"cultivo-te","10":"cultivo-fava-tendra","11":"cultivo-cereals","12":"cultivo-cacau","13":"cultivo-llimoner","14":"cultivo-festuc","15":"cultivo-yuca","16":"cultivo-mongeta-tendra","17":"cultivo-farratgeres-i-pastures","18":"cultivo-fruiters","19":"cultivo-alvocat","20":"cultivo-aranja","21":"cultivo-bleda-2","22":"cultivo-enciam","23":"cultivo-lleguminoses-extensives-2","24":"cultivo-horticoles","25":"cultivo-bana-platan","26":"cultivo-videu","27":"cultivo-all","28":"cultivo-melo","29":"cultivo-oleaginoses","30":"cultivo-extensius","31":"cultivo-cafe","32":"cultivo-canya-de-sucre","33":"cultivo-alberginia","34":"cultivo-nap","35":"cultivo-arbres-ornamentals","36":"cultivo-parcs-i-jardins","37":"cultivo-carambola","38":"cultivo-chirimoya","39":"cultivo-moniato","40":"cultivo-patata","41":"cultivo-gespedes","42":"cultivo-albercoc","43":"cultivo-lima-2","44":"cultivo-coco","45":"cultivo-brocoli","46":"cultivo-cogombre","47":"cultivo-flors","48":"cultivo-ametller","49":"cultivo-mandari","50":"cultivo-fruits-rojos-berries","51":"cultivo-carbasso","52":"cultivo-pebrot","53":"cultivo-avellaner","54":"cultivo-poma","55":"cultivo-guayaba","56":"cultivo-carabassa","57":"cultivo-porro","58":"cultivo-caqui","59":"cultivo-pressec","60":"cultivo-lychee","61":"cultivo-ceba","62":"cultivo-rave","63":"cultivo-castany","64":"cultivo-codonyer","65":"cultivo-manec","66":"cultivo-col","67":"cultivo-remolatxa","68":"cultivo-cirerer","69":"cultivo-taronger","70":"cultivo-maracuia","71":"cultivo-cols-de-brusselles","72":"cultivo-rucula","73":"cultivo-prunera","74":"cultivo-nectarina","75":"cultivo-papaia","76":"cultivo-coliflor","77":"cultivo-sindria","78":"cultivo-clementi","79":"cultivo-noguera","80":"cultivo-pinya","81":"cultivo-escarola","82":"cultivo-soja-verda","83":"cultivo-granat","84":"cultivo-olivera","85":"cultivo-pitahaya","86":"cultivo-espinac","87":"cultivo-tomaquet","88":"cultivo-figuera","89":"cultivo-parra-ornamental","90":"cultivo-tamarindo","91":"cultivo-pesol","92":"cultivo-pastanaga","93":"ecologico-si","94":"medioambiente-eficiencia-de-lus-de-nutrients","95":"solucion-deficencia-de-k","96":"solucion-engreix-del-fruit","97":"solucion-augment-qualitat-fruit","98":"tipo-de-aplicacion-fertirrigacio","99":"tipo-de-aplicacion-foliar","100":"product_cat-corrector-de-carencies","102":"first","103":"instock","104":"shipping-taxable","105":"product-type-simple"},"acf":[],"_links":{"self":[{"href":"https:\/\/labin.net\/ca\/wp-json\/wp\/v2\/product\/37508","targetHints":{"allow":["GET"]}}],"collection":[{"href":"https:\/\/labin.net\/ca\/wp-json\/wp\/v2\/product"}],"about":[{"href":"https:\/\/labin.net\/ca\/wp-json\/wp\/v2\/types\/product"}],"replies":[{"embeddable":true,"href":"https:\/\/labin.net\/ca\/wp-json\/wp\/v2\/comments?post=37508"}],"wp:featuredmedia":[{"embeddable":true,"href":"https:\/\/labin.net\/ca\/wp-json\/wp\/v2\/media\/36254"}],"wp:attachment":[{"href":"https:\/\/labin.net\/ca\/wp-json\/wp\/v2\/media?parent=37508"}],"wp:term":[{"taxonomy":"cultivo","embeddable":true,"href":"https:\/\/labin.net\/ca\/wp-json\/wp\/v2\/cultivo?post=37508"},{"taxonomy":"ecologico","embeddable":true,"href":"https:\/\/labin.net\/ca\/wp-json\/wp\/v2\/ecologico?post=37508"},{"taxonomy":"medioambiente","embeddable":true,"href":"https:\/\/labin.net\/ca\/wp-json\/wp\/v2\/medioambiente?post=37508"},{"taxonomy":"solucion","embeddable":true,"href":"https:\/\/labin.net\/ca\/wp-json\/wp\/v2\/solucion?post=37508"},{"taxonomy":"tipo-de-aplicacion","embeddable":true,"href":"https:\/\/labin.net\/ca\/wp-json\/wp\/v2\/tipo-de-aplicacion?post=37508"},{"taxonomy":"product_brand","embeddable":true,"href":"https:\/\/labin.net\/ca\/wp-json\/wp\/v2\/product_brand?post=37508"},{"taxonomy":"product_cat","embeddable":true,"href":"https:\/\/labin.net\/ca\/wp-json\/wp\/v2\/product_cat?post=37508"},{"taxonomy":"product_tag","embeddable":true,"href":"https:\/\/labin.net\/ca\/wp-json\/wp\/v2\/product_tag?post=37508"}],"curies":[{"name":"wp","href":"https:\/\/api.w.org\/{rel}","templated":true}]}}