{"id":37507,"date":"2025-12-05T11:01:18","date_gmt":"2025-12-05T11:01:18","guid":{"rendered":"https:labin.net\/producto\/labin-k\/"},"modified":"2026-01-19T10:00:56","modified_gmt":"2026-01-19T10:00:56","slug":"labin-k","status":"publish","type":"product","link":"https:\/\/labin.net\/ca\/producto\/labin-k\/","title":{"rendered":"LABIN K+"},"content":{"rendered":"<p><strong>LABIN K+<\/strong> \u00e9s un producte s\u00f2lid, totalment soluble, especialment indicat per fer aportacions de potassi en els moments fenol\u00f2gics de m\u00e9s demanda del teu cultiu.<\/p>\n<p><strong>Els \u00e0cids carbox\u00edlics<\/strong> de la seva formulaci\u00f3 actuen com a activadors, millorant la solubilitat de la sal pot\u00e0ssica i afavorint la <strong>translocaci\u00f3 i l&#8217;activitat del potassi<\/strong>. El resultat \u00e9s una millora de tots els par\u00e0metres relacionats amb el proc\u00e9s de maduraci\u00f3 del fruit: <strong>contingut de sucres, coloraci\u00f3, calibre, etc.<\/strong><\/p>\n<p>Est\u00e0 especialment recomanat en cultius com vinya, fruiters, c\u00edtrics, hort\u00edcoles, etc, en les <strong>fases de creixement i maduraci\u00f3 del fruit<\/strong>. Tamb\u00e9 en olivera, per aconseguir m\u00e9s producci\u00f3 i, sobretot, m\u00e9s rendiment.<\/p>\n","protected":false},"excerpt":{"rendered":"<ul>\n<li>Aplicaci\u00f3 foliar i en fertirrigaci\u00f3<\/li>\n<li>S\u00f2lid d&#8217;alta solubilitat<\/li>\n<li>Indicat en processos d&#8217;engreix i maduraci\u00f3<\/li>\n<li>Utilitzable en agricultura ecol\u00f2gica<\/li>\n<\/ul>\n","protected":false},"featured_media":36242,"comment_status":"closed","ping_status":"closed","template":"","meta":{"_acf_changed":false},"cultivo":[602,618,635,658,681,706,603,619,636,659,682,707,604,620,637,661,683,708,605,621,638,662,684,709,606,623,639,663,686,710,607,624,641,664,687,608,625,643,666,688,609,626,644,668,689,610,627,646,670,691,611,628,647,672,693,612,629,648,674,695,613,630,649,676,697,614,631,650,677,698,615,632,652,678,700,133,616,633,654,679,702,134,617,634,656,680,704],"ecologico":[827],"medioambiente":[846],"solucion":[865],"tipo-de-aplicacion":[712,781],"product_brand":[],"product_cat":[976],"product_tag":[],"class_list":{"0":"post-37507","1":"product","2":"type-product","3":"status-publish","4":"has-post-thumbnail","6":"cultivo-fruiters","7":"cultivo-alvocat","8":"cultivo-aranja","9":"cultivo-bleda-2","10":"cultivo-enciam","11":"cultivo-lleguminoses-extensives-2","12":"cultivo-horticoles","13":"cultivo-bana-platan","14":"cultivo-videu","15":"cultivo-all","16":"cultivo-melo","17":"cultivo-oleaginoses","18":"cultivo-extensius","19":"cultivo-cafe","20":"cultivo-canya-de-sucre","21":"cultivo-alberginia","22":"cultivo-nap","23":"cultivo-arbres-ornamentals","24":"cultivo-parcs-i-jardins","25":"cultivo-carambola","26":"cultivo-chirimoya","27":"cultivo-moniato","28":"cultivo-patata","29":"cultivo-gespedes","30":"cultivo-albercoc","31":"cultivo-lima-2","32":"cultivo-coco","33":"cultivo-brocoli","34":"cultivo-cogombre","35":"cultivo-flors","36":"cultivo-ametller","37":"cultivo-mandari","38":"cultivo-fruits-rojos-berries","39":"cultivo-carbasso","40":"cultivo-pebrot","41":"cultivo-avellaner","42":"cultivo-poma","43":"cultivo-guayaba","44":"cultivo-carabassa","45":"cultivo-porro","46":"cultivo-caqui","47":"cultivo-pressec","48":"cultivo-lychee","49":"cultivo-ceba","50":"cultivo-rave","51":"cultivo-castany","52":"cultivo-codonyer","53":"cultivo-manec","54":"cultivo-col","55":"cultivo-remolatxa","56":"cultivo-cirerer","57":"cultivo-taronger","58":"cultivo-maracuia","59":"cultivo-cols-de-brusselles","60":"cultivo-rucula","61":"cultivo-prunera","62":"cultivo-nectarina","63":"cultivo-papaia","64":"cultivo-coliflor","65":"cultivo-sindria","66":"cultivo-clementi","67":"cultivo-noguera","68":"cultivo-pinya","69":"cultivo-escarola","70":"cultivo-soja-verda","71":"cultivo-granat","72":"cultivo-olivera","73":"cultivo-pitahaya","74":"cultivo-espinac","75":"cultivo-tomaquet","76":"cultivo-figuera","77":"cultivo-parra-ornamental","78":"cultivo-tamarindo","79":"cultivo-pesol","80":"cultivo-pastanaga","81":"cultivo-tropicals","82":"cultivo-kiwi","83":"cultivo-perera","84":"cultivo-te","85":"cultivo-fava-tendra","86":"cultivo-cereals","87":"cultivo-cacau","88":"cultivo-llimoner","89":"cultivo-festuc","90":"cultivo-yuca","91":"cultivo-mongeta-tendra","92":"cultivo-farratgeres-i-pastures","93":"ecologico-si","94":"medioambiente-eficiencia-de-lus-de-nutrients","95":"solucion-deficencia-de-k","96":"tipo-de-aplicacion-fertirrigacio","97":"tipo-de-aplicacion-foliar","98":"product_cat-corrector-de-carencies","100":"first","101":"instock","102":"shipping-taxable","103":"product-type-simple"},"acf":[],"_links":{"self":[{"href":"https:\/\/labin.net\/ca\/wp-json\/wp\/v2\/product\/37507","targetHints":{"allow":["GET"]}}],"collection":[{"href":"https:\/\/labin.net\/ca\/wp-json\/wp\/v2\/product"}],"about":[{"href":"https:\/\/labin.net\/ca\/wp-json\/wp\/v2\/types\/product"}],"replies":[{"embeddable":true,"href":"https:\/\/labin.net\/ca\/wp-json\/wp\/v2\/comments?post=37507"}],"wp:featuredmedia":[{"embeddable":true,"href":"https:\/\/labin.net\/ca\/wp-json\/wp\/v2\/media\/36242"}],"wp:attachment":[{"href":"https:\/\/labin.net\/ca\/wp-json\/wp\/v2\/media?parent=37507"}],"wp:term":[{"taxonomy":"cultivo","embeddable":true,"href":"https:\/\/labin.net\/ca\/wp-json\/wp\/v2\/cultivo?post=37507"},{"taxonomy":"ecologico","embeddable":true,"href":"https:\/\/labin.net\/ca\/wp-json\/wp\/v2\/ecologico?post=37507"},{"taxonomy":"medioambiente","embeddable":true,"href":"https:\/\/labin.net\/ca\/wp-json\/wp\/v2\/medioambiente?post=37507"},{"taxonomy":"solucion","embeddable":true,"href":"https:\/\/labin.net\/ca\/wp-json\/wp\/v2\/solucion?post=37507"},{"taxonomy":"tipo-de-aplicacion","embeddable":true,"href":"https:\/\/labin.net\/ca\/wp-json\/wp\/v2\/tipo-de-aplicacion?post=37507"},{"taxonomy":"product_brand","embeddable":true,"href":"https:\/\/labin.net\/ca\/wp-json\/wp\/v2\/product_brand?post=37507"},{"taxonomy":"product_cat","embeddable":true,"href":"https:\/\/labin.net\/ca\/wp-json\/wp\/v2\/product_cat?post=37507"},{"taxonomy":"product_tag","embeddable":true,"href":"https:\/\/labin.net\/ca\/wp-json\/wp\/v2\/product_tag?post=37507"}],"curies":[{"name":"wp","href":"https:\/\/api.w.org\/{rel}","templated":true}]}}