{"id":37499,"date":"2025-12-05T11:01:18","date_gmt":"2025-12-05T11:01:18","guid":{"rendered":"https:labin.net\/producto\/labifol-potasic-50-v\/"},"modified":"2026-01-19T09:51:15","modified_gmt":"2026-01-19T09:51:15","slug":"labifol-potasico-50-v","status":"publish","type":"product","link":"https:\/\/labin.net\/ca\/producto\/labifol-potasico-50-v\/","title":{"rendered":"LABIFOL POTASICO 50 V"},"content":{"rendered":"<p>Adob l\u00edquid, de color verd\u00f3s, amb un alt contingut en potassi, miscible en aigua i totalment assimilable, que est\u00e0 especialment indicat per a per\u00edodes de creixement i maduraci\u00f3 del fruit.<br \/>\n<strong>LABIFOL POTASICO 50 V<\/strong> est\u00e0 enriquit amb amino\u00e0cids i coure perqu\u00e8 el potassi sigui m\u00e9s actiu, eficient i translocable dins la planta.<br \/>\nAmb aquest producte aconseguim augmentar el calibre i el contingut en sucres, facilitant una adequada maduraci\u00f3 i millorant les caracter\u00edstiques organol\u00e8ptiques del fruit.<br \/>\nEn el cas de l&#8217;olivera tamb\u00e9 augmenta el contingut gras i per tant el rendiment de la collita.<\/p>\n","protected":false},"excerpt":{"rendered":"<ul>\n<li>Alt contingut de potassi (50% p\/v)<\/li>\n<li>Major assimilaci\u00f3 i translocaci\u00f3<\/li>\n<li>Millora de la maduraci\u00f3 i engreix<\/li>\n<li>Major contingut de sucres<\/li>\n<li>Aplicable per via foliar i radicular<\/li>\n<\/ul>\n","protected":false},"featured_media":36206,"comment_status":"closed","ping_status":"closed","template":"","meta":{"_acf_changed":false},"cultivo":[611,628,647,672,693,612,629,648,674,695,613,630,649,676,697,614,631,650,677,698,615,632,652,678,700,133,616,633,654,679,702,134,617,634,656,680,704,602,618,635,658,681,706,603,619,636,659,682,707,604,620,637,661,683,708,605,621,638,662,684,709,606,623,639,663,686,710,607,624,641,664,687,608,625,643,666,688,609,626,644,668,689,610,627,646,670,691],"ecologico":[831],"medioambiente":[846],"solucion":[860,919],"tipo-de-aplicacion":[712,781],"product_brand":[],"product_cat":[976],"product_tag":[],"class_list":{"0":"post-37499","1":"product","2":"type-product","3":"status-publish","4":"has-post-thumbnail","6":"cultivo-cirerer","7":"cultivo-taronger","8":"cultivo-maracuia","9":"cultivo-cols-de-brusselles","10":"cultivo-rucula","11":"cultivo-prunera","12":"cultivo-nectarina","13":"cultivo-papaia","14":"cultivo-coliflor","15":"cultivo-sindria","16":"cultivo-clementi","17":"cultivo-noguera","18":"cultivo-pinya","19":"cultivo-escarola","20":"cultivo-soja-verda","21":"cultivo-granat","22":"cultivo-olivera","23":"cultivo-pitahaya","24":"cultivo-espinac","25":"cultivo-tomaquet","26":"cultivo-figuera","27":"cultivo-parra-ornamental","28":"cultivo-tamarindo","29":"cultivo-pesol","30":"cultivo-pastanaga","31":"cultivo-tropicals","32":"cultivo-kiwi","33":"cultivo-perera","34":"cultivo-te","35":"cultivo-fava-tendra","36":"cultivo-cereals","37":"cultivo-cacau","38":"cultivo-llimoner","39":"cultivo-festuc","40":"cultivo-yuca","41":"cultivo-mongeta-tendra","42":"cultivo-farratgeres-i-pastures","43":"cultivo-fruiters","44":"cultivo-alvocat","45":"cultivo-aranja","46":"cultivo-bleda-2","47":"cultivo-enciam","48":"cultivo-lleguminoses-extensives-2","49":"cultivo-horticoles","50":"cultivo-bana-platan","51":"cultivo-videu","52":"cultivo-all","53":"cultivo-melo","54":"cultivo-oleaginoses","55":"cultivo-extensius","56":"cultivo-cafe","57":"cultivo-canya-de-sucre","58":"cultivo-alberginia","59":"cultivo-nap","60":"cultivo-arbres-ornamentals","61":"cultivo-parcs-i-jardins","62":"cultivo-carambola","63":"cultivo-chirimoya","64":"cultivo-moniato","65":"cultivo-patata","66":"cultivo-gespedes","67":"cultivo-albercoc","68":"cultivo-lima-2","69":"cultivo-coco","70":"cultivo-brocoli","71":"cultivo-cogombre","72":"cultivo-flors","73":"cultivo-ametller","74":"cultivo-mandari","75":"cultivo-fruits-rojos-berries","76":"cultivo-carbasso","77":"cultivo-pebrot","78":"cultivo-avellaner","79":"cultivo-poma","80":"cultivo-guayaba","81":"cultivo-carabassa","82":"cultivo-porro","83":"cultivo-caqui","84":"cultivo-pressec","85":"cultivo-lychee","86":"cultivo-ceba","87":"cultivo-rave","88":"cultivo-castany","89":"cultivo-codonyer","90":"cultivo-manec","91":"cultivo-col","92":"cultivo-remolatxa","93":"ecologico-no","94":"medioambiente-eficiencia-de-lus-de-nutrients","95":"solucion-deficencia-de-p","96":"solucion-engreix-del-fruit","97":"tipo-de-aplicacion-fertirrigacio","98":"tipo-de-aplicacion-foliar","99":"product_cat-corrector-de-carencies","101":"first","102":"instock","103":"shipping-taxable","104":"product-type-simple"},"acf":[],"_links":{"self":[{"href":"https:\/\/labin.net\/ca\/wp-json\/wp\/v2\/product\/37499","targetHints":{"allow":["GET"]}}],"collection":[{"href":"https:\/\/labin.net\/ca\/wp-json\/wp\/v2\/product"}],"about":[{"href":"https:\/\/labin.net\/ca\/wp-json\/wp\/v2\/types\/product"}],"replies":[{"embeddable":true,"href":"https:\/\/labin.net\/ca\/wp-json\/wp\/v2\/comments?post=37499"}],"wp:featuredmedia":[{"embeddable":true,"href":"https:\/\/labin.net\/ca\/wp-json\/wp\/v2\/media\/36206"}],"wp:attachment":[{"href":"https:\/\/labin.net\/ca\/wp-json\/wp\/v2\/media?parent=37499"}],"wp:term":[{"taxonomy":"cultivo","embeddable":true,"href":"https:\/\/labin.net\/ca\/wp-json\/wp\/v2\/cultivo?post=37499"},{"taxonomy":"ecologico","embeddable":true,"href":"https:\/\/labin.net\/ca\/wp-json\/wp\/v2\/ecologico?post=37499"},{"taxonomy":"medioambiente","embeddable":true,"href":"https:\/\/labin.net\/ca\/wp-json\/wp\/v2\/medioambiente?post=37499"},{"taxonomy":"solucion","embeddable":true,"href":"https:\/\/labin.net\/ca\/wp-json\/wp\/v2\/solucion?post=37499"},{"taxonomy":"tipo-de-aplicacion","embeddable":true,"href":"https:\/\/labin.net\/ca\/wp-json\/wp\/v2\/tipo-de-aplicacion?post=37499"},{"taxonomy":"product_brand","embeddable":true,"href":"https:\/\/labin.net\/ca\/wp-json\/wp\/v2\/product_brand?post=37499"},{"taxonomy":"product_cat","embeddable":true,"href":"https:\/\/labin.net\/ca\/wp-json\/wp\/v2\/product_cat?post=37499"},{"taxonomy":"product_tag","embeddable":true,"href":"https:\/\/labin.net\/ca\/wp-json\/wp\/v2\/product_tag?post=37499"}],"curies":[{"name":"wp","href":"https:\/\/api.w.org\/{rel}","templated":true}]}}