{"id":37488,"date":"2025-12-04T16:02:42","date_gmt":"2025-12-04T16:02:42","guid":{"rendered":"https:labin.net\/producto\/quelabin-mn\/"},"modified":"2026-01-15T16:33:55","modified_gmt":"2026-01-15T16:33:55","slug":"quelabin-mn","status":"publish","type":"product","link":"https:\/\/labin.net\/ca\/producto\/quelabin-mn\/","title":{"rendered":"QUELABIN Mn"},"content":{"rendered":"<p>La gamma <strong>QUELABIN<\/strong> ofereix microelements quelats i complexos en forma l\u00edquida per a aplicaci\u00f3 foliar. La seva f\u00f3rmula especial garanteix una assimilaci\u00f3 i una solubilitat perfectes.<\/p>\n<p>\u00c9s un quelat de mangan\u00e8s l\u00edquid totalment miscible en aigua. S&#8217;utilitza per subministrar mangan\u00e8s en una forma perfectament assimilable, resistent a qualsevol tipus de bloqueig, per prevenir i guarir qualsevol defici\u00e8ncia d&#8217;aquest element.<\/p>\n<p>El mangan\u00e8s \u00e9s un oligoelement important que interv\u00e9 en la s\u00edntesi de prote\u00efnes i, juntament amb el ferro, a la fotos\u00edntesi.<\/p>\n","protected":false},"excerpt":{"rendered":"<ul>\n<li><strong>Mangan\u00e8s<\/strong><\/li>\n<li><strong>Alta assimilaci\u00f3 i efic\u00e0cia<\/strong><\/li>\n<li><strong>Preventiu i curatiu de car\u00e8ncies<\/strong><\/li>\n<li><strong>Apte per a tot tipus de cultius agr\u00edcoles<\/strong><\/li>\n<\/ul>\n","protected":false},"featured_media":35496,"comment_status":"open","ping_status":"closed","template":"","meta":{"_acf_changed":false},"cultivo":[133,616,633,654,679,702,134,617,634,656,680,704,602,618,635,658,681,706,603,619,636,659,682,707,604,620,637,661,683,708,605,621,638,662,684,709,606,623,639,663,686,710,607,624,641,664,687,608,625,643,666,688,609,626,644,668,689,610,627,646,670,691,611,628,647,672,693,612,629,648,674,695,613,630,649,676,697,614,631,650,677,698,615,632,652,678,700],"ecologico":[827],"medioambiente":[846],"solucion":[900],"tipo-de-aplicacion":[781,783,784],"product_brand":[],"product_cat":[1022],"product_tag":[],"class_list":{"0":"post-37488","1":"product","2":"type-product","3":"status-publish","4":"has-post-thumbnail","6":"cultivo-tropicals","7":"cultivo-kiwi","8":"cultivo-perera","9":"cultivo-te","10":"cultivo-fava-tendra","11":"cultivo-cereals","12":"cultivo-cacau","13":"cultivo-llimoner","14":"cultivo-festuc","15":"cultivo-yuca","16":"cultivo-mongeta-tendra","17":"cultivo-farratgeres-i-pastures","18":"cultivo-fruiters","19":"cultivo-alvocat","20":"cultivo-aranja","21":"cultivo-bleda-2","22":"cultivo-enciam","23":"cultivo-lleguminoses-extensives-2","24":"cultivo-horticoles","25":"cultivo-bana-platan","26":"cultivo-videu","27":"cultivo-all","28":"cultivo-melo","29":"cultivo-oleaginoses","30":"cultivo-extensius","31":"cultivo-cafe","32":"cultivo-canya-de-sucre","33":"cultivo-alberginia","34":"cultivo-nap","35":"cultivo-arbres-ornamentals","36":"cultivo-parcs-i-jardins","37":"cultivo-carambola","38":"cultivo-chirimoya","39":"cultivo-moniato","40":"cultivo-patata","41":"cultivo-gespedes","42":"cultivo-albercoc","43":"cultivo-lima-2","44":"cultivo-coco","45":"cultivo-brocoli","46":"cultivo-cogombre","47":"cultivo-flors","48":"cultivo-ametller","49":"cultivo-mandari","50":"cultivo-fruits-rojos-berries","51":"cultivo-carbasso","52":"cultivo-pebrot","53":"cultivo-avellaner","54":"cultivo-poma","55":"cultivo-guayaba","56":"cultivo-carabassa","57":"cultivo-porro","58":"cultivo-caqui","59":"cultivo-pressec","60":"cultivo-lychee","61":"cultivo-ceba","62":"cultivo-rave","63":"cultivo-castany","64":"cultivo-codonyer","65":"cultivo-manec","66":"cultivo-col","67":"cultivo-remolatxa","68":"cultivo-cirerer","69":"cultivo-taronger","70":"cultivo-maracuia","71":"cultivo-cols-de-brusselles","72":"cultivo-rucula","73":"cultivo-prunera","74":"cultivo-nectarina","75":"cultivo-papaia","76":"cultivo-coliflor","77":"cultivo-sindria","78":"cultivo-clementi","79":"cultivo-noguera","80":"cultivo-pinya","81":"cultivo-escarola","82":"cultivo-soja-verda","83":"cultivo-granat","84":"cultivo-olivera","85":"cultivo-pitahaya","86":"cultivo-espinac","87":"cultivo-tomaquet","88":"cultivo-figuera","89":"cultivo-parra-ornamental","90":"cultivo-tamarindo","91":"cultivo-pesol","92":"cultivo-pastanaga","93":"ecologico-si","94":"medioambiente-eficiencia-de-lus-de-nutrients","95":"solucion-deficencia-de-mn","96":"tipo-de-aplicacion-foliar","97":"tipo-de-aplicacion-dron","98":"tipo-de-aplicacion-avioneta","99":"product_cat-quelats","101":"first","102":"instock","103":"shipping-taxable","104":"product-type-simple"},"acf":[],"_links":{"self":[{"href":"https:\/\/labin.net\/ca\/wp-json\/wp\/v2\/product\/37488","targetHints":{"allow":["GET"]}}],"collection":[{"href":"https:\/\/labin.net\/ca\/wp-json\/wp\/v2\/product"}],"about":[{"href":"https:\/\/labin.net\/ca\/wp-json\/wp\/v2\/types\/product"}],"replies":[{"embeddable":true,"href":"https:\/\/labin.net\/ca\/wp-json\/wp\/v2\/comments?post=37488"}],"wp:featuredmedia":[{"embeddable":true,"href":"https:\/\/labin.net\/ca\/wp-json\/wp\/v2\/media\/35496"}],"wp:attachment":[{"href":"https:\/\/labin.net\/ca\/wp-json\/wp\/v2\/media?parent=37488"}],"wp:term":[{"taxonomy":"cultivo","embeddable":true,"href":"https:\/\/labin.net\/ca\/wp-json\/wp\/v2\/cultivo?post=37488"},{"taxonomy":"ecologico","embeddable":true,"href":"https:\/\/labin.net\/ca\/wp-json\/wp\/v2\/ecologico?post=37488"},{"taxonomy":"medioambiente","embeddable":true,"href":"https:\/\/labin.net\/ca\/wp-json\/wp\/v2\/medioambiente?post=37488"},{"taxonomy":"solucion","embeddable":true,"href":"https:\/\/labin.net\/ca\/wp-json\/wp\/v2\/solucion?post=37488"},{"taxonomy":"tipo-de-aplicacion","embeddable":true,"href":"https:\/\/labin.net\/ca\/wp-json\/wp\/v2\/tipo-de-aplicacion?post=37488"},{"taxonomy":"product_brand","embeddable":true,"href":"https:\/\/labin.net\/ca\/wp-json\/wp\/v2\/product_brand?post=37488"},{"taxonomy":"product_cat","embeddable":true,"href":"https:\/\/labin.net\/ca\/wp-json\/wp\/v2\/product_cat?post=37488"},{"taxonomy":"product_tag","embeddable":true,"href":"https:\/\/labin.net\/ca\/wp-json\/wp\/v2\/product_tag?post=37488"}],"curies":[{"name":"wp","href":"https:\/\/api.w.org\/{rel}","templated":true}]}}