{"id":37478,"date":"2025-12-04T14:41:20","date_gmt":"2025-12-04T14:41:20","guid":{"rendered":"https:labin.net\/producto\/labifol-superamino-green\/"},"modified":"2026-01-15T12:21:55","modified_gmt":"2026-01-15T12:21:55","slug":"labifol-superamino-green","status":"publish","type":"product","link":"https:\/\/labin.net\/ca\/producto\/labifol-superamino-green\/","title":{"rendered":"LABIFOL SUPERAMINO GREEN"},"content":{"rendered":"<p><b>LABIFOL SUPERAMINO<\/b>\u00a0<b>GREEN<\/b> \u00e9s un <b>producte l\u00edquid obtingut a partir de prote\u00efnes d&#8217;origen vegetal<\/b>. La relaci\u00f3 equilibrada i \u00f2ptima d&#8217;<b>amino\u00e0cids vegetals proporciona una perfecta assimilaci\u00f3<\/b>, tant radicular com foliar.<\/p>\n<p>Cont\u00e9 un 12% d&#8217;amino\u00e0cids lliures, <b>destacant pel seu alt contingut en lisina (52%), \u00e0cid glut\u00e0mic (31%) i valina (11%)<\/b>, cosa que el converteix en una font altament funcional i nutricional. Es recomana aplicar-ho en moments en qu\u00e8 la planta experimenta situacions adverses, com despr\u00e9s del fred i les gelades, sequera, trasplantaments o aplicaci\u00f3 de productes fitosanitaris. \u00c9s un excel\u00b7lent agent antiestr\u00e8s que afavoreix el metabolisme, la recuperaci\u00f3 i el desenvolupament vegetal.<\/p>\n","protected":false},"excerpt":{"rendered":"<ul>\n<li><b>Reacci\u00f3 r\u00e0pida en situacions extremes<\/b><\/li>\n<li><b>Recuperaci\u00f3 molt efectiva despr\u00e9s de gelades i sequeres<\/b><\/li>\n<li><b>Millora la funci\u00f3 fotosint\u00e8tica<\/b><\/li>\n<li><b>Per a moments cr\u00edtics: prefloraci\u00f3, floraci\u00f3, quallat, creixement i maduraci\u00f3 dels fruits<\/b><\/li>\n<\/ul>\n","protected":false},"featured_media":35434,"comment_status":"open","ping_status":"closed","template":"","meta":{"_acf_changed":false},"cultivo":[602,618,635,658,681,706,603,619,636,659,682,707,604,620,637,661,683,708,605,621,638,662,684,709,606,623,639,663,686,710,607,624,641,664,687,608,625,643,666,688,609,626,644,668,689,610,627,646,670,691,611,628,647,672,693,612,629,648,674,695,613,630,649,676,697,614,631,650,677,698,615,632,652,678,700,133,616,633,654,679,702,134,617,634,656,680,704],"ecologico":[827],"medioambiente":[846],"solucion":[944,931,934],"tipo-de-aplicacion":[783,784,712,781],"product_brand":[],"product_cat":[971],"product_tag":[],"class_list":{"0":"post-37478","1":"product","2":"type-product","3":"status-publish","4":"has-post-thumbnail","6":"cultivo-fruiters","7":"cultivo-alvocat","8":"cultivo-aranja","9":"cultivo-bleda-2","10":"cultivo-enciam","11":"cultivo-lleguminoses-extensives-2","12":"cultivo-horticoles","13":"cultivo-bana-platan","14":"cultivo-videu","15":"cultivo-all","16":"cultivo-melo","17":"cultivo-oleaginoses","18":"cultivo-extensius","19":"cultivo-cafe","20":"cultivo-canya-de-sucre","21":"cultivo-alberginia","22":"cultivo-nap","23":"cultivo-arbres-ornamentals","24":"cultivo-parcs-i-jardins","25":"cultivo-carambola","26":"cultivo-chirimoya","27":"cultivo-moniato","28":"cultivo-patata","29":"cultivo-gespedes","30":"cultivo-albercoc","31":"cultivo-lima-2","32":"cultivo-coco","33":"cultivo-brocoli","34":"cultivo-cogombre","35":"cultivo-flors","36":"cultivo-ametller","37":"cultivo-mandari","38":"cultivo-fruits-rojos-berries","39":"cultivo-carbasso","40":"cultivo-pebrot","41":"cultivo-avellaner","42":"cultivo-poma","43":"cultivo-guayaba","44":"cultivo-carabassa","45":"cultivo-porro","46":"cultivo-caqui","47":"cultivo-pressec","48":"cultivo-lychee","49":"cultivo-ceba","50":"cultivo-rave","51":"cultivo-castany","52":"cultivo-codonyer","53":"cultivo-manec","54":"cultivo-col","55":"cultivo-remolatxa","56":"cultivo-cirerer","57":"cultivo-taronger","58":"cultivo-maracuia","59":"cultivo-cols-de-brusselles","60":"cultivo-rucula","61":"cultivo-prunera","62":"cultivo-nectarina","63":"cultivo-papaia","64":"cultivo-coliflor","65":"cultivo-sindria","66":"cultivo-clementi","67":"cultivo-noguera","68":"cultivo-pinya","69":"cultivo-escarola","70":"cultivo-soja-verda","71":"cultivo-granat","72":"cultivo-olivera","73":"cultivo-pitahaya","74":"cultivo-espinac","75":"cultivo-tomaquet","76":"cultivo-figuera","77":"cultivo-parra-ornamental","78":"cultivo-tamarindo","79":"cultivo-pesol","80":"cultivo-pastanaga","81":"cultivo-tropicals","82":"cultivo-kiwi","83":"cultivo-perera","84":"cultivo-te","85":"cultivo-fava-tendra","86":"cultivo-cereals","87":"cultivo-cacau","88":"cultivo-llimoner","89":"cultivo-festuc","90":"cultivo-yuca","91":"cultivo-mongeta-tendra","92":"cultivo-farratgeres-i-pastures","93":"ecologico-si","94":"medioambiente-eficiencia-de-lus-de-nutrients","95":"solucion-augment-qualitat-fruit","96":"solucion-estres-abiotic","97":"solucion-millora-postcollita","98":"tipo-de-aplicacion-dron","99":"tipo-de-aplicacion-avioneta","100":"tipo-de-aplicacion-fertirrigacio","101":"tipo-de-aplicacion-foliar","102":"product_cat-bioestimulant","104":"first","105":"instock","106":"shipping-taxable","107":"product-type-simple"},"acf":[],"_links":{"self":[{"href":"https:\/\/labin.net\/ca\/wp-json\/wp\/v2\/product\/37478","targetHints":{"allow":["GET"]}}],"collection":[{"href":"https:\/\/labin.net\/ca\/wp-json\/wp\/v2\/product"}],"about":[{"href":"https:\/\/labin.net\/ca\/wp-json\/wp\/v2\/types\/product"}],"replies":[{"embeddable":true,"href":"https:\/\/labin.net\/ca\/wp-json\/wp\/v2\/comments?post=37478"}],"wp:featuredmedia":[{"embeddable":true,"href":"https:\/\/labin.net\/ca\/wp-json\/wp\/v2\/media\/35434"}],"wp:attachment":[{"href":"https:\/\/labin.net\/ca\/wp-json\/wp\/v2\/media?parent=37478"}],"wp:term":[{"taxonomy":"cultivo","embeddable":true,"href":"https:\/\/labin.net\/ca\/wp-json\/wp\/v2\/cultivo?post=37478"},{"taxonomy":"ecologico","embeddable":true,"href":"https:\/\/labin.net\/ca\/wp-json\/wp\/v2\/ecologico?post=37478"},{"taxonomy":"medioambiente","embeddable":true,"href":"https:\/\/labin.net\/ca\/wp-json\/wp\/v2\/medioambiente?post=37478"},{"taxonomy":"solucion","embeddable":true,"href":"https:\/\/labin.net\/ca\/wp-json\/wp\/v2\/solucion?post=37478"},{"taxonomy":"tipo-de-aplicacion","embeddable":true,"href":"https:\/\/labin.net\/ca\/wp-json\/wp\/v2\/tipo-de-aplicacion?post=37478"},{"taxonomy":"product_brand","embeddable":true,"href":"https:\/\/labin.net\/ca\/wp-json\/wp\/v2\/product_brand?post=37478"},{"taxonomy":"product_cat","embeddable":true,"href":"https:\/\/labin.net\/ca\/wp-json\/wp\/v2\/product_cat?post=37478"},{"taxonomy":"product_tag","embeddable":true,"href":"https:\/\/labin.net\/ca\/wp-json\/wp\/v2\/product_tag?post=37478"}],"curies":[{"name":"wp","href":"https:\/\/api.w.org\/{rel}","templated":true}]}}