{"id":37477,"date":"2025-12-04T15:55:14","date_gmt":"2025-12-04T15:55:14","guid":{"rendered":"https:labin.net\/producto\/quelabin-mg\/"},"modified":"2026-01-15T16:28:08","modified_gmt":"2026-01-15T16:28:08","slug":"quelabin-mg","status":"publish","type":"product","link":"https:\/\/labin.net\/ca\/producto\/quelabin-mg\/","title":{"rendered":"QUELABIN Mg"},"content":{"rendered":"<p>La gamma <b>QUELABIN ofereix microelements quelatats i complexats<\/b> en forma l\u00edquida, per a aplicaci\u00f3 foliar. La seva especial formulaci\u00f3 garanteix una <b>perfecta assimilaci\u00f3 i solubilitat<\/b>.<\/p>\n<p>El <b>magnesi<\/b> \u00e9s el <b>component central de la mol\u00e8cula de clorofil\u00b7la<\/b>, imprescindible, per tant, per al correcte funcionament metab\u00f2lic de les plantes. La seva <b>car\u00e8ncia produeix una clorosi<\/b> que es pot distingir de la del ferro per apar\u00e8ixer en fulles velles, ja que \u00e9s un element for\u00e7a m\u00f2bil. La mancan\u00e7a pot estar provocada per la manca d&#8217;aquest element o per bloquejos generats per un exc\u00e9s de potassi.<\/p>\n<p><b>QUELABIN Mg<\/b>, \u00e9s un quelat l\u00edquid de magnesi totalment miscible en aigua i totalment assimilable. \u00c9s <b>resistent a qualsevol tipus de bloqueig per prevenir i curar qualsevol mancan\u00e7a d&#8217;aquest element.<\/b><\/p>\n","protected":false},"excerpt":{"rendered":"<ul>\n<li><b>R\u00e0pida assimilaci\u00f3 foliar <\/b><\/li>\n<li><b> Efic\u00e0cia en l&#8217;eliminaci\u00f3 de la car\u00e8ncia<\/b><\/li>\n<li><b> Preventiu i curatiu de car\u00e8ncies<\/b><\/li>\n<\/ul>\n","protected":false},"featured_media":35489,"comment_status":"open","ping_status":"closed","template":"","meta":{"_acf_changed":false},"cultivo":[623,639,663,686,710,606,624,641,664,687,607,625,643,666,688,608,626,644,668,689,609,627,646,670,691,610,628,647,672,693,611,629,648,674,695,612,630,649,676,697,613,631,650,677,698,614,632,652,678,700,615,633,654,679,702,133,616,634,656,680,704,134,617,635,658,681,706,602,618,636,659,682,707,603,619,637,661,683,708,604,620,638,662,684,709,605,621],"ecologico":[831],"medioambiente":[846],"solucion":[873],"tipo-de-aplicacion":[781,783,784],"product_brand":[],"product_cat":[1022],"product_tag":[],"class_list":{"0":"post-37477","1":"product","2":"type-product","3":"status-publish","4":"has-post-thumbnail","6":"cultivo-lima-2","7":"cultivo-coco","8":"cultivo-brocoli","9":"cultivo-cogombre","10":"cultivo-flors","11":"cultivo-albercoc","12":"cultivo-mandari","13":"cultivo-fruits-rojos-berries","14":"cultivo-carbasso","15":"cultivo-pebrot","16":"cultivo-ametller","17":"cultivo-poma","18":"cultivo-guayaba","19":"cultivo-carabassa","20":"cultivo-porro","21":"cultivo-avellaner","22":"cultivo-pressec","23":"cultivo-lychee","24":"cultivo-ceba","25":"cultivo-rave","26":"cultivo-caqui","27":"cultivo-codonyer","28":"cultivo-manec","29":"cultivo-col","30":"cultivo-remolatxa","31":"cultivo-castany","32":"cultivo-taronger","33":"cultivo-maracuia","34":"cultivo-cols-de-brusselles","35":"cultivo-rucula","36":"cultivo-cirerer","37":"cultivo-nectarina","38":"cultivo-papaia","39":"cultivo-coliflor","40":"cultivo-sindria","41":"cultivo-prunera","42":"cultivo-noguera","43":"cultivo-pinya","44":"cultivo-escarola","45":"cultivo-soja-verda","46":"cultivo-clementi","47":"cultivo-olivera","48":"cultivo-pitahaya","49":"cultivo-espinac","50":"cultivo-tomaquet","51":"cultivo-granat","52":"cultivo-parra-ornamental","53":"cultivo-tamarindo","54":"cultivo-pesol","55":"cultivo-pastanaga","56":"cultivo-figuera","57":"cultivo-perera","58":"cultivo-te","59":"cultivo-fava-tendra","60":"cultivo-cereals","61":"cultivo-tropicals","62":"cultivo-kiwi","63":"cultivo-festuc","64":"cultivo-yuca","65":"cultivo-mongeta-tendra","66":"cultivo-farratgeres-i-pastures","67":"cultivo-cacau","68":"cultivo-llimoner","69":"cultivo-aranja","70":"cultivo-bleda-2","71":"cultivo-enciam","72":"cultivo-lleguminoses-extensives-2","73":"cultivo-fruiters","74":"cultivo-alvocat","75":"cultivo-videu","76":"cultivo-all","77":"cultivo-melo","78":"cultivo-oleaginoses","79":"cultivo-horticoles","80":"cultivo-bana-platan","81":"cultivo-canya-de-sucre","82":"cultivo-alberginia","83":"cultivo-nap","84":"cultivo-arbres-ornamentals","85":"cultivo-extensius","86":"cultivo-cafe","87":"cultivo-chirimoya","88":"cultivo-moniato","89":"cultivo-patata","90":"cultivo-gespedes","91":"cultivo-parcs-i-jardins","92":"cultivo-carambola","93":"ecologico-no","94":"medioambiente-eficiencia-de-lus-de-nutrients","95":"solucion-deficencia-de-mg","96":"tipo-de-aplicacion-foliar","97":"tipo-de-aplicacion-dron","98":"tipo-de-aplicacion-avioneta","99":"product_cat-quelats","101":"first","102":"instock","103":"shipping-taxable","104":"product-type-simple"},"acf":[],"_links":{"self":[{"href":"https:\/\/labin.net\/ca\/wp-json\/wp\/v2\/product\/37477","targetHints":{"allow":["GET"]}}],"collection":[{"href":"https:\/\/labin.net\/ca\/wp-json\/wp\/v2\/product"}],"about":[{"href":"https:\/\/labin.net\/ca\/wp-json\/wp\/v2\/types\/product"}],"replies":[{"embeddable":true,"href":"https:\/\/labin.net\/ca\/wp-json\/wp\/v2\/comments?post=37477"}],"wp:featuredmedia":[{"embeddable":true,"href":"https:\/\/labin.net\/ca\/wp-json\/wp\/v2\/media\/35489"}],"wp:attachment":[{"href":"https:\/\/labin.net\/ca\/wp-json\/wp\/v2\/media?parent=37477"}],"wp:term":[{"taxonomy":"cultivo","embeddable":true,"href":"https:\/\/labin.net\/ca\/wp-json\/wp\/v2\/cultivo?post=37477"},{"taxonomy":"ecologico","embeddable":true,"href":"https:\/\/labin.net\/ca\/wp-json\/wp\/v2\/ecologico?post=37477"},{"taxonomy":"medioambiente","embeddable":true,"href":"https:\/\/labin.net\/ca\/wp-json\/wp\/v2\/medioambiente?post=37477"},{"taxonomy":"solucion","embeddable":true,"href":"https:\/\/labin.net\/ca\/wp-json\/wp\/v2\/solucion?post=37477"},{"taxonomy":"tipo-de-aplicacion","embeddable":true,"href":"https:\/\/labin.net\/ca\/wp-json\/wp\/v2\/tipo-de-aplicacion?post=37477"},{"taxonomy":"product_brand","embeddable":true,"href":"https:\/\/labin.net\/ca\/wp-json\/wp\/v2\/product_brand?post=37477"},{"taxonomy":"product_cat","embeddable":true,"href":"https:\/\/labin.net\/ca\/wp-json\/wp\/v2\/product_cat?post=37477"},{"taxonomy":"product_tag","embeddable":true,"href":"https:\/\/labin.net\/ca\/wp-json\/wp\/v2\/product_tag?post=37477"}],"curies":[{"name":"wp","href":"https:\/\/api.w.org\/{rel}","templated":true}]}}