{"id":37469,"date":"2025-11-28T15:23:01","date_gmt":"2025-11-28T15:23:01","guid":{"rendered":"https:labin.net\/producto\/labin-12-6-42mgo\/"},"modified":"2026-01-19T10:40:25","modified_gmt":"2026-01-19T10:40:25","slug":"labin-12-6-42mgo","status":"publish","type":"product","link":"https:\/\/labin.net\/ca\/producto\/labin-12-6-42mgo\/","title":{"rendered":"LABIN 12-6-4+2MgO"},"content":{"rendered":"<p><b>LABIN<\/b> <b>12-6-4<\/b> \u00e9s un <b>adob<\/b> <b>\u00f2rgan-mineral granulat<\/b> indicat per a tot tipus de cultius en els abonats de fons. Amb el seu equilibri <b>NPK 3-1,5-1<\/b>, amb aportaci\u00f3 de magnesi, sofre i \u00e0cids h\u00famics, aconseguim <b>deixar a disposici\u00f3 de la planta els<\/b> <b>nutrients<\/b> <b>necessaris<\/b> <b>per poder<\/b> <b>iniciar<\/b><b>-ne el desenvolupament<\/b>, aix\u00ed com aquells nutrients que anir\u00e0 absorbint amb el pas del temps gr\u00e0cies a l&#8217;actuaci\u00f3 de la <b>MAT\u00c8RIA ORG\u00c0NICA<\/b><b>.<\/b><\/p>\n<p>La mat\u00e8ria org\u00e0nica que incorpora a cada gr\u00e0nul \u00e9s <b>LIGNIT<\/b> <b>ESPECIAL H\u00daMIC<\/b> que en combinar-se amb els elements minerals afavoreix l&#8217;assimilaci\u00f3 dels nutrients, <b>augmentant l&#8217;efic\u00e0cia de la fertilitzaci\u00f3 i evitant rentats i bloquejos a terra.<\/b><\/p>\n","protected":false},"excerpt":{"rendered":"<ul>\n<li><b>Granulat de f\u00e0cil aplicaci\u00f3<\/b><\/li>\n<li><b>Mat\u00e8ria org\u00e0nica estable<\/b><\/li>\n<li><b>M\u00e9s efic\u00e0cia de les unitats fertilitzants<\/b><\/li>\n<li><b>Millora la fertilitat del terra<\/b><\/li>\n<\/ul>\n","protected":false},"featured_media":35462,"comment_status":"open","ping_status":"closed","template":"","meta":{"_acf_changed":false},"cultivo":[615,632,652,678,700,133,616,633,654,679,702,134,617,634,656,680,704,602,618,635,658,681,706,603,619,636,659,682,707,604,620,637,661,683,708,605,621,638,662,684,709,606,623,639,663,686,710,607,624,641,664,687,608,625,643,666,688,609,626,644,668,689,610,627,646,670,691,611,628,647,672,693,612,629,648,674,695,613,630,649,676,697,614,631,650,677,698],"ecologico":[831],"medioambiente":[835,846],"solucion":[855,860,865],"tipo-de-aplicacion":[711],"product_brand":[],"product_cat":[985],"product_tag":[],"class_list":{"0":"post-37469","1":"product","2":"type-product","3":"status-publish","4":"has-post-thumbnail","6":"cultivo-figuera","7":"cultivo-parra-ornamental","8":"cultivo-tamarindo","9":"cultivo-pesol","10":"cultivo-pastanaga","11":"cultivo-tropicals","12":"cultivo-kiwi","13":"cultivo-perera","14":"cultivo-te","15":"cultivo-fava-tendra","16":"cultivo-cereals","17":"cultivo-cacau","18":"cultivo-llimoner","19":"cultivo-festuc","20":"cultivo-yuca","21":"cultivo-mongeta-tendra","22":"cultivo-farratgeres-i-pastures","23":"cultivo-fruiters","24":"cultivo-alvocat","25":"cultivo-aranja","26":"cultivo-bleda-2","27":"cultivo-enciam","28":"cultivo-lleguminoses-extensives-2","29":"cultivo-horticoles","30":"cultivo-bana-platan","31":"cultivo-videu","32":"cultivo-all","33":"cultivo-melo","34":"cultivo-oleaginoses","35":"cultivo-extensius","36":"cultivo-cafe","37":"cultivo-canya-de-sucre","38":"cultivo-alberginia","39":"cultivo-nap","40":"cultivo-arbres-ornamentals","41":"cultivo-parcs-i-jardins","42":"cultivo-carambola","43":"cultivo-chirimoya","44":"cultivo-moniato","45":"cultivo-patata","46":"cultivo-gespedes","47":"cultivo-albercoc","48":"cultivo-lima-2","49":"cultivo-coco","50":"cultivo-brocoli","51":"cultivo-cogombre","52":"cultivo-flors","53":"cultivo-ametller","54":"cultivo-mandari","55":"cultivo-fruits-rojos-berries","56":"cultivo-carbasso","57":"cultivo-pebrot","58":"cultivo-avellaner","59":"cultivo-poma","60":"cultivo-guayaba","61":"cultivo-carabassa","62":"cultivo-porro","63":"cultivo-caqui","64":"cultivo-pressec","65":"cultivo-lychee","66":"cultivo-ceba","67":"cultivo-rave","68":"cultivo-castany","69":"cultivo-codonyer","70":"cultivo-manec","71":"cultivo-col","72":"cultivo-remolatxa","73":"cultivo-cirerer","74":"cultivo-taronger","75":"cultivo-maracuia","76":"cultivo-cols-de-brusselles","77":"cultivo-rucula","78":"cultivo-prunera","79":"cultivo-nectarina","80":"cultivo-papaia","81":"cultivo-coliflor","82":"cultivo-sindria","83":"cultivo-clementi","84":"cultivo-noguera","85":"cultivo-pinya","86":"cultivo-escarola","87":"cultivo-soja-verda","88":"cultivo-granat","89":"cultivo-olivera","90":"cultivo-pitahaya","91":"cultivo-espinac","92":"cultivo-tomaquet","93":"ecologico-no","94":"medioambiente-reduccio-empremta-de-co2","95":"medioambiente-eficiencia-de-lus-de-nutrients","96":"solucion-deficencia-de-n","97":"solucion-deficencia-de-p","98":"solucion-deficencia-de-k","99":"tipo-de-aplicacion-aplicacio-a-terra","100":"product_cat-adobs-granulats-i-microgranulats","102":"first","103":"instock","104":"shipping-taxable","105":"product-type-simple"},"acf":[],"_links":{"self":[{"href":"https:\/\/labin.net\/ca\/wp-json\/wp\/v2\/product\/37469","targetHints":{"allow":["GET"]}}],"collection":[{"href":"https:\/\/labin.net\/ca\/wp-json\/wp\/v2\/product"}],"about":[{"href":"https:\/\/labin.net\/ca\/wp-json\/wp\/v2\/types\/product"}],"replies":[{"embeddable":true,"href":"https:\/\/labin.net\/ca\/wp-json\/wp\/v2\/comments?post=37469"}],"wp:featuredmedia":[{"embeddable":true,"href":"https:\/\/labin.net\/ca\/wp-json\/wp\/v2\/media\/35462"}],"wp:attachment":[{"href":"https:\/\/labin.net\/ca\/wp-json\/wp\/v2\/media?parent=37469"}],"wp:term":[{"taxonomy":"cultivo","embeddable":true,"href":"https:\/\/labin.net\/ca\/wp-json\/wp\/v2\/cultivo?post=37469"},{"taxonomy":"ecologico","embeddable":true,"href":"https:\/\/labin.net\/ca\/wp-json\/wp\/v2\/ecologico?post=37469"},{"taxonomy":"medioambiente","embeddable":true,"href":"https:\/\/labin.net\/ca\/wp-json\/wp\/v2\/medioambiente?post=37469"},{"taxonomy":"solucion","embeddable":true,"href":"https:\/\/labin.net\/ca\/wp-json\/wp\/v2\/solucion?post=37469"},{"taxonomy":"tipo-de-aplicacion","embeddable":true,"href":"https:\/\/labin.net\/ca\/wp-json\/wp\/v2\/tipo-de-aplicacion?post=37469"},{"taxonomy":"product_brand","embeddable":true,"href":"https:\/\/labin.net\/ca\/wp-json\/wp\/v2\/product_brand?post=37469"},{"taxonomy":"product_cat","embeddable":true,"href":"https:\/\/labin.net\/ca\/wp-json\/wp\/v2\/product_cat?post=37469"},{"taxonomy":"product_tag","embeddable":true,"href":"https:\/\/labin.net\/ca\/wp-json\/wp\/v2\/product_tag?post=37469"}],"curies":[{"name":"wp","href":"https:\/\/api.w.org\/{rel}","templated":true}]}}