{"id":37467,"date":"2025-11-28T15:16:21","date_gmt":"2025-11-28T15:16:21","guid":{"rendered":"https:labin.net\/producto\/labipack-ametlle\/"},"modified":"2026-01-19T11:41:55","modified_gmt":"2026-01-19T11:41:55","slug":"labipack-almendro","status":"publish","type":"product","link":"https:\/\/labin.net\/ca\/producto\/labipack-almendro\/","title":{"rendered":"LABIPACK ALMENDRO"},"content":{"rendered":"<p>Abonament foliar que aporta els <b>macro, meso i microelements<\/b> necessaris per al desenvolupament de l&#8217;<b>AMETLLER<\/b> en totes les fases vegetatives.<\/p>\n<p>A m\u00e9s, la incorporaci\u00f3 dels <b>amino\u00e0cids lliures provoca una estimulaci\u00f3 general al cos de l&#8217;arbre<\/b> perqu\u00e8 assimili i transporti millor els nutrients que aportem en la fertilitzaci\u00f3. \u00c9s un producte <b>COMPLET<\/b> que integra en un sol formulat els nutrients que s&#8217;apliquen habitualment per separat al cultiu de l&#8217;ametller. Amb <b>LABIPACK ALMENDRO<\/b>\u00a0<b>aconseguim una forta sinergia entre ells, aconseguint millors resultats.<\/b> A m\u00e9s, guanyem en comoditat. Afegim un sol producte als tractaments, reduint aix\u00ed els costos econ\u00f2mics que comporta.<\/p>\n<p>Tamb\u00e9 guanyem en efic\u00e0cia. <b>La formulaci\u00f3 del producte aconsegueix una sinergia molt important dels seus components, per la qual cosa els resultats s\u00f3n millors que si apliqu\u00e9ssim els productes per separat.<\/b> Amb aquest producte aconseguirem millors rendiments per hect\u00e0rea, sobretot <b>en per\u00edodes de sequera.<\/b><\/p>\n","protected":false},"excerpt":{"rendered":"<ul>\n<li><b>Totalment soluble<\/b><\/li>\n<li><b>Major efic\u00e0cia i sinergia <\/b><\/li>\n<li><b>Fertilitzant foliar complet<\/b><\/li>\n<li><b>Tot en un sol producte<\/b><\/li>\n<li><b>Enriquit amb amino\u00e0cids i microelements<\/b><\/li>\n<\/ul>\n","protected":false},"featured_media":35475,"comment_status":"open","ping_status":"closed","template":"","meta":{"_acf_changed":false},"cultivo":[607],"ecologico":[831],"medioambiente":[846],"solucion":[855,860,865,879],"tipo-de-aplicacion":[712,781],"product_brand":[],"product_cat":[1009],"product_tag":[],"class_list":{"0":"post-37467","1":"product","2":"type-product","3":"status-publish","4":"has-post-thumbnail","6":"cultivo-ametller","7":"ecologico-no","8":"medioambiente-eficiencia-de-lus-de-nutrients","9":"solucion-deficencia-de-n","10":"solucion-deficencia-de-p","11":"solucion-deficencia-de-k","12":"solucion-deficencia-de-micros","13":"tipo-de-aplicacion-fertirrigacio","14":"tipo-de-aplicacion-foliar","15":"product_cat-especialitats","17":"first","18":"instock","19":"shipping-taxable","20":"product-type-simple"},"acf":[],"_links":{"self":[{"href":"https:\/\/labin.net\/ca\/wp-json\/wp\/v2\/product\/37467","targetHints":{"allow":["GET"]}}],"collection":[{"href":"https:\/\/labin.net\/ca\/wp-json\/wp\/v2\/product"}],"about":[{"href":"https:\/\/labin.net\/ca\/wp-json\/wp\/v2\/types\/product"}],"replies":[{"embeddable":true,"href":"https:\/\/labin.net\/ca\/wp-json\/wp\/v2\/comments?post=37467"}],"wp:featuredmedia":[{"embeddable":true,"href":"https:\/\/labin.net\/ca\/wp-json\/wp\/v2\/media\/35475"}],"wp:attachment":[{"href":"https:\/\/labin.net\/ca\/wp-json\/wp\/v2\/media?parent=37467"}],"wp:term":[{"taxonomy":"cultivo","embeddable":true,"href":"https:\/\/labin.net\/ca\/wp-json\/wp\/v2\/cultivo?post=37467"},{"taxonomy":"ecologico","embeddable":true,"href":"https:\/\/labin.net\/ca\/wp-json\/wp\/v2\/ecologico?post=37467"},{"taxonomy":"medioambiente","embeddable":true,"href":"https:\/\/labin.net\/ca\/wp-json\/wp\/v2\/medioambiente?post=37467"},{"taxonomy":"solucion","embeddable":true,"href":"https:\/\/labin.net\/ca\/wp-json\/wp\/v2\/solucion?post=37467"},{"taxonomy":"tipo-de-aplicacion","embeddable":true,"href":"https:\/\/labin.net\/ca\/wp-json\/wp\/v2\/tipo-de-aplicacion?post=37467"},{"taxonomy":"product_brand","embeddable":true,"href":"https:\/\/labin.net\/ca\/wp-json\/wp\/v2\/product_brand?post=37467"},{"taxonomy":"product_cat","embeddable":true,"href":"https:\/\/labin.net\/ca\/wp-json\/wp\/v2\/product_cat?post=37467"},{"taxonomy":"product_tag","embeddable":true,"href":"https:\/\/labin.net\/ca\/wp-json\/wp\/v2\/product_tag?post=37467"}],"curies":[{"name":"wp","href":"https:\/\/api.w.org\/{rel}","templated":true}]}}