{"id":37457,"date":"2025-12-05T11:01:18","date_gmt":"2025-12-05T11:01:18","guid":{"rendered":"https:labin.net\/producto\/labin-micromix-12\/"},"modified":"2025-12-05T11:01:18","modified_gmt":"2025-12-05T11:01:18","slug":"labin-micromix-12","status":"publish","type":"product","link":"https:\/\/labin.net\/ca\/producto\/labin-micromix-12\/","title":{"rendered":"LABIN MICROMIX 12"},"content":{"rendered":"<p>La gamma LABIN Micros ofereix un conjunt de productes que aporten microelements quelatats en forma s\u00f2lida, per a aplicaci\u00f3 foliar i radicular.<\/p>\n<p>La seva especial formulaci\u00f3 garanteix una perfecta solubilitat, assimilaci\u00f3 i compatibilitat amb altres agroqu\u00edmics. Aquests productes ofereixen diferents combinacions i riqueses per adaptar-se a les diferents necessitats dels cultius, tipus de s\u00f2l, etc. \u00c9s important utilitzar-lo com a complement de la fertirrigaci\u00f3 en cultius intensius on les elevades produccions exigeixen aportacions importants d&#8217;oligoelements. Encara que es poden utilitzar com a curatiu per a mancances ja visibles, s&#8217;aconsella utilitzar-los com a prevenci\u00f3, abans que apareguin s\u00edmptomes. Quan aix\u00f2 passa els danys sobre el cultiu poden ser ja molt greus.    <\/p>\n","protected":false},"excerpt":{"rendered":"<ul>\n<li>Formulaci\u00f3 altament quelatada i assimilable<\/li>\n<li>Fertirrigaci\u00f3 i aplicaci\u00f3 foliar<\/li>\n<li>Per a tot tipus de cultius intensius<\/li>\n<li>Producte utilitzable en Agricultura Ecol\u00f2gica<\/li>\n<\/ul>\n","protected":false},"featured_media":36302,"comment_status":"closed","ping_status":"closed","template":"","meta":{"_acf_changed":false},"cultivo":[134,617,634,656,680,704,602,618,635,658,681,706,603,619,636,659,682,707,604,620,637,661,683,708,605,621,638,662,684,709,606,623,639,663,686,710,607,624,641,664,687,608,625,643,666,688,609,626,644,668,689,610,627,646,670,691,611,628,647,672,693,612,629,648,674,695,613,630,649,676,697,614,631,650,677,698,615,632,652,678,700,133,616,633,654,679,702],"ecologico":[827],"medioambiente":[846],"solucion":[884,879],"tipo-de-aplicacion":[781,712],"product_brand":[],"product_cat":[976],"product_tag":[],"class_list":{"0":"post-37457","1":"product","2":"type-product","3":"status-publish","4":"has-post-thumbnail","6":"cultivo-cacau","7":"cultivo-llimoner","8":"cultivo-festuc","9":"cultivo-yuca","10":"cultivo-mongeta-tendra","11":"cultivo-farratgeres-i-pastures","12":"cultivo-fruiters","13":"cultivo-alvocat","14":"cultivo-aranja","15":"cultivo-bleda-2","16":"cultivo-enciam","17":"cultivo-lleguminoses-extensives-2","18":"cultivo-horticoles","19":"cultivo-bana-platan","20":"cultivo-videu","21":"cultivo-all","22":"cultivo-melo","23":"cultivo-oleaginoses","24":"cultivo-extensius","25":"cultivo-cafe","26":"cultivo-canya-de-sucre","27":"cultivo-alberginia","28":"cultivo-nap","29":"cultivo-arbres-ornamentals","30":"cultivo-parcs-i-jardins","31":"cultivo-carambola","32":"cultivo-chirimoya","33":"cultivo-moniato","34":"cultivo-patata","35":"cultivo-gespedes","36":"cultivo-albercoc","37":"cultivo-lima-2","38":"cultivo-coco","39":"cultivo-brocoli","40":"cultivo-cogombre","41":"cultivo-flors","42":"cultivo-ametller","43":"cultivo-mandari","44":"cultivo-fruits-rojos-berries","45":"cultivo-carbasso","46":"cultivo-pebrot","47":"cultivo-avellaner","48":"cultivo-poma","49":"cultivo-guayaba","50":"cultivo-carabassa","51":"cultivo-porro","52":"cultivo-caqui","53":"cultivo-pressec","54":"cultivo-lychee","55":"cultivo-ceba","56":"cultivo-rave","57":"cultivo-castany","58":"cultivo-codonyer","59":"cultivo-manec","60":"cultivo-col","61":"cultivo-remolatxa","62":"cultivo-cirerer","63":"cultivo-taronger","64":"cultivo-maracuia","65":"cultivo-cols-de-brusselles","66":"cultivo-rucula","67":"cultivo-prunera","68":"cultivo-nectarina","69":"cultivo-papaia","70":"cultivo-coliflor","71":"cultivo-sindria","72":"cultivo-clementi","73":"cultivo-noguera","74":"cultivo-pinya","75":"cultivo-escarola","76":"cultivo-soja-verda","77":"cultivo-granat","78":"cultivo-olivera","79":"cultivo-pitahaya","80":"cultivo-espinac","81":"cultivo-tomaquet","82":"cultivo-figuera","83":"cultivo-parra-ornamental","84":"cultivo-tamarindo","85":"cultivo-pesol","86":"cultivo-pastanaga","87":"cultivo-tropicals","88":"cultivo-kiwi","89":"cultivo-perera","90":"cultivo-te","91":"cultivo-fava-tendra","92":"cultivo-cereals","93":"ecologico-si","94":"medioambiente-eficiencia-de-lus-de-nutrients","95":"solucion-deficencia-de-fe","96":"solucion-deficencia-de-micros","97":"tipo-de-aplicacion-foliar","98":"tipo-de-aplicacion-fertirrigacio","99":"product_cat-corrector-de-carencies","101":"first","102":"instock","103":"shipping-taxable","104":"product-type-simple"},"acf":[],"_links":{"self":[{"href":"https:\/\/labin.net\/ca\/wp-json\/wp\/v2\/product\/37457","targetHints":{"allow":["GET"]}}],"collection":[{"href":"https:\/\/labin.net\/ca\/wp-json\/wp\/v2\/product"}],"about":[{"href":"https:\/\/labin.net\/ca\/wp-json\/wp\/v2\/types\/product"}],"replies":[{"embeddable":true,"href":"https:\/\/labin.net\/ca\/wp-json\/wp\/v2\/comments?post=37457"}],"wp:featuredmedia":[{"embeddable":true,"href":"https:\/\/labin.net\/ca\/wp-json\/wp\/v2\/media\/36302"}],"wp:attachment":[{"href":"https:\/\/labin.net\/ca\/wp-json\/wp\/v2\/media?parent=37457"}],"wp:term":[{"taxonomy":"cultivo","embeddable":true,"href":"https:\/\/labin.net\/ca\/wp-json\/wp\/v2\/cultivo?post=37457"},{"taxonomy":"ecologico","embeddable":true,"href":"https:\/\/labin.net\/ca\/wp-json\/wp\/v2\/ecologico?post=37457"},{"taxonomy":"medioambiente","embeddable":true,"href":"https:\/\/labin.net\/ca\/wp-json\/wp\/v2\/medioambiente?post=37457"},{"taxonomy":"solucion","embeddable":true,"href":"https:\/\/labin.net\/ca\/wp-json\/wp\/v2\/solucion?post=37457"},{"taxonomy":"tipo-de-aplicacion","embeddable":true,"href":"https:\/\/labin.net\/ca\/wp-json\/wp\/v2\/tipo-de-aplicacion?post=37457"},{"taxonomy":"product_brand","embeddable":true,"href":"https:\/\/labin.net\/ca\/wp-json\/wp\/v2\/product_brand?post=37457"},{"taxonomy":"product_cat","embeddable":true,"href":"https:\/\/labin.net\/ca\/wp-json\/wp\/v2\/product_cat?post=37457"},{"taxonomy":"product_tag","embeddable":true,"href":"https:\/\/labin.net\/ca\/wp-json\/wp\/v2\/product_tag?post=37457"}],"curies":[{"name":"wp","href":"https:\/\/api.w.org\/{rel}","templated":true}]}}