{"id":37450,"date":"2025-12-05T11:01:18","date_gmt":"2025-12-05T11:01:18","guid":{"rendered":"https:labin.net\/producto\/labifol-boro-15\/"},"modified":"2026-01-19T09:21:10","modified_gmt":"2026-01-19T09:21:10","slug":"labifol-boro-15","status":"publish","type":"product","link":"https:\/\/labin.net\/ca\/producto\/labifol-boro-15\/","title":{"rendered":"LABIFOL BORO 15%"},"content":{"rendered":"<p><strong>LABIFOL BORO 15%<\/strong> \u00e9s un fertilitzant l\u00edquid que aporta bor totalment soluble i assimilable. El bor \u00e9s un element essencial en molts cultius ja que interv\u00e9 en una gran quantitat de processos metab\u00f2lics i la seva defici\u00e8ncia pot causar importants reduccions de producci\u00f3, at\u00e8s que \u00e9s l&#8217;element primordial a l&#8217;allargament del tub pol\u00b7l\u00ednic i la germinaci\u00f3 del pol\u00b7len.<\/p>\n<p><strong>LABIFOL BORO 15%<\/strong> cont\u00e9 bor complexat. Els agents complexants i altres coformulants s\u00f3n els responsables que el bor sigui absorbit i translocat amb molta rapidesa.<\/p>\n","protected":false},"excerpt":{"rendered":"<ul>\n<li>Bor complexat amb etanolamina per a aplicaci\u00f3 foliar<\/li>\n<li>Alta assimilaci\u00f3 i translocaci\u00f3<\/li>\n<li>Excel\u00b7lents resultats en cultius sensibles<\/li>\n<li>Afavoreix la floraci\u00f3 i augment de les produccions<\/li>\n<\/ul>\n","protected":false},"featured_media":36272,"comment_status":"closed","ping_status":"closed","template":"","meta":{"_acf_changed":false},"cultivo":[607,624,641,664,687,608,625,643,666,688,609,626,644,668,689,610,627,646,670,691,611,628,647,672,693,612,629,648,674,695,613,630,649,676,697,614,631,650,677,698,615,632,652,678,700,133,616,633,654,679,702,134,617,634,656,680,704,602,618,635,658,681,706,603,619,636,659,682,707,604,620,637,661,683,708,605,621,638,662,684,709,606,623,639,663,686,710],"ecologico":[827],"medioambiente":[846],"solucion":[892,926,944],"tipo-de-aplicacion":[712,781,783,784],"product_brand":[],"product_cat":[976],"product_tag":[],"class_list":{"0":"post-37450","1":"product","2":"type-product","3":"status-publish","4":"has-post-thumbnail","6":"cultivo-ametller","7":"cultivo-mandari","8":"cultivo-fruits-rojos-berries","9":"cultivo-carbasso","10":"cultivo-pebrot","11":"cultivo-avellaner","12":"cultivo-poma","13":"cultivo-guayaba","14":"cultivo-carabassa","15":"cultivo-porro","16":"cultivo-caqui","17":"cultivo-pressec","18":"cultivo-lychee","19":"cultivo-ceba","20":"cultivo-rave","21":"cultivo-castany","22":"cultivo-codonyer","23":"cultivo-manec","24":"cultivo-col","25":"cultivo-remolatxa","26":"cultivo-cirerer","27":"cultivo-taronger","28":"cultivo-maracuia","29":"cultivo-cols-de-brusselles","30":"cultivo-rucula","31":"cultivo-prunera","32":"cultivo-nectarina","33":"cultivo-papaia","34":"cultivo-coliflor","35":"cultivo-sindria","36":"cultivo-clementi","37":"cultivo-noguera","38":"cultivo-pinya","39":"cultivo-escarola","40":"cultivo-soja-verda","41":"cultivo-granat","42":"cultivo-olivera","43":"cultivo-pitahaya","44":"cultivo-espinac","45":"cultivo-tomaquet","46":"cultivo-figuera","47":"cultivo-parra-ornamental","48":"cultivo-tamarindo","49":"cultivo-pesol","50":"cultivo-pastanaga","51":"cultivo-tropicals","52":"cultivo-kiwi","53":"cultivo-perera","54":"cultivo-te","55":"cultivo-fava-tendra","56":"cultivo-cereals","57":"cultivo-cacau","58":"cultivo-llimoner","59":"cultivo-festuc","60":"cultivo-yuca","61":"cultivo-mongeta-tendra","62":"cultivo-farratgeres-i-pastures","63":"cultivo-fruiters","64":"cultivo-alvocat","65":"cultivo-aranja","66":"cultivo-bleda-2","67":"cultivo-enciam","68":"cultivo-lleguminoses-extensives-2","69":"cultivo-horticoles","70":"cultivo-bana-platan","71":"cultivo-videu","72":"cultivo-all","73":"cultivo-melo","74":"cultivo-oleaginoses","75":"cultivo-extensius","76":"cultivo-cafe","77":"cultivo-canya-de-sucre","78":"cultivo-alberginia","79":"cultivo-nap","80":"cultivo-arbres-ornamentals","81":"cultivo-parcs-i-jardins","82":"cultivo-carambola","83":"cultivo-chirimoya","84":"cultivo-moniato","85":"cultivo-patata","86":"cultivo-gespedes","87":"cultivo-albercoc","88":"cultivo-lima-2","89":"cultivo-coco","90":"cultivo-brocoli","91":"cultivo-cogombre","92":"cultivo-flors","93":"ecologico-si","94":"medioambiente-eficiencia-de-lus-de-nutrients","95":"solucion-deficencia-de-b","96":"solucion-floracio-i-formacio-del-fruit","97":"solucion-augment-qualitat-fruit","98":"tipo-de-aplicacion-fertirrigacio","99":"tipo-de-aplicacion-foliar","100":"tipo-de-aplicacion-dron","101":"tipo-de-aplicacion-avioneta","102":"product_cat-corrector-de-carencies","104":"first","105":"instock","106":"shipping-taxable","107":"product-type-simple"},"acf":[],"_links":{"self":[{"href":"https:\/\/labin.net\/ca\/wp-json\/wp\/v2\/product\/37450","targetHints":{"allow":["GET"]}}],"collection":[{"href":"https:\/\/labin.net\/ca\/wp-json\/wp\/v2\/product"}],"about":[{"href":"https:\/\/labin.net\/ca\/wp-json\/wp\/v2\/types\/product"}],"replies":[{"embeddable":true,"href":"https:\/\/labin.net\/ca\/wp-json\/wp\/v2\/comments?post=37450"}],"wp:featuredmedia":[{"embeddable":true,"href":"https:\/\/labin.net\/ca\/wp-json\/wp\/v2\/media\/36272"}],"wp:attachment":[{"href":"https:\/\/labin.net\/ca\/wp-json\/wp\/v2\/media?parent=37450"}],"wp:term":[{"taxonomy":"cultivo","embeddable":true,"href":"https:\/\/labin.net\/ca\/wp-json\/wp\/v2\/cultivo?post=37450"},{"taxonomy":"ecologico","embeddable":true,"href":"https:\/\/labin.net\/ca\/wp-json\/wp\/v2\/ecologico?post=37450"},{"taxonomy":"medioambiente","embeddable":true,"href":"https:\/\/labin.net\/ca\/wp-json\/wp\/v2\/medioambiente?post=37450"},{"taxonomy":"solucion","embeddable":true,"href":"https:\/\/labin.net\/ca\/wp-json\/wp\/v2\/solucion?post=37450"},{"taxonomy":"tipo-de-aplicacion","embeddable":true,"href":"https:\/\/labin.net\/ca\/wp-json\/wp\/v2\/tipo-de-aplicacion?post=37450"},{"taxonomy":"product_brand","embeddable":true,"href":"https:\/\/labin.net\/ca\/wp-json\/wp\/v2\/product_brand?post=37450"},{"taxonomy":"product_cat","embeddable":true,"href":"https:\/\/labin.net\/ca\/wp-json\/wp\/v2\/product_cat?post=37450"},{"taxonomy":"product_tag","embeddable":true,"href":"https:\/\/labin.net\/ca\/wp-json\/wp\/v2\/product_tag?post=37450"}],"curies":[{"name":"wp","href":"https:\/\/api.w.org\/{rel}","templated":true}]}}