{"id":37447,"date":"2025-12-05T11:01:18","date_gmt":"2025-12-05T11:01:18","guid":{"rendered":"https:labin.net\/producto\/labifol-mzp-94\/"},"modified":"2026-01-19T09:37:21","modified_gmt":"2026-01-19T09:37:21","slug":"labifol-mzp-94","status":"publish","type":"product","link":"https:\/\/labin.net\/ca\/producto\/labifol-mzp-94\/","title":{"rendered":"LABIFOL MZP-94"},"content":{"rendered":"<p><strong>LABIFOL MZP-94<\/strong> \u00e9s un producte en pols, <strong>utilitzable en Agricultura Ecol\u00f2gica,<\/strong> especialment formulat per a <strong>l&#8217;aportaci\u00f3 de mangan\u00e8s i zinc, totalment soluble en aigua, que s&#8217;absorbeix amb rapidesa dins el cos vegetatiu<\/strong>.<\/p>\n<p>El zinc i el mangan\u00e8s solen estar bloquejats a terra, per aquesta ra\u00f3 solen existir mancances no visibles en nombrosos cultius, sobretot en arbres c\u00edtrics, fruiters i hortalisses.<\/p>\n<p>En aquest producte, aquests dos microelements han estat complexats amb subst\u00e0ncies naturals (lignosulfonats) que s\u00f3n reconegudes per la planta com a pr\u00f2pies. Aix\u00f2 explica la seva alta efic\u00e0cia, tant en aplicaci\u00f3 foliar com per fertirrigaci\u00f3.<\/p>\n","protected":false},"excerpt":{"rendered":"<ul>\n<li>Utilitzable en Agricultura Ecol\u00f2gica<\/li>\n<li>Soluci\u00f3 efica\u00e7 en varietats problem\u00e0tiques<\/li>\n<li>Complexat amb lignosulfonats naturals<\/li>\n<\/ul>\n","protected":false},"featured_media":36242,"comment_status":"closed","ping_status":"closed","template":"","meta":{"_acf_changed":false},"cultivo":[666,688,608,625,643,668,689,609,626,644,670,691,610,627,646,672,693,611,628,647,674,695,612,629,648,676,697,613,630,649,677,698,614,631,650,678,700,615,632,652,679,702,133,616,633,654,680,704,134,617,634,656,681,706,602,618,635,658,682,707,603,619,636,659,683,708,604,620,637,661,684,709,605,621,638,662,686,710,606,623,639,663,687,607,624,641,664],"ecologico":[827],"medioambiente":[846],"solucion":[900,904],"tipo-de-aplicacion":[712,781],"product_brand":[],"product_cat":[976],"product_tag":[],"class_list":{"0":"post-37447","1":"product","2":"type-product","3":"status-publish","4":"has-post-thumbnail","6":"cultivo-carabassa","7":"cultivo-porro","8":"cultivo-avellaner","9":"cultivo-poma","10":"cultivo-guayaba","11":"cultivo-ceba","12":"cultivo-rave","13":"cultivo-caqui","14":"cultivo-pressec","15":"cultivo-lychee","16":"cultivo-col","17":"cultivo-remolatxa","18":"cultivo-castany","19":"cultivo-codonyer","20":"cultivo-manec","21":"cultivo-cols-de-brusselles","22":"cultivo-rucula","23":"cultivo-cirerer","24":"cultivo-taronger","25":"cultivo-maracuia","26":"cultivo-coliflor","27":"cultivo-sindria","28":"cultivo-prunera","29":"cultivo-nectarina","30":"cultivo-papaia","31":"cultivo-escarola","32":"cultivo-soja-verda","33":"cultivo-clementi","34":"cultivo-noguera","35":"cultivo-pinya","36":"cultivo-espinac","37":"cultivo-tomaquet","38":"cultivo-granat","39":"cultivo-olivera","40":"cultivo-pitahaya","41":"cultivo-pesol","42":"cultivo-pastanaga","43":"cultivo-figuera","44":"cultivo-parra-ornamental","45":"cultivo-tamarindo","46":"cultivo-fava-tendra","47":"cultivo-cereals","48":"cultivo-tropicals","49":"cultivo-kiwi","50":"cultivo-perera","51":"cultivo-te","52":"cultivo-mongeta-tendra","53":"cultivo-farratgeres-i-pastures","54":"cultivo-cacau","55":"cultivo-llimoner","56":"cultivo-festuc","57":"cultivo-yuca","58":"cultivo-enciam","59":"cultivo-lleguminoses-extensives-2","60":"cultivo-fruiters","61":"cultivo-alvocat","62":"cultivo-aranja","63":"cultivo-bleda-2","64":"cultivo-melo","65":"cultivo-oleaginoses","66":"cultivo-horticoles","67":"cultivo-bana-platan","68":"cultivo-videu","69":"cultivo-all","70":"cultivo-nap","71":"cultivo-arbres-ornamentals","72":"cultivo-extensius","73":"cultivo-cafe","74":"cultivo-canya-de-sucre","75":"cultivo-alberginia","76":"cultivo-patata","77":"cultivo-gespedes","78":"cultivo-parcs-i-jardins","79":"cultivo-carambola","80":"cultivo-chirimoya","81":"cultivo-moniato","82":"cultivo-cogombre","83":"cultivo-flors","84":"cultivo-albercoc","85":"cultivo-lima-2","86":"cultivo-coco","87":"cultivo-brocoli","88":"cultivo-pebrot","89":"cultivo-ametller","90":"cultivo-mandari","91":"cultivo-fruits-rojos-berries","92":"cultivo-carbasso","93":"ecologico-si","94":"medioambiente-eficiencia-de-lus-de-nutrients","95":"solucion-deficencia-de-mn","96":"solucion-deficencia-de-zn","97":"tipo-de-aplicacion-fertirrigacio","98":"tipo-de-aplicacion-foliar","99":"product_cat-corrector-de-carencies","101":"first","102":"instock","103":"shipping-taxable","104":"product-type-simple"},"acf":[],"_links":{"self":[{"href":"https:\/\/labin.net\/ca\/wp-json\/wp\/v2\/product\/37447","targetHints":{"allow":["GET"]}}],"collection":[{"href":"https:\/\/labin.net\/ca\/wp-json\/wp\/v2\/product"}],"about":[{"href":"https:\/\/labin.net\/ca\/wp-json\/wp\/v2\/types\/product"}],"replies":[{"embeddable":true,"href":"https:\/\/labin.net\/ca\/wp-json\/wp\/v2\/comments?post=37447"}],"wp:featuredmedia":[{"embeddable":true,"href":"https:\/\/labin.net\/ca\/wp-json\/wp\/v2\/media\/36242"}],"wp:attachment":[{"href":"https:\/\/labin.net\/ca\/wp-json\/wp\/v2\/media?parent=37447"}],"wp:term":[{"taxonomy":"cultivo","embeddable":true,"href":"https:\/\/labin.net\/ca\/wp-json\/wp\/v2\/cultivo?post=37447"},{"taxonomy":"ecologico","embeddable":true,"href":"https:\/\/labin.net\/ca\/wp-json\/wp\/v2\/ecologico?post=37447"},{"taxonomy":"medioambiente","embeddable":true,"href":"https:\/\/labin.net\/ca\/wp-json\/wp\/v2\/medioambiente?post=37447"},{"taxonomy":"solucion","embeddable":true,"href":"https:\/\/labin.net\/ca\/wp-json\/wp\/v2\/solucion?post=37447"},{"taxonomy":"tipo-de-aplicacion","embeddable":true,"href":"https:\/\/labin.net\/ca\/wp-json\/wp\/v2\/tipo-de-aplicacion?post=37447"},{"taxonomy":"product_brand","embeddable":true,"href":"https:\/\/labin.net\/ca\/wp-json\/wp\/v2\/product_brand?post=37447"},{"taxonomy":"product_cat","embeddable":true,"href":"https:\/\/labin.net\/ca\/wp-json\/wp\/v2\/product_cat?post=37447"},{"taxonomy":"product_tag","embeddable":true,"href":"https:\/\/labin.net\/ca\/wp-json\/wp\/v2\/product_tag?post=37447"}],"curies":[{"name":"wp","href":"https:\/\/api.w.org\/{rel}","templated":true}]}}