{"id":37438,"date":"2025-12-05T11:01:18","date_gmt":"2025-12-05T11:01:18","guid":{"rendered":"https:labin.net\/producto\/labin-energy-grow\/"},"modified":"2026-01-19T11:28:26","modified_gmt":"2026-01-19T11:28:26","slug":"labin-energy-grow","status":"publish","type":"product","link":"https:\/\/labin.net\/ca\/producto\/labin-energy-grow\/","title":{"rendered":"LABIN ENERGY GROW"},"content":{"rendered":"<p>Producte l\u00edquid, especialment indicat per ser aplicat en per\u00edodes de creixement vegetatiu dels cultius.<\/p>\n<p>Aquest producte incorpora l&#8217;efecte LABIN ENERGY que potencia i amplia l&#8217;efectivitat del tractament foliar.<\/p>\n<p><strong>LABIN ENERGY GROW<\/strong> incorpora un grup de subst\u00e0ncies estimulants, el component principal de les quals s\u00f3n les BETA\u00cfNES, i que inclou amino\u00e0cids i microelements. Les condicions ambientals adverses a un cultiu influeixen de manera important en el seu desenvolupament, creixement i productivitat. Aquestes poden provocar el que anomenem estr\u00e8s abi\u00f2tic, quan \u00e9s causat pel d\u00e8ficit h\u00eddric, la salinitat, el fred, la calor, la irradiaci\u00f3 lluminosa, etc. Les BETA\u00cfNES actuen produint un efecte osmoprotector a nivell cel\u00b7lular a la planta i redueixen aquest estr\u00e8s.<\/p>\n","protected":false},"excerpt":{"rendered":"<ul>\n<li><strong>Per al creixement vegetatiu dels cultius<\/strong><\/li>\n<li><strong>Amb amino\u00e0cids, microelements i BETA\u00cfNES<\/strong><\/li>\n<li><strong>Actua com un protector osm\u00f2tic<\/strong><\/li>\n<\/ul>\n","protected":false},"featured_media":36170,"comment_status":"closed","ping_status":"closed","template":"","meta":{"_acf_changed":false},"cultivo":[134,617,634,656,680,704,602,618,635,658,681,706,603,619,636,659,682,707,604,620,637,661,683,708,605,621,638,662,684,709,606,623,639,663,686,710,607,624,641,664,687,608,625,643,666,688,609,626,644,668,689,610,627,646,670,691,611,628,647,672,693,612,629,648,674,695,613,630,649,676,697,614,631,650,677,698,615,632,652,678,700,133,616,633,654,679,702],"ecologico":[831],"medioambiente":[846],"solucion":[860,865,855],"tipo-de-aplicacion":[781,783,784,712],"product_brand":[],"product_cat":[1009,1006],"product_tag":[],"class_list":{"0":"post-37438","1":"product","2":"type-product","3":"status-publish","4":"has-post-thumbnail","6":"cultivo-cacau","7":"cultivo-llimoner","8":"cultivo-festuc","9":"cultivo-yuca","10":"cultivo-mongeta-tendra","11":"cultivo-farratgeres-i-pastures","12":"cultivo-fruiters","13":"cultivo-alvocat","14":"cultivo-aranja","15":"cultivo-bleda-2","16":"cultivo-enciam","17":"cultivo-lleguminoses-extensives-2","18":"cultivo-horticoles","19":"cultivo-bana-platan","20":"cultivo-videu","21":"cultivo-all","22":"cultivo-melo","23":"cultivo-oleaginoses","24":"cultivo-extensius","25":"cultivo-cafe","26":"cultivo-canya-de-sucre","27":"cultivo-alberginia","28":"cultivo-nap","29":"cultivo-arbres-ornamentals","30":"cultivo-parcs-i-jardins","31":"cultivo-carambola","32":"cultivo-chirimoya","33":"cultivo-moniato","34":"cultivo-patata","35":"cultivo-gespedes","36":"cultivo-albercoc","37":"cultivo-lima-2","38":"cultivo-coco","39":"cultivo-brocoli","40":"cultivo-cogombre","41":"cultivo-flors","42":"cultivo-ametller","43":"cultivo-mandari","44":"cultivo-fruits-rojos-berries","45":"cultivo-carbasso","46":"cultivo-pebrot","47":"cultivo-avellaner","48":"cultivo-poma","49":"cultivo-guayaba","50":"cultivo-carabassa","51":"cultivo-porro","52":"cultivo-caqui","53":"cultivo-pressec","54":"cultivo-lychee","55":"cultivo-ceba","56":"cultivo-rave","57":"cultivo-castany","58":"cultivo-codonyer","59":"cultivo-manec","60":"cultivo-col","61":"cultivo-remolatxa","62":"cultivo-cirerer","63":"cultivo-taronger","64":"cultivo-maracuia","65":"cultivo-cols-de-brusselles","66":"cultivo-rucula","67":"cultivo-prunera","68":"cultivo-nectarina","69":"cultivo-papaia","70":"cultivo-coliflor","71":"cultivo-sindria","72":"cultivo-clementi","73":"cultivo-noguera","74":"cultivo-pinya","75":"cultivo-escarola","76":"cultivo-soja-verda","77":"cultivo-granat","78":"cultivo-olivera","79":"cultivo-pitahaya","80":"cultivo-espinac","81":"cultivo-tomaquet","82":"cultivo-figuera","83":"cultivo-parra-ornamental","84":"cultivo-tamarindo","85":"cultivo-pesol","86":"cultivo-pastanaga","87":"cultivo-tropicals","88":"cultivo-kiwi","89":"cultivo-perera","90":"cultivo-te","91":"cultivo-fava-tendra","92":"cultivo-cereals","93":"ecologico-no","94":"medioambiente-eficiencia-de-lus-de-nutrients","95":"solucion-deficencia-de-p","96":"solucion-deficencia-de-k","97":"solucion-deficencia-de-n","98":"tipo-de-aplicacion-foliar","99":"tipo-de-aplicacion-dron","100":"tipo-de-aplicacion-avioneta","101":"tipo-de-aplicacion-fertirrigacio","102":"product_cat-especialitats","103":"product_cat-npks-foliars","105":"first","106":"instock","107":"shipping-taxable","108":"product-type-simple"},"acf":[],"_links":{"self":[{"href":"https:\/\/labin.net\/ca\/wp-json\/wp\/v2\/product\/37438","targetHints":{"allow":["GET"]}}],"collection":[{"href":"https:\/\/labin.net\/ca\/wp-json\/wp\/v2\/product"}],"about":[{"href":"https:\/\/labin.net\/ca\/wp-json\/wp\/v2\/types\/product"}],"replies":[{"embeddable":true,"href":"https:\/\/labin.net\/ca\/wp-json\/wp\/v2\/comments?post=37438"}],"wp:featuredmedia":[{"embeddable":true,"href":"https:\/\/labin.net\/ca\/wp-json\/wp\/v2\/media\/36170"}],"wp:attachment":[{"href":"https:\/\/labin.net\/ca\/wp-json\/wp\/v2\/media?parent=37438"}],"wp:term":[{"taxonomy":"cultivo","embeddable":true,"href":"https:\/\/labin.net\/ca\/wp-json\/wp\/v2\/cultivo?post=37438"},{"taxonomy":"ecologico","embeddable":true,"href":"https:\/\/labin.net\/ca\/wp-json\/wp\/v2\/ecologico?post=37438"},{"taxonomy":"medioambiente","embeddable":true,"href":"https:\/\/labin.net\/ca\/wp-json\/wp\/v2\/medioambiente?post=37438"},{"taxonomy":"solucion","embeddable":true,"href":"https:\/\/labin.net\/ca\/wp-json\/wp\/v2\/solucion?post=37438"},{"taxonomy":"tipo-de-aplicacion","embeddable":true,"href":"https:\/\/labin.net\/ca\/wp-json\/wp\/v2\/tipo-de-aplicacion?post=37438"},{"taxonomy":"product_brand","embeddable":true,"href":"https:\/\/labin.net\/ca\/wp-json\/wp\/v2\/product_brand?post=37438"},{"taxonomy":"product_cat","embeddable":true,"href":"https:\/\/labin.net\/ca\/wp-json\/wp\/v2\/product_cat?post=37438"},{"taxonomy":"product_tag","embeddable":true,"href":"https:\/\/labin.net\/ca\/wp-json\/wp\/v2\/product_tag?post=37438"}],"curies":[{"name":"wp","href":"https:\/\/api.w.org\/{rel}","templated":true}]}}