{"id":37437,"date":"2025-12-05T11:01:18","date_gmt":"2025-12-05T11:01:18","guid":{"rendered":"https:labin.net\/producto\/labin-energy-fruit\/"},"modified":"2026-01-19T11:27:44","modified_gmt":"2026-01-19T11:27:44","slug":"labin-energy-fruit","status":"publish","type":"product","link":"https:\/\/labin.net\/ca\/producto\/labin-energy-fruit\/","title":{"rendered":"LABIN ENERGY FRUIT"},"content":{"rendered":"<p>Adob foliar NPK ric en potassi, indicat a la fase de creixement i engreix dels fruits. Aquest producte incorpora l&#8217;efecte LABIN ENERGY que potencia i amplia l&#8217;efectivitat del tractament foliar.<\/p>\n<p><strong>LABIN ENERGY FRUIT<\/strong> incorpora un grup de subst\u00e0ncies estimulants, el component principal de les quals s\u00f3n les BETA\u00cfNES, i que inclou amino\u00e0cids i microelements. Les condicions ambientals adverses a un cultiu influeixen de manera important en el seu desenvolupament, creixement i productivitat. Aquestes poden provocar el que anomenem estr\u00e8s abi\u00f2tic, quan \u00e9s causat pel d\u00e8ficit h\u00eddric, la salinitat, el fred, la calor, la irradiaci\u00f3 lluminosa, etc. Les BETA\u00cfNES actuen produint un efecte osmoprotector a nivell cel\u00b7lular a la planta i redueixen aquest estr\u00e8s.<\/p>\n","protected":false},"excerpt":{"rendered":"<ul>\n<li><strong>Per a la fase de creixement i engreix dels fruits<\/strong><\/li>\n<li><strong>Amb amino\u00e0cids, microelements i BETA\u00cfNES<\/strong><\/li>\n<li><strong>Actua com un protector osm\u00f2tic<\/strong><\/li>\n<\/ul>\n","protected":false},"featured_media":36164,"comment_status":"closed","ping_status":"closed","template":"","meta":{"_acf_changed":false},"cultivo":[612,629,648,674,695,613,630,649,676,697,614,631,650,677,698,615,632,652,678,700,133,616,633,654,679,702,134,617,634,656,680,704,602,618,635,658,681,706,603,619,636,659,682,707,604,620,637,661,683,708,605,621,638,662,684,709,606,623,639,663,686,710,607,624,641,664,687,608,625,643,666,688,609,626,644,668,689,610,627,646,670,691,611,628,647,672,693],"ecologico":[831],"medioambiente":[846],"solucion":[855,860,865],"tipo-de-aplicacion":[712,781,783,784],"product_brand":[],"product_cat":[1006,1009],"product_tag":[],"class_list":{"0":"post-37437","1":"product","2":"type-product","3":"status-publish","4":"has-post-thumbnail","6":"cultivo-prunera","7":"cultivo-nectarina","8":"cultivo-papaia","9":"cultivo-coliflor","10":"cultivo-sindria","11":"cultivo-clementi","12":"cultivo-noguera","13":"cultivo-pinya","14":"cultivo-escarola","15":"cultivo-soja-verda","16":"cultivo-granat","17":"cultivo-olivera","18":"cultivo-pitahaya","19":"cultivo-espinac","20":"cultivo-tomaquet","21":"cultivo-figuera","22":"cultivo-parra-ornamental","23":"cultivo-tamarindo","24":"cultivo-pesol","25":"cultivo-pastanaga","26":"cultivo-tropicals","27":"cultivo-kiwi","28":"cultivo-perera","29":"cultivo-te","30":"cultivo-fava-tendra","31":"cultivo-cereals","32":"cultivo-cacau","33":"cultivo-llimoner","34":"cultivo-festuc","35":"cultivo-yuca","36":"cultivo-mongeta-tendra","37":"cultivo-farratgeres-i-pastures","38":"cultivo-fruiters","39":"cultivo-alvocat","40":"cultivo-aranja","41":"cultivo-bleda-2","42":"cultivo-enciam","43":"cultivo-lleguminoses-extensives-2","44":"cultivo-horticoles","45":"cultivo-bana-platan","46":"cultivo-videu","47":"cultivo-all","48":"cultivo-melo","49":"cultivo-oleaginoses","50":"cultivo-extensius","51":"cultivo-cafe","52":"cultivo-canya-de-sucre","53":"cultivo-alberginia","54":"cultivo-nap","55":"cultivo-arbres-ornamentals","56":"cultivo-parcs-i-jardins","57":"cultivo-carambola","58":"cultivo-chirimoya","59":"cultivo-moniato","60":"cultivo-patata","61":"cultivo-gespedes","62":"cultivo-albercoc","63":"cultivo-lima-2","64":"cultivo-coco","65":"cultivo-brocoli","66":"cultivo-cogombre","67":"cultivo-flors","68":"cultivo-ametller","69":"cultivo-mandari","70":"cultivo-fruits-rojos-berries","71":"cultivo-carbasso","72":"cultivo-pebrot","73":"cultivo-avellaner","74":"cultivo-poma","75":"cultivo-guayaba","76":"cultivo-carabassa","77":"cultivo-porro","78":"cultivo-caqui","79":"cultivo-pressec","80":"cultivo-lychee","81":"cultivo-ceba","82":"cultivo-rave","83":"cultivo-castany","84":"cultivo-codonyer","85":"cultivo-manec","86":"cultivo-col","87":"cultivo-remolatxa","88":"cultivo-cirerer","89":"cultivo-taronger","90":"cultivo-maracuia","91":"cultivo-cols-de-brusselles","92":"cultivo-rucula","93":"ecologico-no","94":"medioambiente-eficiencia-de-lus-de-nutrients","95":"solucion-deficencia-de-n","96":"solucion-deficencia-de-p","97":"solucion-deficencia-de-k","98":"tipo-de-aplicacion-fertirrigacio","99":"tipo-de-aplicacion-foliar","100":"tipo-de-aplicacion-dron","101":"tipo-de-aplicacion-avioneta","102":"product_cat-npks-foliars","103":"product_cat-especialitats","105":"first","106":"instock","107":"shipping-taxable","108":"product-type-simple"},"acf":[],"_links":{"self":[{"href":"https:\/\/labin.net\/ca\/wp-json\/wp\/v2\/product\/37437","targetHints":{"allow":["GET"]}}],"collection":[{"href":"https:\/\/labin.net\/ca\/wp-json\/wp\/v2\/product"}],"about":[{"href":"https:\/\/labin.net\/ca\/wp-json\/wp\/v2\/types\/product"}],"replies":[{"embeddable":true,"href":"https:\/\/labin.net\/ca\/wp-json\/wp\/v2\/comments?post=37437"}],"wp:featuredmedia":[{"embeddable":true,"href":"https:\/\/labin.net\/ca\/wp-json\/wp\/v2\/media\/36164"}],"wp:attachment":[{"href":"https:\/\/labin.net\/ca\/wp-json\/wp\/v2\/media?parent=37437"}],"wp:term":[{"taxonomy":"cultivo","embeddable":true,"href":"https:\/\/labin.net\/ca\/wp-json\/wp\/v2\/cultivo?post=37437"},{"taxonomy":"ecologico","embeddable":true,"href":"https:\/\/labin.net\/ca\/wp-json\/wp\/v2\/ecologico?post=37437"},{"taxonomy":"medioambiente","embeddable":true,"href":"https:\/\/labin.net\/ca\/wp-json\/wp\/v2\/medioambiente?post=37437"},{"taxonomy":"solucion","embeddable":true,"href":"https:\/\/labin.net\/ca\/wp-json\/wp\/v2\/solucion?post=37437"},{"taxonomy":"tipo-de-aplicacion","embeddable":true,"href":"https:\/\/labin.net\/ca\/wp-json\/wp\/v2\/tipo-de-aplicacion?post=37437"},{"taxonomy":"product_brand","embeddable":true,"href":"https:\/\/labin.net\/ca\/wp-json\/wp\/v2\/product_brand?post=37437"},{"taxonomy":"product_cat","embeddable":true,"href":"https:\/\/labin.net\/ca\/wp-json\/wp\/v2\/product_cat?post=37437"},{"taxonomy":"product_tag","embeddable":true,"href":"https:\/\/labin.net\/ca\/wp-json\/wp\/v2\/product_tag?post=37437"}],"curies":[{"name":"wp","href":"https:\/\/api.w.org\/{rel}","templated":true}]}}