{"id":37432,"date":"2025-12-05T11:01:08","date_gmt":"2025-12-05T11:01:08","guid":{"rendered":"https:labin.net\/producto\/labinor-p-25\/"},"modified":"2026-01-19T11:08:19","modified_gmt":"2026-01-19T11:08:19","slug":"labinor-p-25","status":"publish","type":"product","link":"https:\/\/labin.net\/ca\/producto\/labinor-p-25\/","title":{"rendered":"LABINOR P-25"},"content":{"rendered":"<p class=\"Default\"><b><span style=\"font-size: 11.0pt; color: #00755b;\">LABINOR P25<\/span><\/b> <span style=\"font-size: 11.0pt;\">\u00e9s un <b>adob ecol\u00f2gic granulat<\/b> que aporta <b>f\u00f2sfor i calci<\/b> que est\u00e0 especialment indicat per satisfer les necessitats de la fertilitzaci\u00f3 de fons en <b>cultius ecol\u00f2gics<\/b> .<\/span><\/p>\n<p class=\"Default\"><span style=\"font-size: 11.0pt;\">Pel seu alt contingut <b>en calci<\/b> s&#8217;afavoreix el desenvolupament d&#8217;arrels i un augment de la qualitat a les collites, tamb\u00e9 es produeix un augment en l&#8217;absorci\u00f3 de nutrients at\u00e8s l&#8217;elevada aportaci\u00f3 <b>de f\u00f2sfor<\/b>. La seva formulaci\u00f3 en forma granulada fa que pugui ser <b>aplicat en qualsevol tipus d&#8217;abonadora<\/b>. Ideal com a complement d&#8217;altres abonats, amb poc f\u00f2sfor i\/o calci, o per combinar amb els nostres adobs: <b>Labinor N10<\/b> i <b>Labinor K30,<\/b> tamb\u00e9 aptes per a agricultura ecol\u00f2gica. Pot ser aplicat en qualsevol tipus de cultiu, <b>com a adobat de fons o per fer esmenes<\/b> <\/span><\/p>\n","protected":false},"excerpt":{"rendered":"<ul>\n<li><strong>Alliberament natural sostingut<\/strong><\/li>\n<li><strong>Abonament ecol\u00f2gic granulat utilitzable en Agricultura Ecol\u00f2gica<\/strong><\/li>\n<li><strong>Com a complement d&#8217;altres abonaments LABIN; LABINOR N-10 i LABINOR K-30<\/strong><\/li>\n<\/ul>\n","protected":false},"featured_media":36182,"comment_status":"closed","ping_status":"closed","template":"","meta":{"_acf_changed":false},"cultivo":[612,629,648,674,695,613,630,649,676,697,614,631,650,677,698,615,632,652,678,700,133,616,633,654,679,702,134,617,634,656,680,704,602,618,635,658,681,706,603,619,636,659,682,707,604,620,637,661,683,708,605,621,638,662,684,709,606,623,639,663,686,710,607,624,641,664,687,608,625,643,666,688,609,626,644,668,689,610,627,646,670,691,611,628,647,672,693],"ecologico":[827],"medioambiente":[835,846],"solucion":[939],"tipo-de-aplicacion":[711],"product_brand":[],"product_cat":[985],"product_tag":[],"class_list":{"0":"post-37432","1":"product","2":"type-product","3":"status-publish","4":"has-post-thumbnail","6":"cultivo-prunera","7":"cultivo-nectarina","8":"cultivo-papaia","9":"cultivo-coliflor","10":"cultivo-sindria","11":"cultivo-clementi","12":"cultivo-noguera","13":"cultivo-pinya","14":"cultivo-escarola","15":"cultivo-soja-verda","16":"cultivo-granat","17":"cultivo-olivera","18":"cultivo-pitahaya","19":"cultivo-espinac","20":"cultivo-tomaquet","21":"cultivo-figuera","22":"cultivo-parra-ornamental","23":"cultivo-tamarindo","24":"cultivo-pesol","25":"cultivo-pastanaga","26":"cultivo-tropicals","27":"cultivo-kiwi","28":"cultivo-perera","29":"cultivo-te","30":"cultivo-fava-tendra","31":"cultivo-cereals","32":"cultivo-cacau","33":"cultivo-llimoner","34":"cultivo-festuc","35":"cultivo-yuca","36":"cultivo-mongeta-tendra","37":"cultivo-farratgeres-i-pastures","38":"cultivo-fruiters","39":"cultivo-alvocat","40":"cultivo-aranja","41":"cultivo-bleda-2","42":"cultivo-enciam","43":"cultivo-lleguminoses-extensives-2","44":"cultivo-horticoles","45":"cultivo-bana-platan","46":"cultivo-videu","47":"cultivo-all","48":"cultivo-melo","49":"cultivo-oleaginoses","50":"cultivo-extensius","51":"cultivo-cafe","52":"cultivo-canya-de-sucre","53":"cultivo-alberginia","54":"cultivo-nap","55":"cultivo-arbres-ornamentals","56":"cultivo-parcs-i-jardins","57":"cultivo-carambola","58":"cultivo-chirimoya","59":"cultivo-moniato","60":"cultivo-patata","61":"cultivo-gespedes","62":"cultivo-albercoc","63":"cultivo-lima-2","64":"cultivo-coco","65":"cultivo-brocoli","66":"cultivo-cogombre","67":"cultivo-flors","68":"cultivo-ametller","69":"cultivo-mandari","70":"cultivo-fruits-rojos-berries","71":"cultivo-carbasso","72":"cultivo-pebrot","73":"cultivo-avellaner","74":"cultivo-poma","75":"cultivo-guayaba","76":"cultivo-carabassa","77":"cultivo-porro","78":"cultivo-caqui","79":"cultivo-pressec","80":"cultivo-lychee","81":"cultivo-ceba","82":"cultivo-rave","83":"cultivo-castany","84":"cultivo-codonyer","85":"cultivo-manec","86":"cultivo-col","87":"cultivo-remolatxa","88":"cultivo-cirerer","89":"cultivo-taronger","90":"cultivo-maracuia","91":"cultivo-cols-de-brusselles","92":"cultivo-rucula","93":"ecologico-si","94":"medioambiente-reduccio-empremta-de-co2","95":"medioambiente-eficiencia-de-lus-de-nutrients","96":"solucion-millorar-la-salut-del-sol","97":"tipo-de-aplicacion-aplicacio-a-terra","98":"product_cat-adobs-granulats-i-microgranulats","100":"first","101":"instock","102":"shipping-taxable","103":"product-type-simple"},"acf":[],"_links":{"self":[{"href":"https:\/\/labin.net\/ca\/wp-json\/wp\/v2\/product\/37432","targetHints":{"allow":["GET"]}}],"collection":[{"href":"https:\/\/labin.net\/ca\/wp-json\/wp\/v2\/product"}],"about":[{"href":"https:\/\/labin.net\/ca\/wp-json\/wp\/v2\/types\/product"}],"replies":[{"embeddable":true,"href":"https:\/\/labin.net\/ca\/wp-json\/wp\/v2\/comments?post=37432"}],"wp:featuredmedia":[{"embeddable":true,"href":"https:\/\/labin.net\/ca\/wp-json\/wp\/v2\/media\/36182"}],"wp:attachment":[{"href":"https:\/\/labin.net\/ca\/wp-json\/wp\/v2\/media?parent=37432"}],"wp:term":[{"taxonomy":"cultivo","embeddable":true,"href":"https:\/\/labin.net\/ca\/wp-json\/wp\/v2\/cultivo?post=37432"},{"taxonomy":"ecologico","embeddable":true,"href":"https:\/\/labin.net\/ca\/wp-json\/wp\/v2\/ecologico?post=37432"},{"taxonomy":"medioambiente","embeddable":true,"href":"https:\/\/labin.net\/ca\/wp-json\/wp\/v2\/medioambiente?post=37432"},{"taxonomy":"solucion","embeddable":true,"href":"https:\/\/labin.net\/ca\/wp-json\/wp\/v2\/solucion?post=37432"},{"taxonomy":"tipo-de-aplicacion","embeddable":true,"href":"https:\/\/labin.net\/ca\/wp-json\/wp\/v2\/tipo-de-aplicacion?post=37432"},{"taxonomy":"product_brand","embeddable":true,"href":"https:\/\/labin.net\/ca\/wp-json\/wp\/v2\/product_brand?post=37432"},{"taxonomy":"product_cat","embeddable":true,"href":"https:\/\/labin.net\/ca\/wp-json\/wp\/v2\/product_cat?post=37432"},{"taxonomy":"product_tag","embeddable":true,"href":"https:\/\/labin.net\/ca\/wp-json\/wp\/v2\/product_tag?post=37432"}],"curies":[{"name":"wp","href":"https:\/\/api.w.org\/{rel}","templated":true}]}}