{"id":37419,"date":"2025-12-05T11:01:08","date_gmt":"2025-12-05T11:01:08","guid":{"rendered":"https:labin.net\/producto\/labinor-biotxar\/"},"modified":"2026-03-03T12:08:23","modified_gmt":"2026-03-03T12:08:23","slug":"labinor-biochar","status":"publish","type":"product","link":"https:\/\/labin.net\/ca\/producto\/labinor-biochar\/","title":{"rendered":"LABINOR BIOCHAR"},"content":{"rendered":"<p><strong>LABINOR BIOCHAR<\/strong>, desenvolupat amb carb\u00f3 vegetal argil\u00f3s, autoritzat com a subst\u00e0ncia b\u00e0sica, exerceix un efecte protector contra la yesca. A m\u00e9s, el carb\u00f3 vegetal argil\u00f3s t\u00e9 la capacitat de detoxificar el terra de metalls pesants i altres contaminants, i t\u00e9 un efecte positiu sobre l&#8217;escalfament global, atesa la seva capacitat de fixar CO <sub>2<\/sub> al terra.<\/p>\n<p>Amb <strong>LABINOR BIOCHAR<\/strong> limitarem l&#8217;esporulaci\u00f3 dels fongs causants de la yesca i atraparem les toxines. Com que \u00e9s un producte granulat, pot ser aplicat amb qualsevol tipus d&#8217;adobadora i s&#8217;aplica tant en aplicaci\u00f3 directa al terra com enterrant-lo. A inici de creixement vegetatiu per aportar tots els seus beneficis al control de la malaltia.<\/p>\n","protected":false},"excerpt":{"rendered":"<ul>\n<li><strong>Carb\u00f3 vegetal argil\u00f3s granulat<\/strong><\/li>\n<li><strong>Subst\u00e0ncia b\u00e0sica per al control de la yesca<\/strong><\/li>\n<li><strong>Estimulaci\u00f3 del metabolisme de la planta<\/strong><\/li>\n<\/ul>\n","protected":false},"featured_media":10078,"comment_status":"closed","ping_status":"closed","template":"","meta":{"_acf_changed":false},"cultivo":[609,626,644,668,689,610,627,646,670,691,611,628,647,672,693,612,629,648,674,695,613,630,649,676,697,614,631,650,677,698,615,632,652,678,700,133,616,633,654,679,702,134,617,634,656,680,704,602,618,635,658,681,706,603,619,636,659,682,707,604,620,637,661,683,708,605,621,638,662,684,709,606,623,639,663,686,710,607,624,641,664,687,608,625,643,666,688],"ecologico":[831],"medioambiente":[835,846],"solucion":[939,956],"tipo-de-aplicacion":[711],"product_brand":[],"product_cat":[985,996],"product_tag":[],"class_list":{"0":"post-37419","1":"product","2":"type-product","3":"status-publish","4":"has-post-thumbnail","6":"cultivo-caqui","7":"cultivo-pressec","8":"cultivo-lychee","9":"cultivo-ceba","10":"cultivo-rave","11":"cultivo-castany","12":"cultivo-codonyer","13":"cultivo-manec","14":"cultivo-col","15":"cultivo-remolatxa","16":"cultivo-cirerer","17":"cultivo-taronger","18":"cultivo-maracuia","19":"cultivo-cols-de-brusselles","20":"cultivo-rucula","21":"cultivo-prunera","22":"cultivo-nectarina","23":"cultivo-papaia","24":"cultivo-coliflor","25":"cultivo-sindria","26":"cultivo-clementi","27":"cultivo-noguera","28":"cultivo-pinya","29":"cultivo-escarola","30":"cultivo-soja-verda","31":"cultivo-granat","32":"cultivo-olivera","33":"cultivo-pitahaya","34":"cultivo-espinac","35":"cultivo-tomaquet","36":"cultivo-figuera","37":"cultivo-parra-ornamental","38":"cultivo-tamarindo","39":"cultivo-pesol","40":"cultivo-pastanaga","41":"cultivo-tropicals","42":"cultivo-kiwi","43":"cultivo-perera","44":"cultivo-te","45":"cultivo-fava-tendra","46":"cultivo-cereals","47":"cultivo-cacau","48":"cultivo-llimoner","49":"cultivo-festuc","50":"cultivo-yuca","51":"cultivo-mongeta-tendra","52":"cultivo-farratgeres-i-pastures","53":"cultivo-fruiters","54":"cultivo-alvocat","55":"cultivo-aranja","56":"cultivo-bleda-2","57":"cultivo-enciam","58":"cultivo-lleguminoses-extensives-2","59":"cultivo-horticoles","60":"cultivo-bana-platan","61":"cultivo-videu","62":"cultivo-all","63":"cultivo-melo","64":"cultivo-oleaginoses","65":"cultivo-extensius","66":"cultivo-cafe","67":"cultivo-canya-de-sucre","68":"cultivo-alberginia","69":"cultivo-nap","70":"cultivo-arbres-ornamentals","71":"cultivo-parcs-i-jardins","72":"cultivo-carambola","73":"cultivo-chirimoya","74":"cultivo-moniato","75":"cultivo-patata","76":"cultivo-gespedes","77":"cultivo-albercoc","78":"cultivo-lima-2","79":"cultivo-coco","80":"cultivo-brocoli","81":"cultivo-cogombre","82":"cultivo-flors","83":"cultivo-ametller","84":"cultivo-mandari","85":"cultivo-fruits-rojos-berries","86":"cultivo-carbasso","87":"cultivo-pebrot","88":"cultivo-avellaner","89":"cultivo-poma","90":"cultivo-guayaba","91":"cultivo-carabassa","92":"cultivo-porro","93":"ecologico-no","94":"medioambiente-reduccio-empremta-de-co2","95":"medioambiente-eficiencia-de-lus-de-nutrients","96":"solucion-millorar-la-salut-del-sol","97":"solucion-prevencio","98":"tipo-de-aplicacion-aplicacio-a-terra","99":"product_cat-adobs-granulats-i-microgranulats","100":"product_cat-substancies-basiques","102":"first","103":"instock","104":"shipping-taxable","105":"product-type-simple"},"acf":[],"_links":{"self":[{"href":"https:\/\/labin.net\/ca\/wp-json\/wp\/v2\/product\/37419","targetHints":{"allow":["GET"]}}],"collection":[{"href":"https:\/\/labin.net\/ca\/wp-json\/wp\/v2\/product"}],"about":[{"href":"https:\/\/labin.net\/ca\/wp-json\/wp\/v2\/types\/product"}],"replies":[{"embeddable":true,"href":"https:\/\/labin.net\/ca\/wp-json\/wp\/v2\/comments?post=37419"}],"wp:featuredmedia":[{"embeddable":true,"href":"https:\/\/labin.net\/ca\/wp-json\/wp\/v2\/media\/10078"}],"wp:attachment":[{"href":"https:\/\/labin.net\/ca\/wp-json\/wp\/v2\/media?parent=37419"}],"wp:term":[{"taxonomy":"cultivo","embeddable":true,"href":"https:\/\/labin.net\/ca\/wp-json\/wp\/v2\/cultivo?post=37419"},{"taxonomy":"ecologico","embeddable":true,"href":"https:\/\/labin.net\/ca\/wp-json\/wp\/v2\/ecologico?post=37419"},{"taxonomy":"medioambiente","embeddable":true,"href":"https:\/\/labin.net\/ca\/wp-json\/wp\/v2\/medioambiente?post=37419"},{"taxonomy":"solucion","embeddable":true,"href":"https:\/\/labin.net\/ca\/wp-json\/wp\/v2\/solucion?post=37419"},{"taxonomy":"tipo-de-aplicacion","embeddable":true,"href":"https:\/\/labin.net\/ca\/wp-json\/wp\/v2\/tipo-de-aplicacion?post=37419"},{"taxonomy":"product_brand","embeddable":true,"href":"https:\/\/labin.net\/ca\/wp-json\/wp\/v2\/product_brand?post=37419"},{"taxonomy":"product_cat","embeddable":true,"href":"https:\/\/labin.net\/ca\/wp-json\/wp\/v2\/product_cat?post=37419"},{"taxonomy":"product_tag","embeddable":true,"href":"https:\/\/labin.net\/ca\/wp-json\/wp\/v2\/product_tag?post=37419"}],"curies":[{"name":"wp","href":"https:\/\/api.w.org\/{rel}","templated":true}]}}