{"id":37415,"date":"2025-12-05T11:00:56","date_gmt":"2025-12-05T11:00:56","guid":{"rendered":"https:labin.net\/producto\/micre-12-30-8s\/"},"modified":"2026-01-19T11:13:05","modified_gmt":"2026-01-19T11:13:05","slug":"micro-12-30-8s","status":"publish","type":"product","link":"https:\/\/labin.net\/ca\/producto\/micro-12-30-8s\/","title":{"rendered":"MICRO 12-30-8S"},"content":{"rendered":"<p><strong>LABIN MICRO 12-30-8S<\/strong> \u00e9s un fertilitzant complex microgranulat amb una granulometria d&#8217;1 a 1,5 mm, especialment indicat per obtenir un alt rendiment en la fertilitzaci\u00f3 a terra, en el moment de sembra.<\/p>\n<p>La seva forma de microgranulat permet un repartiment dels nutrients m\u00e9s uniforme i ultralocalitzat, cosa que resulta en una major efici\u00e8ncia en el desenvolupament de tot el sistema radicular i germinaci\u00f3 del cultiu. La forma totalment soluble del f\u00f2sfor aportat amb el producte garanteix la seva completa assimilaci\u00f3 per la planta. \u00c9s ideal per a cultius sensibles a les car\u00e8ncies de Zinc. A m\u00e9s, l&#8217;aportaci\u00f3 de Nitrogen i Potassi actua donant una nutrici\u00f3 completa al teu cultiu.<\/p>\n","protected":false},"excerpt":{"rendered":"<ul>\n<li><strong>Fertilitzant NP microgranulat amb una alta aportaci\u00f3 de f\u00f2sfor<\/strong><\/li>\n<li><strong>Indicat per a abonat de fons i starter de llavor<\/strong><\/li>\n<li><strong>Major desenvolupament del sistema radicular de la planta<\/strong><\/li>\n<li><strong>Amb zinc<\/strong><\/li>\n<\/ul>\n","protected":false},"featured_media":36176,"comment_status":"closed","ping_status":"closed","template":"","meta":{"_acf_changed":false},"cultivo":[604,605,702,704,706,707,708,709,710],"ecologico":[831],"medioambiente":[846],"solucion":[939],"tipo-de-aplicacion":[711],"product_brand":[],"product_cat":[985],"product_tag":[],"class_list":{"0":"post-37415","1":"product","2":"type-product","3":"status-publish","4":"has-post-thumbnail","6":"cultivo-extensius","7":"cultivo-parcs-i-jardins","8":"cultivo-cereals","9":"cultivo-farratgeres-i-pastures","10":"cultivo-lleguminoses-extensives-2","11":"cultivo-oleaginoses","12":"cultivo-arbres-ornamentals","13":"cultivo-gespedes","14":"cultivo-flors","15":"ecologico-no","16":"medioambiente-eficiencia-de-lus-de-nutrients","17":"solucion-millorar-la-salut-del-sol","18":"tipo-de-aplicacion-aplicacio-a-terra","19":"product_cat-adobs-granulats-i-microgranulats","21":"first","22":"instock","23":"shipping-taxable","24":"product-type-simple"},"acf":[],"_links":{"self":[{"href":"https:\/\/labin.net\/ca\/wp-json\/wp\/v2\/product\/37415","targetHints":{"allow":["GET"]}}],"collection":[{"href":"https:\/\/labin.net\/ca\/wp-json\/wp\/v2\/product"}],"about":[{"href":"https:\/\/labin.net\/ca\/wp-json\/wp\/v2\/types\/product"}],"replies":[{"embeddable":true,"href":"https:\/\/labin.net\/ca\/wp-json\/wp\/v2\/comments?post=37415"}],"wp:featuredmedia":[{"embeddable":true,"href":"https:\/\/labin.net\/ca\/wp-json\/wp\/v2\/media\/36176"}],"wp:attachment":[{"href":"https:\/\/labin.net\/ca\/wp-json\/wp\/v2\/media?parent=37415"}],"wp:term":[{"taxonomy":"cultivo","embeddable":true,"href":"https:\/\/labin.net\/ca\/wp-json\/wp\/v2\/cultivo?post=37415"},{"taxonomy":"ecologico","embeddable":true,"href":"https:\/\/labin.net\/ca\/wp-json\/wp\/v2\/ecologico?post=37415"},{"taxonomy":"medioambiente","embeddable":true,"href":"https:\/\/labin.net\/ca\/wp-json\/wp\/v2\/medioambiente?post=37415"},{"taxonomy":"solucion","embeddable":true,"href":"https:\/\/labin.net\/ca\/wp-json\/wp\/v2\/solucion?post=37415"},{"taxonomy":"tipo-de-aplicacion","embeddable":true,"href":"https:\/\/labin.net\/ca\/wp-json\/wp\/v2\/tipo-de-aplicacion?post=37415"},{"taxonomy":"product_brand","embeddable":true,"href":"https:\/\/labin.net\/ca\/wp-json\/wp\/v2\/product_brand?post=37415"},{"taxonomy":"product_cat","embeddable":true,"href":"https:\/\/labin.net\/ca\/wp-json\/wp\/v2\/product_cat?post=37415"},{"taxonomy":"product_tag","embeddable":true,"href":"https:\/\/labin.net\/ca\/wp-json\/wp\/v2\/product_tag?post=37415"}],"curies":[{"name":"wp","href":"https:\/\/api.w.org\/{rel}","templated":true}]}}