{"id":37414,"date":"2025-12-05T11:01:08","date_gmt":"2025-12-05T11:01:08","guid":{"rendered":"https:labin.net\/producto\/labieco-mag\/"},"modified":"2026-01-19T09:13:29","modified_gmt":"2026-01-19T09:13:29","slug":"labieco-mag","status":"publish","type":"product","link":"https:\/\/labin.net\/ca\/producto\/labieco-mag\/","title":{"rendered":"LABIECO-MAG"},"content":{"rendered":"<p>Producte que aporta magnesi complexat, totalment assimilable i que es pot utilitzar tant per via foliar com per via radicular.<\/p>\n<p>El magnesi de la formulaci\u00f3 procedeix de sulfats naturals, per la qual cosa pot ser aplicat en agricultura ecol\u00f2gica. Aquesta forma natural del LABIECO-MAG afavoreix l&#8217;absorci\u00f3 i distribuci\u00f3 del magnesi a tots els teixits de la planta.<br \/>\nEst\u00e0 recomanat per a cultius sensibles com la vinya, fruiters, hort\u00edcoles, patates, flor tallada, etc. i per a s\u00f2ls que, per manca de mat\u00e8ria org\u00e0nica o exc\u00e9s de potassi, s\u00f3n deficients en aquest element.<\/p>\n","protected":false},"excerpt":{"rendered":"<ul>\n<li>Magnesi d\u00b4origen natural complexat<\/li>\n<li>Millora la fotos\u00edntesi<\/li>\n<li>Acci\u00f3 acidificant del sofre<\/li>\n<li>Utilitzable en Agricultura Ecol\u00f2gica<\/li>\n<\/ul>\n","protected":false},"featured_media":36266,"comment_status":"closed","ping_status":"closed","template":"","meta":{"_acf_changed":false},"cultivo":[133,616,633,654,679,702,134,617,634,656,680,704,602,618,635,658,681,706,603,619,636,659,682,707,604,620,637,661,683,708,605,621,638,662,684,709,606,623,639,663,686,710,607,624,641,664,687,608,625,643,666,688,609,626,644,668,689,610,627,646,670,691,611,628,647,672,693,612,629,648,674,695,613,630,649,676,697,614,631,650,677,698,615,632,652,678,700],"ecologico":[827],"medioambiente":[846],"solucion":[873],"tipo-de-aplicacion":[712,781],"product_brand":[],"product_cat":[976],"product_tag":[],"class_list":{"0":"post-37414","1":"product","2":"type-product","3":"status-publish","4":"has-post-thumbnail","6":"cultivo-tropicals","7":"cultivo-kiwi","8":"cultivo-perera","9":"cultivo-te","10":"cultivo-fava-tendra","11":"cultivo-cereals","12":"cultivo-cacau","13":"cultivo-llimoner","14":"cultivo-festuc","15":"cultivo-yuca","16":"cultivo-mongeta-tendra","17":"cultivo-farratgeres-i-pastures","18":"cultivo-fruiters","19":"cultivo-alvocat","20":"cultivo-aranja","21":"cultivo-bleda-2","22":"cultivo-enciam","23":"cultivo-lleguminoses-extensives-2","24":"cultivo-horticoles","25":"cultivo-bana-platan","26":"cultivo-videu","27":"cultivo-all","28":"cultivo-melo","29":"cultivo-oleaginoses","30":"cultivo-extensius","31":"cultivo-cafe","32":"cultivo-canya-de-sucre","33":"cultivo-alberginia","34":"cultivo-nap","35":"cultivo-arbres-ornamentals","36":"cultivo-parcs-i-jardins","37":"cultivo-carambola","38":"cultivo-chirimoya","39":"cultivo-moniato","40":"cultivo-patata","41":"cultivo-gespedes","42":"cultivo-albercoc","43":"cultivo-lima-2","44":"cultivo-coco","45":"cultivo-brocoli","46":"cultivo-cogombre","47":"cultivo-flors","48":"cultivo-ametller","49":"cultivo-mandari","50":"cultivo-fruits-rojos-berries","51":"cultivo-carbasso","52":"cultivo-pebrot","53":"cultivo-avellaner","54":"cultivo-poma","55":"cultivo-guayaba","56":"cultivo-carabassa","57":"cultivo-porro","58":"cultivo-caqui","59":"cultivo-pressec","60":"cultivo-lychee","61":"cultivo-ceba","62":"cultivo-rave","63":"cultivo-castany","64":"cultivo-codonyer","65":"cultivo-manec","66":"cultivo-col","67":"cultivo-remolatxa","68":"cultivo-cirerer","69":"cultivo-taronger","70":"cultivo-maracuia","71":"cultivo-cols-de-brusselles","72":"cultivo-rucula","73":"cultivo-prunera","74":"cultivo-nectarina","75":"cultivo-papaia","76":"cultivo-coliflor","77":"cultivo-sindria","78":"cultivo-clementi","79":"cultivo-noguera","80":"cultivo-pinya","81":"cultivo-escarola","82":"cultivo-soja-verda","83":"cultivo-granat","84":"cultivo-olivera","85":"cultivo-pitahaya","86":"cultivo-espinac","87":"cultivo-tomaquet","88":"cultivo-figuera","89":"cultivo-parra-ornamental","90":"cultivo-tamarindo","91":"cultivo-pesol","92":"cultivo-pastanaga","93":"ecologico-si","94":"medioambiente-eficiencia-de-lus-de-nutrients","95":"solucion-deficencia-de-mg","96":"tipo-de-aplicacion-fertirrigacio","97":"tipo-de-aplicacion-foliar","98":"product_cat-corrector-de-carencies","100":"first","101":"instock","102":"shipping-taxable","103":"product-type-simple"},"acf":[],"_links":{"self":[{"href":"https:\/\/labin.net\/ca\/wp-json\/wp\/v2\/product\/37414","targetHints":{"allow":["GET"]}}],"collection":[{"href":"https:\/\/labin.net\/ca\/wp-json\/wp\/v2\/product"}],"about":[{"href":"https:\/\/labin.net\/ca\/wp-json\/wp\/v2\/types\/product"}],"replies":[{"embeddable":true,"href":"https:\/\/labin.net\/ca\/wp-json\/wp\/v2\/comments?post=37414"}],"wp:featuredmedia":[{"embeddable":true,"href":"https:\/\/labin.net\/ca\/wp-json\/wp\/v2\/media\/36266"}],"wp:attachment":[{"href":"https:\/\/labin.net\/ca\/wp-json\/wp\/v2\/media?parent=37414"}],"wp:term":[{"taxonomy":"cultivo","embeddable":true,"href":"https:\/\/labin.net\/ca\/wp-json\/wp\/v2\/cultivo?post=37414"},{"taxonomy":"ecologico","embeddable":true,"href":"https:\/\/labin.net\/ca\/wp-json\/wp\/v2\/ecologico?post=37414"},{"taxonomy":"medioambiente","embeddable":true,"href":"https:\/\/labin.net\/ca\/wp-json\/wp\/v2\/medioambiente?post=37414"},{"taxonomy":"solucion","embeddable":true,"href":"https:\/\/labin.net\/ca\/wp-json\/wp\/v2\/solucion?post=37414"},{"taxonomy":"tipo-de-aplicacion","embeddable":true,"href":"https:\/\/labin.net\/ca\/wp-json\/wp\/v2\/tipo-de-aplicacion?post=37414"},{"taxonomy":"product_brand","embeddable":true,"href":"https:\/\/labin.net\/ca\/wp-json\/wp\/v2\/product_brand?post=37414"},{"taxonomy":"product_cat","embeddable":true,"href":"https:\/\/labin.net\/ca\/wp-json\/wp\/v2\/product_cat?post=37414"},{"taxonomy":"product_tag","embeddable":true,"href":"https:\/\/labin.net\/ca\/wp-json\/wp\/v2\/product_tag?post=37414"}],"curies":[{"name":"wp","href":"https:\/\/api.w.org\/{rel}","templated":true}]}}