{"id":37408,"date":"2025-12-05T11:00:56","date_gmt":"2025-12-05T11:00:56","guid":{"rendered":"https:labin.net\/producto\/labicuper\/"},"modified":"2026-03-16T14:27:01","modified_gmt":"2026-03-16T14:27:01","slug":"labicuper","status":"publish","type":"product","link":"https:\/\/labin.net\/ca\/producto\/labicuper\/","title":{"rendered":"LABICUPER"},"content":{"rendered":"<p><strong>LABICUPER<\/strong> \u00e9s tecnologia i disseny al servei d\u00b4una formulaci\u00f3 que aporta <strong>coure complexat nutricional.<\/strong><\/p>\n<p>El <strong>coure \u00e9s un microelement essencial<\/strong> per al creixement i desenvolupament normal de la planta, participant en nombrosos processos fisiol\u00f2gics com la <strong>fotos\u00edntesi, la respiraci\u00f3 cel\u00b7lular, l&#8217;estr\u00e8s oxidatiu i el metabolisme<\/strong> a nivell de fulla.<\/p>\n<p>Com ho corroboren diversos estudis, tamb\u00e9 est\u00e0 directament relacionat amb una <strong>millora en la producci\u00f3<\/strong> en diferents cultius vegetals. Mantenir uns nivells \u00f2ptims de coure en tots els teixits de la planta comporta <strong>avantatges productius<\/strong>. <strong>LABICUPER<\/strong> aconsegueix una <strong>perfecta translocaci\u00f3 i una distribuci\u00f3 uniforme del coure nutrient<\/strong>.<\/p>\n<p><iframe id=\"player\" src=\"https:\/\/www.youtube.com\/embed\/C_Bz_Mt9VaE?si=w_3Jjx_FOHi6iVJE\" width=\"640\" height=\"390\" frameborder=\"0\"><span data-mce-type=\"bookmark\" style=\"display: inline-block; width: 0px; overflow: hidden; line-height: 0;\" class=\"mce_SELRES_start\">\ufeff<\/span><\/iframe><\/p>\n","protected":false},"excerpt":{"rendered":"<ul>\n<li><strong>Microelement essencial per al creixement i desenvolupament de la planta<\/strong><\/li>\n<li><strong>Millora de la producci\u00f3 en diferents cultius<\/strong><\/li>\n<li><strong>Distribuci\u00f3 uniforme del coure nutrient<\/strong><\/li>\n<\/ul>\n","protected":false},"featured_media":36290,"comment_status":"closed","ping_status":"closed","template":"","meta":{"_acf_changed":false},"cultivo":[613,630,649,676,697,614,631,650,677,698,615,632,652,678,700,133,616,633,654,679,702,134,617,634,656,680,704,602,618,635,658,681,706,603,619,636,659,682,707,604,620,637,661,683,708,605,621,638,662,684,709,606,623,639,663,686,710,607,624,641,664,687,608,625,643,666,688,609,626,644,668,689,610,627,646,670,691,611,628,647,672,693,612,629,648,674,695],"ecologico":[827],"medioambiente":[846],"solucion":[894,914,956],"tipo-de-aplicacion":[712,781,783,784],"product_brand":[],"product_cat":[971,1009],"product_tag":[],"class_list":{"0":"post-37408","1":"product","2":"type-product","3":"status-publish","4":"has-post-thumbnail","6":"cultivo-clementi","7":"cultivo-noguera","8":"cultivo-pinya","9":"cultivo-escarola","10":"cultivo-soja-verda","11":"cultivo-granat","12":"cultivo-olivera","13":"cultivo-pitahaya","14":"cultivo-espinac","15":"cultivo-tomaquet","16":"cultivo-figuera","17":"cultivo-parra-ornamental","18":"cultivo-tamarindo","19":"cultivo-pesol","20":"cultivo-pastanaga","21":"cultivo-tropicals","22":"cultivo-kiwi","23":"cultivo-perera","24":"cultivo-te","25":"cultivo-fava-tendra","26":"cultivo-cereals","27":"cultivo-cacau","28":"cultivo-llimoner","29":"cultivo-festuc","30":"cultivo-yuca","31":"cultivo-mongeta-tendra","32":"cultivo-farratgeres-i-pastures","33":"cultivo-fruiters","34":"cultivo-alvocat","35":"cultivo-aranja","36":"cultivo-bleda-2","37":"cultivo-enciam","38":"cultivo-lleguminoses-extensives-2","39":"cultivo-horticoles","40":"cultivo-bana-platan","41":"cultivo-videu","42":"cultivo-all","43":"cultivo-melo","44":"cultivo-oleaginoses","45":"cultivo-extensius","46":"cultivo-cafe","47":"cultivo-canya-de-sucre","48":"cultivo-alberginia","49":"cultivo-nap","50":"cultivo-arbres-ornamentals","51":"cultivo-parcs-i-jardins","52":"cultivo-carambola","53":"cultivo-chirimoya","54":"cultivo-moniato","55":"cultivo-patata","56":"cultivo-gespedes","57":"cultivo-albercoc","58":"cultivo-lima-2","59":"cultivo-coco","60":"cultivo-brocoli","61":"cultivo-cogombre","62":"cultivo-flors","63":"cultivo-ametller","64":"cultivo-mandari","65":"cultivo-fruits-rojos-berries","66":"cultivo-carbasso","67":"cultivo-pebrot","68":"cultivo-avellaner","69":"cultivo-poma","70":"cultivo-guayaba","71":"cultivo-carabassa","72":"cultivo-porro","73":"cultivo-caqui","74":"cultivo-pressec","75":"cultivo-lychee","76":"cultivo-ceba","77":"cultivo-rave","78":"cultivo-castany","79":"cultivo-codonyer","80":"cultivo-manec","81":"cultivo-col","82":"cultivo-remolatxa","83":"cultivo-cirerer","84":"cultivo-taronger","85":"cultivo-maracuia","86":"cultivo-cols-de-brusselles","87":"cultivo-rucula","88":"cultivo-prunera","89":"cultivo-nectarina","90":"cultivo-papaia","91":"cultivo-coliflor","92":"cultivo-sindria","93":"ecologico-si","94":"medioambiente-eficiencia-de-lus-de-nutrients","95":"solucion-deficencia-de-cu","96":"solucion-vigor-frescor-i-salut","97":"solucion-prevencio","98":"tipo-de-aplicacion-fertirrigacio","99":"tipo-de-aplicacion-foliar","100":"tipo-de-aplicacion-dron","101":"tipo-de-aplicacion-avioneta","102":"product_cat-bioestimulant","103":"product_cat-especialitats","105":"first","106":"instock","107":"shipping-taxable","108":"product-type-simple"},"acf":[],"_links":{"self":[{"href":"https:\/\/labin.net\/ca\/wp-json\/wp\/v2\/product\/37408","targetHints":{"allow":["GET"]}}],"collection":[{"href":"https:\/\/labin.net\/ca\/wp-json\/wp\/v2\/product"}],"about":[{"href":"https:\/\/labin.net\/ca\/wp-json\/wp\/v2\/types\/product"}],"replies":[{"embeddable":true,"href":"https:\/\/labin.net\/ca\/wp-json\/wp\/v2\/comments?post=37408"}],"wp:featuredmedia":[{"embeddable":true,"href":"https:\/\/labin.net\/ca\/wp-json\/wp\/v2\/media\/36290"}],"wp:attachment":[{"href":"https:\/\/labin.net\/ca\/wp-json\/wp\/v2\/media?parent=37408"}],"wp:term":[{"taxonomy":"cultivo","embeddable":true,"href":"https:\/\/labin.net\/ca\/wp-json\/wp\/v2\/cultivo?post=37408"},{"taxonomy":"ecologico","embeddable":true,"href":"https:\/\/labin.net\/ca\/wp-json\/wp\/v2\/ecologico?post=37408"},{"taxonomy":"medioambiente","embeddable":true,"href":"https:\/\/labin.net\/ca\/wp-json\/wp\/v2\/medioambiente?post=37408"},{"taxonomy":"solucion","embeddable":true,"href":"https:\/\/labin.net\/ca\/wp-json\/wp\/v2\/solucion?post=37408"},{"taxonomy":"tipo-de-aplicacion","embeddable":true,"href":"https:\/\/labin.net\/ca\/wp-json\/wp\/v2\/tipo-de-aplicacion?post=37408"},{"taxonomy":"product_brand","embeddable":true,"href":"https:\/\/labin.net\/ca\/wp-json\/wp\/v2\/product_brand?post=37408"},{"taxonomy":"product_cat","embeddable":true,"href":"https:\/\/labin.net\/ca\/wp-json\/wp\/v2\/product_cat?post=37408"},{"taxonomy":"product_tag","embeddable":true,"href":"https:\/\/labin.net\/ca\/wp-json\/wp\/v2\/product_tag?post=37408"}],"curies":[{"name":"wp","href":"https:\/\/api.w.org\/{rel}","templated":true}]}}