{"id":37392,"date":"2025-12-05T11:00:56","date_gmt":"2025-12-05T11:00:56","guid":{"rendered":"https:labin.net\/producto\/labicuage\/"},"modified":"2026-03-16T12:12:39","modified_gmt":"2026-03-16T12:12:39","slug":"labicuaje","status":"publish","type":"product","link":"https:\/\/labin.net\/ca\/producto\/labicuaje\/","title":{"rendered":"LABICUAJE"},"content":{"rendered":"<p><strong>LABICUAJE<\/strong> \u00e9s un producte tecnificat especialment desenvolupat per afavorir i estimular la floraci\u00f3 i el quallat dels fruits.<\/p>\n<p>Indicat per a aquells cultius en qu\u00e8 la floraci\u00f3 \u00e9s un factor limitant o en situacions on la floraci\u00f3 \u00e9s adequada per\u00f2 hi ha dificultats per al quallat.<br \/>\nL\u2019especial equilibri entre fosfor, bor, molibd\u00e8 i elements estimulants afavoreix un augment de la quantitat i la qualitat de la flor, aix\u00ed com un quallat m\u00e9s gran. Es recomana aplicar <strong>LABICUAJE<\/strong> en cultius d&#8217;hivernacle d&#8217;hivern en qu\u00e8 la manca de llum limita la capacitat de floraci\u00f3, en olivera en anys seg\u00fcents als d&#8217;alta producci\u00f3 i en fruiters i c\u00edtrics.<\/p>\n<p><iframe id=\"player\" type=\"text\/html\" width=\"640\" height=\"390\"\n  src=\"https:\/\/www.youtube.com\/embed\/PYqz8YmB9K0\"\n  frameborder=\"0\"><\/iframe><\/p>\n","protected":false},"excerpt":{"rendered":"<ul>\n<li><strong>Augment de la quantitat de floraci\u00f3 i del quallat<\/strong><\/li>\n<li><strong>Molt efica\u00e7 en situacions dif\u00edcils i limitants (com pot ser la manca de llum en cultiu d&#8217;hivern en hivernacle)<\/strong><\/li>\n<li><strong>Adequat per a varietats i esp\u00e8cies amb dificultats<\/strong><\/li>\n<\/ul>\n","protected":false},"featured_media":38653,"comment_status":"closed","ping_status":"closed","template":"","meta":{"_acf_changed":false},"cultivo":[608,625,643,666,688,609,626,644,668,689,610,627,646,670,691,611,628,647,672,693,612,629,648,674,695,613,630,649,676,697,614,631,650,677,698,615,632,652,678,700,133,616,633,654,679,702,134,617,634,656,680,704,602,618,635,658,681,706,603,619,636,659,682,707,604,620,637,661,683,708,605,621,638,662,684,709,606,623,639,663,686,710,607,624,641,664,687],"ecologico":[831],"medioambiente":[846],"solucion":[860,926],"tipo-de-aplicacion":[712,781],"product_brand":[],"product_cat":[976,1009],"product_tag":[],"class_list":{"0":"post-37392","1":"product","2":"type-product","3":"status-publish","4":"has-post-thumbnail","6":"cultivo-avellaner","7":"cultivo-poma","8":"cultivo-guayaba","9":"cultivo-carabassa","10":"cultivo-porro","11":"cultivo-caqui","12":"cultivo-pressec","13":"cultivo-lychee","14":"cultivo-ceba","15":"cultivo-rave","16":"cultivo-castany","17":"cultivo-codonyer","18":"cultivo-manec","19":"cultivo-col","20":"cultivo-remolatxa","21":"cultivo-cirerer","22":"cultivo-taronger","23":"cultivo-maracuia","24":"cultivo-cols-de-brusselles","25":"cultivo-rucula","26":"cultivo-prunera","27":"cultivo-nectarina","28":"cultivo-papaia","29":"cultivo-coliflor","30":"cultivo-sindria","31":"cultivo-clementi","32":"cultivo-noguera","33":"cultivo-pinya","34":"cultivo-escarola","35":"cultivo-soja-verda","36":"cultivo-granat","37":"cultivo-olivera","38":"cultivo-pitahaya","39":"cultivo-espinac","40":"cultivo-tomaquet","41":"cultivo-figuera","42":"cultivo-parra-ornamental","43":"cultivo-tamarindo","44":"cultivo-pesol","45":"cultivo-pastanaga","46":"cultivo-tropicals","47":"cultivo-kiwi","48":"cultivo-perera","49":"cultivo-te","50":"cultivo-fava-tendra","51":"cultivo-cereals","52":"cultivo-cacau","53":"cultivo-llimoner","54":"cultivo-festuc","55":"cultivo-yuca","56":"cultivo-mongeta-tendra","57":"cultivo-farratgeres-i-pastures","58":"cultivo-fruiters","59":"cultivo-alvocat","60":"cultivo-aranja","61":"cultivo-bleda-2","62":"cultivo-enciam","63":"cultivo-lleguminoses-extensives-2","64":"cultivo-horticoles","65":"cultivo-bana-platan","66":"cultivo-videu","67":"cultivo-all","68":"cultivo-melo","69":"cultivo-oleaginoses","70":"cultivo-extensius","71":"cultivo-cafe","72":"cultivo-canya-de-sucre","73":"cultivo-alberginia","74":"cultivo-nap","75":"cultivo-arbres-ornamentals","76":"cultivo-parcs-i-jardins","77":"cultivo-carambola","78":"cultivo-chirimoya","79":"cultivo-moniato","80":"cultivo-patata","81":"cultivo-gespedes","82":"cultivo-albercoc","83":"cultivo-lima-2","84":"cultivo-coco","85":"cultivo-brocoli","86":"cultivo-cogombre","87":"cultivo-flors","88":"cultivo-ametller","89":"cultivo-mandari","90":"cultivo-fruits-rojos-berries","91":"cultivo-carbasso","92":"cultivo-pebrot","93":"ecologico-no","94":"medioambiente-eficiencia-de-lus-de-nutrients","95":"solucion-deficencia-de-p","96":"solucion-floracio-i-formacio-del-fruit","97":"tipo-de-aplicacion-fertirrigacio","98":"tipo-de-aplicacion-foliar","99":"product_cat-corrector-de-carencies","100":"product_cat-especialitats","102":"first","103":"instock","104":"shipping-taxable","105":"product-type-simple"},"acf":[],"_links":{"self":[{"href":"https:\/\/labin.net\/ca\/wp-json\/wp\/v2\/product\/37392","targetHints":{"allow":["GET"]}}],"collection":[{"href":"https:\/\/labin.net\/ca\/wp-json\/wp\/v2\/product"}],"about":[{"href":"https:\/\/labin.net\/ca\/wp-json\/wp\/v2\/types\/product"}],"replies":[{"embeddable":true,"href":"https:\/\/labin.net\/ca\/wp-json\/wp\/v2\/comments?post=37392"}],"wp:featuredmedia":[{"embeddable":true,"href":"https:\/\/labin.net\/ca\/wp-json\/wp\/v2\/media\/38653"}],"wp:attachment":[{"href":"https:\/\/labin.net\/ca\/wp-json\/wp\/v2\/media?parent=37392"}],"wp:term":[{"taxonomy":"cultivo","embeddable":true,"href":"https:\/\/labin.net\/ca\/wp-json\/wp\/v2\/cultivo?post=37392"},{"taxonomy":"ecologico","embeddable":true,"href":"https:\/\/labin.net\/ca\/wp-json\/wp\/v2\/ecologico?post=37392"},{"taxonomy":"medioambiente","embeddable":true,"href":"https:\/\/labin.net\/ca\/wp-json\/wp\/v2\/medioambiente?post=37392"},{"taxonomy":"solucion","embeddable":true,"href":"https:\/\/labin.net\/ca\/wp-json\/wp\/v2\/solucion?post=37392"},{"taxonomy":"tipo-de-aplicacion","embeddable":true,"href":"https:\/\/labin.net\/ca\/wp-json\/wp\/v2\/tipo-de-aplicacion?post=37392"},{"taxonomy":"product_brand","embeddable":true,"href":"https:\/\/labin.net\/ca\/wp-json\/wp\/v2\/product_brand?post=37392"},{"taxonomy":"product_cat","embeddable":true,"href":"https:\/\/labin.net\/ca\/wp-json\/wp\/v2\/product_cat?post=37392"},{"taxonomy":"product_tag","embeddable":true,"href":"https:\/\/labin.net\/ca\/wp-json\/wp\/v2\/product_tag?post=37392"}],"curies":[{"name":"wp","href":"https:\/\/api.w.org\/{rel}","templated":true}]}}