{"id":37379,"date":"2025-12-05T07:48:39","date_gmt":"2025-12-05T07:48:39","guid":{"rendered":"https:labin.net\/producto\/labin-8-8-8-2-mgo\/"},"modified":"2025-12-05T07:48:39","modified_gmt":"2025-12-05T07:48:39","slug":"labin-8-8-8-2-mgo","status":"publish","type":"product","link":"https:\/\/labin.net\/ca\/producto\/labin-8-8-8-2-mgo\/","title":{"rendered":"LABIN 8-8-8 + 2 MgO"},"content":{"rendered":"<p>LABIN 8-8-8 + 2 MgO \u00e9s un fertilitzant organomineral obtingut mitjan\u00e7ant reacci\u00f3 amb lignit h\u00famic, especialment dissenyat per aportar als cultius tots els nutrients que necessiten de manera progressiva i equilibrada.<\/p>\n<p>La composici\u00f3 de LABIN 8-8-8 + 2 MgO es caracteritza pel contingut en mat\u00e8ria org\u00e0nica. La mat\u00e8ria org\u00e0nica millora l&#8217;activitat del s\u00f2l i afavoreix una assimilaci\u00f3 millor dels elements minerals, aix\u00ed com l&#8217;alliberament d&#8217;altres elements bloquejats al s\u00f2l, cosa que permet obtenir millors resultats amb menys unitats fertilitzants. <\/p>\n","protected":false},"excerpt":{"rendered":"<ul>\n<li><strong>Granulat de f\u00e0cil aplicaci\u00f3<\/strong><\/li>\n<li><strong>Alta qualitat i estabilitat de la mat\u00e8ria org\u00e0nica<\/strong><\/li>\n<li><strong>Millora de la fertilitat del s\u00f2l<\/strong><\/li>\n<li><strong>M\u00e9s efici\u00e8ncia amb menys unitats fertilitzants<\/strong><\/li>\n<li><strong>Aplicable f\u00e0cilment amb qualsevol tipus d&#8217;abonadora<\/strong><\/li>\n<\/ul>\n","protected":false},"featured_media":35611,"comment_status":"open","ping_status":"closed","template":"","meta":{"_acf_changed":false},"cultivo":[133,616,633,654,679,702,134,617,634,656,680,704,602,618,635,658,681,706,603,619,636,659,682,707,604,620,637,661,683,708,605,621,638,662,684,709,606,623,639,663,686,710,607,624,641,664,687,608,625,643,666,688,609,626,644,668,689,610,627,646,670,691,611,628,647,672,693,612,629,648,674,695,613,630,649,676,697,614,631,650,677,698,615,632,652,678,700],"ecologico":[831],"medioambiente":[835,846],"solucion":[855,860,865],"tipo-de-aplicacion":[711],"product_brand":[],"product_cat":[985],"product_tag":[],"class_list":{"0":"post-37379","1":"product","2":"type-product","3":"status-publish","4":"has-post-thumbnail","6":"cultivo-tropicals","7":"cultivo-kiwi","8":"cultivo-perera","9":"cultivo-te","10":"cultivo-fava-tendra","11":"cultivo-cereals","12":"cultivo-cacau","13":"cultivo-llimoner","14":"cultivo-festuc","15":"cultivo-yuca","16":"cultivo-mongeta-tendra","17":"cultivo-farratgeres-i-pastures","18":"cultivo-fruiters","19":"cultivo-alvocat","20":"cultivo-aranja","21":"cultivo-bleda-2","22":"cultivo-enciam","23":"cultivo-lleguminoses-extensives-2","24":"cultivo-horticoles","25":"cultivo-bana-platan","26":"cultivo-videu","27":"cultivo-all","28":"cultivo-melo","29":"cultivo-oleaginoses","30":"cultivo-extensius","31":"cultivo-cafe","32":"cultivo-canya-de-sucre","33":"cultivo-alberginia","34":"cultivo-nap","35":"cultivo-arbres-ornamentals","36":"cultivo-parcs-i-jardins","37":"cultivo-carambola","38":"cultivo-chirimoya","39":"cultivo-moniato","40":"cultivo-patata","41":"cultivo-gespedes","42":"cultivo-albercoc","43":"cultivo-lima-2","44":"cultivo-coco","45":"cultivo-brocoli","46":"cultivo-cogombre","47":"cultivo-flors","48":"cultivo-ametller","49":"cultivo-mandari","50":"cultivo-fruits-rojos-berries","51":"cultivo-carbasso","52":"cultivo-pebrot","53":"cultivo-avellaner","54":"cultivo-poma","55":"cultivo-guayaba","56":"cultivo-carabassa","57":"cultivo-porro","58":"cultivo-caqui","59":"cultivo-pressec","60":"cultivo-lychee","61":"cultivo-ceba","62":"cultivo-rave","63":"cultivo-castany","64":"cultivo-codonyer","65":"cultivo-manec","66":"cultivo-col","67":"cultivo-remolatxa","68":"cultivo-cirerer","69":"cultivo-taronger","70":"cultivo-maracuia","71":"cultivo-cols-de-brusselles","72":"cultivo-rucula","73":"cultivo-prunera","74":"cultivo-nectarina","75":"cultivo-papaia","76":"cultivo-coliflor","77":"cultivo-sindria","78":"cultivo-clementi","79":"cultivo-noguera","80":"cultivo-pinya","81":"cultivo-escarola","82":"cultivo-soja-verda","83":"cultivo-granat","84":"cultivo-olivera","85":"cultivo-pitahaya","86":"cultivo-espinac","87":"cultivo-tomaquet","88":"cultivo-figuera","89":"cultivo-parra-ornamental","90":"cultivo-tamarindo","91":"cultivo-pesol","92":"cultivo-pastanaga","93":"ecologico-no","94":"medioambiente-reduccio-empremta-de-co2","95":"medioambiente-eficiencia-de-lus-de-nutrients","96":"solucion-deficencia-de-n","97":"solucion-deficencia-de-p","98":"solucion-deficencia-de-k","99":"tipo-de-aplicacion-aplicacio-a-terra","100":"product_cat-adobs-granulats-i-microgranulats","102":"first","103":"instock","104":"shipping-taxable","105":"product-type-simple"},"acf":[],"_links":{"self":[{"href":"https:\/\/labin.net\/ca\/wp-json\/wp\/v2\/product\/37379","targetHints":{"allow":["GET"]}}],"collection":[{"href":"https:\/\/labin.net\/ca\/wp-json\/wp\/v2\/product"}],"about":[{"href":"https:\/\/labin.net\/ca\/wp-json\/wp\/v2\/types\/product"}],"replies":[{"embeddable":true,"href":"https:\/\/labin.net\/ca\/wp-json\/wp\/v2\/comments?post=37379"}],"wp:featuredmedia":[{"embeddable":true,"href":"https:\/\/labin.net\/ca\/wp-json\/wp\/v2\/media\/35611"}],"wp:attachment":[{"href":"https:\/\/labin.net\/ca\/wp-json\/wp\/v2\/media?parent=37379"}],"wp:term":[{"taxonomy":"cultivo","embeddable":true,"href":"https:\/\/labin.net\/ca\/wp-json\/wp\/v2\/cultivo?post=37379"},{"taxonomy":"ecologico","embeddable":true,"href":"https:\/\/labin.net\/ca\/wp-json\/wp\/v2\/ecologico?post=37379"},{"taxonomy":"medioambiente","embeddable":true,"href":"https:\/\/labin.net\/ca\/wp-json\/wp\/v2\/medioambiente?post=37379"},{"taxonomy":"solucion","embeddable":true,"href":"https:\/\/labin.net\/ca\/wp-json\/wp\/v2\/solucion?post=37379"},{"taxonomy":"tipo-de-aplicacion","embeddable":true,"href":"https:\/\/labin.net\/ca\/wp-json\/wp\/v2\/tipo-de-aplicacion?post=37379"},{"taxonomy":"product_brand","embeddable":true,"href":"https:\/\/labin.net\/ca\/wp-json\/wp\/v2\/product_brand?post=37379"},{"taxonomy":"product_cat","embeddable":true,"href":"https:\/\/labin.net\/ca\/wp-json\/wp\/v2\/product_cat?post=37379"},{"taxonomy":"product_tag","embeddable":true,"href":"https:\/\/labin.net\/ca\/wp-json\/wp\/v2\/product_tag?post=37379"}],"curies":[{"name":"wp","href":"https:\/\/api.w.org\/{rel}","templated":true}]}}