{"id":38188,"date":"2026-01-20T07:56:19","date_gmt":"2026-01-20T07:56:19","guid":{"rendered":"https:labin.net\/politica-de-xarxes-socials\/"},"modified":"2026-01-22T08:14:39","modified_gmt":"2026-01-22T08:14:39","slug":"politica-de-xarxes-socials","status":"publish","type":"page","link":"https:\/\/labin.net\/ca\/politica-de-xarxes-socials\/","title":{"rendered":"Pol\u00edtica de xarxes socials"},"content":{"rendered":"\t\t<div data-elementor-type=\"wp-page\" data-elementor-id=\"38188\" class=\"elementor elementor-38188 elementor-38102\" data-elementor-post-type=\"page\">\n\t\t\t\t<div class=\"elementor-element elementor-element-24c4057 e-flex e-con-boxed kitify-col-width-auto-no ignore-docs-style-no kitify-disable-relative-no e-root-container elementor-top-section e-con e-parent\" data-id=\"24c4057\" data-element_type=\"container\">\n\t\t\t\t\t<div class=\"e-con-inner\">\n\t\t\t\t<div class=\"elementor-element elementor-element-ccccce9 elementor-invisible kitify-has-entrance-animation elementor-widget elementor-widget-heading\" data-id=\"ccccce9\" data-element_type=\"widget\" data-settings=\"{&quot;_animation&quot;:&quot;kitifyShortFadeInUp&quot;}\" data-widget_type=\"heading.default\">\n\t\t\t\t<div class=\"elementor-widget-container\">\n\t\t\t\t\t<h2 class=\"elementor-heading-title elementor-size-default\">Pol\u00edtica de xarxes socials<\/h2>\t\t\t\t<\/div>\n\t\t\t\t<\/div>\n\t\t\t\t\t<\/div>\n\t\t\t\t<\/div>\n\t\t<div class=\"elementor-element elementor-element-8c3a5aa e-flex e-con-boxed kitify-col-width-auto-no ignore-docs-style-no kitify-disable-relative-no e-root-container elementor-top-section e-con e-parent\" data-id=\"8c3a5aa\" data-element_type=\"container\">\n\t\t\t\t\t<div class=\"e-con-inner\">\n\t\t<div class=\"elementor-element elementor-element-2ed0096 e-con-full e-flex kitify-col-width-auto-no ignore-docs-style-no kitify-disable-relative-no e-con e-child\" data-id=\"2ed0096\" data-element_type=\"container\">\n\t\t\t\t<div class=\"elementor-element elementor-element-10c3a28 elementor-widget elementor-widget-text-editor\" data-id=\"10c3a28\" data-element_type=\"widget\" data-widget_type=\"text-editor.default\">\n\t\t\t\t<div class=\"elementor-widget-container\">\n\t\t\t\t\t\t\t\t\t<p><strong>1. Informaci\u00f3 sobre el responsable del tractament de les dades allotjades a la p\u00e0gina oficial de PRODUCTES AGR\u00cdCOLES MACASA, SL, a la xarxa social<\/strong><\/p><p>D&#8217;acord amb el deure d&#8217;informaci\u00f3 establert al Reglament (UE) 2016\/679 de 27 d&#8217;abril (GDPR) i la Llei Org\u00e0nica 3\/2018, de 5 de <strong>desembre<\/strong> (LOPDGDD) utilitzen la p\u00e0gina oficial del <strong>RESPONSABLE,<\/strong> a la mateixa. L&#8217;acc\u00e9s i \u00fas per l&#8217;usuari d&#8217;aquesta p\u00e0gina oficial del <strong>RESPONSABLE,<\/strong> suposa que accepta expressament aquesta pol\u00edtica de privadesa i que presta el seu consentiment per al tractament de les seves dades personals segons el que preveu. <\/p><p><strong>2. Dades de menors d&#8217;edat o incapaces<\/strong><\/p><p>L&#8217;acc\u00e9s i el registre en aquesta xarxa social est\u00e0 prohibit als menors de catorze (14) anys, de manera que igualment queda prohibit l&#8217;acc\u00e9s i l&#8217;\u00fas dels menors de catorze (14 anys) a la p\u00e0gina oficial del <strong>RESPONSABLE<\/strong> . Per la seva banda, si l&#8217;usuari \u00e9s incapa\u00e7, el <strong>RESPONSABLE<\/strong> adverteix que ser\u00e0 necess\u00e0ria l&#8217;assist\u00e8ncia consentida del titular de la p\u00e0tria potestat o tutela de l&#8217;usuari o el seu representant legal per a l&#8217;acc\u00e9s i l&#8217;\u00fas d&#8217;aquesta p\u00e0gina oficial del <strong>RESPONSABLE,<\/strong> . aquest queda expressament exonerat de qualsevol responsabilitat que pogu\u00e9s derivar-se de l&#8217;\u00fas de la seva p\u00e0gina oficial per menors i incapa\u00e7os i aquesta responsabilitat ser\u00e0 dels seus representants legals en cada cas.  <\/p><p><strong>3. Identificaci\u00f3 de la ra\u00f3 social del responsable del fitxer<\/strong><\/p><p>L&#8217;usuari queda informat que el <strong>RESPONSABLE,<\/strong> amb domicili social al <strong>c\/ Alemanya, 10 \u2013 08700 IGUALADA (Barcelona)<\/strong> , ostenta la condici\u00f3 de responsable dels fitxers i tractaments a trav\u00e9s dels quals es recullen i emmagatzemen les dades personals de l&#8217;usuari com a conseq\u00fc\u00e8ncia del registre i \u00fas de la p\u00e0gina oficial del <strong>RESPONSABLE,<\/strong> en aquesta xarxa social, en aquesta xarxa social, que es troba la nostra p\u00e0gina oficial.<\/p><p><strong>4. Finalitats a qu\u00e8 es destinen les dades de car\u00e0cter personal, informaci\u00f3 i consentiment<\/strong><\/p><p>Les dades personals proporcionades volunt\u00e0riament per l&#8217;usuari al <strong>RESPONSABLE,<\/strong> a trav\u00e9s de la seva p\u00e0gina oficial formaran part d&#8217;un tractament de dades responsabilitat del <strong>RESPONSABLE,<\/strong> amb la finalitat d&#8217;oferir-vos informaci\u00f3 del <strong>RESPONSABLE,<\/strong> per e-mail, fax, SMS, MMS, comunitats socials o qualsevol altre mitj\u00e0 electr\u00f2nic o f\u00edsic, present o futur, que possibiliti realitzar comunicacions comercials, enviament el <strong>RESPONSABLE,<\/strong> i altres usuaris i establir comunicaci\u00f3 amb tercers.<\/p><p>Des del moment en qu\u00e8 l&#8217;usuari utilitza aquesta p\u00e0gina oficial presta el seu consentiment lliure, inequ\u00edvoc, espec\u00edfic, informat i expr\u00e9s per al tractament de les seves dades personals pel <strong>RESPONSABLE,<\/strong> per a la prestaci\u00f3 correcta d&#8217;aquests serveis d&#8217;acord amb el que estableix aquesta pol\u00edtica.<\/p><p>L&#8217;usuari \u00e9s lliure d&#8217;utilitzar la p\u00e0gina oficial del <strong>RESPONSABLE,<\/strong> en aquesta xarxa social, de manera que en cas que l&#8217;usuari no estigui d&#8217;acord amb el tractament de les seves dades amb aquests fins, no l&#8217;haur\u00e0 d&#8217;utilitzar ni proporcionar dades personals.<\/p><p>A trav\u00e9s d&#8217;aquesta p\u00e0gina oficial del <strong>RESPONSABLE,<\/strong> l&#8217;usuari pot compartir textos, fotos, v\u00eddeos i altres tipus d&#8217;informaci\u00f3 i\/o continguts que estaran subjectes tant a aquesta pol\u00edtica com a les Normes i Condicions de la Plataforma. L&#8217;usuari ser\u00e0 responsable que tots els continguts que publiqui respectin la legislaci\u00f3 vigent, aquesta pol\u00edtica i les Normes de la Plataforma. <\/p><p>L&#8217;usuari \u00fanicament podr\u00e0 publicar en aquesta p\u00e0gina oficial del <strong>RESPONSABLE,<\/strong> dades personals, fotografies i informacions o altres continguts la titularitat i propietat dels quals li pertanyin o respecte de les quals ostenti l&#8217;autoritzaci\u00f3 de tercers.<\/p><p>El <strong>RESPONSABLE,<\/strong> tindr\u00e0 dret a eliminar de la present p\u00e0gina oficial -de forma unilateral i sense pr\u00e8via comunicaci\u00f3 ni autoritzaci\u00f3 de l&#8217;usuari- qualsevol contingut publicat per l&#8217;usuari quan l&#8217;usuari infringeixi o vulneri la legislaci\u00f3 vigent, les normes establertes en aquesta pol\u00edtica i les Normes de la Plataforma.<\/p><p><strong>5. Identificaci\u00f3 dels destinataris respecte dels quals el RESPONSABLE, tingui previst la realitzaci\u00f3 de cessions o comunicacions de dades<\/strong><\/p><p>S&#8217;adverteix a l&#8217;usuari que tota la informaci\u00f3 i continguts que publiqui a la p\u00e0gina oficial del <strong>RESPONSABLE,<\/strong> a la xarxa social podr\u00e0 ser coneguda pels altres usuaris de la p\u00e0gina oficial i de la plataforma de xarxa social. En conseq\u00fc\u00e8ncia, tota la informaci\u00f3 i continguts publicats per l&#8217;usuari a la p\u00e0gina oficial del <strong>RESPONSABLE,<\/strong> en aquesta xarxa social ser\u00e0 objecte de comunicaci\u00f3 de la resta dels usuaris per la pr\u00f2pia naturalesa del servei. <\/p><p>El <strong>RESPONSABLE<\/strong> \u00fanicament t\u00e9 prevista la realitzaci\u00f3 de cessions o comunicacions de dades que per ra\u00f3 de la normativa vigent hagi de fer a jutges, tribunals, administracions p\u00fabliques i autoritats competents de car\u00e0cter administratiu.<\/p><p><strong>6. Altres tercers prestadors de serveis<\/strong><\/p><p>El <strong>RESPONSABLE,<\/strong> adverteix a l&#8217;usuari que aquesta entitat nom\u00e9s \u00e9s responsable i garanteix la confidencialitat, seguretat i tractament de les dades conforme a la present pol\u00edtica, respecte de les dades de car\u00e0cter personal que reculli de l&#8217;usuari a trav\u00e9s de la present p\u00e0gina oficial en aquesta xarxa social, no tenint cap tipus de responsabilitat respecte dels tractaments i posteriors utilitzacions de les dades personals que poguessin efectuar tant pel titular de la societat de la poguessin accedir a aquestes dades per ra\u00f3 de la prestaci\u00f3 dels seus serveis o exercici de la seva activitat, tercers que estableixin hiperenlla\u00e7os a la xarxa social, ni d&#8217;aquells responsables a qui a trav\u00e9s d&#8217;hiperenlla\u00e7os el <strong>RESPONSABLE,<\/strong> remet als usuaris adherits a la present p\u00e0gina oficial.  <\/p><p><strong>7. Qualitat de les dades<\/strong><\/p><p>El <strong>RESPONSABLE<\/strong> adverteix a l&#8217;usuari que, excepte l&#8217;exist\u00e8ncia d&#8217;una representaci\u00f3 legalment constitu\u00efda, cap usuari no pot utilitzar la identitat d&#8217;una altra persona i comunicar-ne les dades personals,<\/p><p>per tant l&#8217;usuari en tot moment haur\u00e0 de tenir en compte que nom\u00e9s pot proporcionar dades personals corresponents a la seva pr\u00f2pia identitat i que siguin adequades, pertinents, actuals, exactes i veritables. En qualsevol cas, l&#8217;usuari haur\u00e0 de respectar la privadesa de tercers, siguin aquests usuaris o no de la xarxa social o de la p\u00e0gina oficial del <strong>RESPONSABLE,<\/strong> en aquesta. <\/p><p><strong>8<\/strong> . <strong>Drets que assisteixen a l&#8217;interessat:<\/strong><\/p><ul><li>Dret a retirar el consentiment en qualsevol moment.<\/li><li>Dret d&#8217;acc\u00e9s, rectificaci\u00f3, portabilitat i supressi\u00f3 de les vostres dades ia la limitaci\u00f3 o oposici\u00f3 al tractament.<\/li><li>Dret a presentar una reclamaci\u00f3 davant de l&#8217;Autoritat de control (www.aepd.es.) si considera que el tractament no s&#8217;ajusta a la normativa vigent.  <\/li><\/ul><p><strong>9. Una altra informaci\u00f3 d&#8217;inter\u00e8s<\/strong><\/p><p>El <strong>RESPONSABLE<\/strong> podr\u00e0 modificar i\/o substituir en qualsevol moment la present pol\u00edtica que, segons els casos, substituir\u00e0, completar\u00e0 i\/o modificar\u00e0 l&#8217;actualment publicada aqu\u00ed recollida. Per aix\u00f2 l&#8217;usuari haur\u00e0 d&#8217;accedir-hi peri\u00f2dicament a fi de mantenir-se actualitzat.   <\/p><p>L&#8217;usuari pot contactar amb el <strong>RESPONSABLE,<\/strong> mitjan\u00e7ant el servei de missatgeria interna de la xarxa social o mitjan\u00e7ant les seg\u00fcents adreces i dades de contacte:<\/p><p><strong>PRODUCTES AGR\u00cdCOLES MACASA, SL<\/strong><\/p><p>C\/ Alemanya, 10 \u2013 08700 IGUALADA (Barcelona)<\/p><p>administracio@macasa.es<\/p><p>Aix\u00ed mateix, l&#8217;usuari pot consultar les normes i pol\u00edtiques publicades pel titular de la xarxa social per utilitzar-la.<\/p>\t\t\t\t\t\t\t\t<\/div>\n\t\t\t\t<\/div>\n\t\t\t\t<\/div>\n\t\t\t\t\t<\/div>\n\t\t\t\t<\/div>\n\t\t\t\t<\/div>\n\t\t","protected":false},"excerpt":{"rendered":"<p>Pol\u00edtica de xarxes socials 1. Informaci\u00f3 sobre el responsable del tractament de les dades allotjades a la p\u00e0gina oficial de PRODUCTES AGR\u00cdCOLES MACASA, SL, a la xarxa social D&#8217;acord amb el deure d&#8217;informaci\u00f3 establert al Reglament (UE) 2016\/679 de 27 d&#8217;abril (GDPR) i la Llei Org\u00e0nica 3\/2018, de 5 de desembre (LOPDGDD) utilitzen la p\u00e0gina oficial del RESPONSABLE, a la\u2026<\/p>\n","protected":false},"author":1,"featured_media":0,"parent":0,"menu_order":0,"comment_status":"closed","ping_status":"closed","template":"","meta":{"_acf_changed":false,"footnotes":""},"class_list":["post-38188","page","type-page","status-publish","hentry"],"acf":[],"_links":{"self":[{"href":"https:\/\/labin.net\/ca\/wp-json\/wp\/v2\/pages\/38188","targetHints":{"allow":["GET"]}}],"collection":[{"href":"https:\/\/labin.net\/ca\/wp-json\/wp\/v2\/pages"}],"about":[{"href":"https:\/\/labin.net\/ca\/wp-json\/wp\/v2\/types\/page"}],"author":[{"embeddable":true,"href":"https:\/\/labin.net\/ca\/wp-json\/wp\/v2\/users\/1"}],"replies":[{"embeddable":true,"href":"https:\/\/labin.net\/ca\/wp-json\/wp\/v2\/comments?post=38188"}],"version-history":[{"count":1,"href":"https:\/\/labin.net\/ca\/wp-json\/wp\/v2\/pages\/38188\/revisions"}],"predecessor-version":[{"id":38190,"href":"https:\/\/labin.net\/ca\/wp-json\/wp\/v2\/pages\/38188\/revisions\/38190"}],"wp:attachment":[{"href":"https:\/\/labin.net\/ca\/wp-json\/wp\/v2\/media?parent=38188"}],"curies":[{"name":"wp","href":"https:\/\/api.w.org\/{rel}","templated":true}]}}