{"id":38146,"date":"2026-01-20T07:56:48","date_gmt":"2026-01-20T07:56:48","guid":{"rendered":"https:labin.net\/politica-de-privadesa-web\/"},"modified":"2026-01-22T08:14:06","modified_gmt":"2026-01-22T08:14:06","slug":"politica-de-privadesa-web","status":"publish","type":"page","link":"https:\/\/labin.net\/ca\/politica-de-privadesa-web\/","title":{"rendered":"Pol\u00edtica de privadesa web"},"content":{"rendered":"\t\t<div data-elementor-type=\"wp-page\" data-elementor-id=\"38146\" class=\"elementor elementor-38146 elementor-38104\" data-elementor-post-type=\"page\">\n\t\t\t\t<div class=\"elementor-element elementor-element-24c4057 e-flex e-con-boxed kitify-col-width-auto-no ignore-docs-style-no kitify-disable-relative-no e-root-container elementor-top-section e-con e-parent\" data-id=\"24c4057\" data-element_type=\"container\">\n\t\t\t\t\t<div class=\"e-con-inner\">\n\t\t\t\t<div class=\"elementor-element elementor-element-ccccce9 elementor-invisible kitify-has-entrance-animation elementor-widget elementor-widget-heading\" data-id=\"ccccce9\" data-element_type=\"widget\" data-settings=\"{&quot;_animation&quot;:&quot;kitifyShortFadeInUp&quot;}\" data-widget_type=\"heading.default\">\n\t\t\t\t<div class=\"elementor-widget-container\">\n\t\t\t\t\t<h2 class=\"elementor-heading-title elementor-size-default\">Pol\u00edtica de privadesa web<\/h2>\t\t\t\t<\/div>\n\t\t\t\t<\/div>\n\t\t\t\t\t<\/div>\n\t\t\t\t<\/div>\n\t\t<div class=\"elementor-element elementor-element-8c3a5aa e-flex e-con-boxed kitify-col-width-auto-no ignore-docs-style-no kitify-disable-relative-no e-root-container elementor-top-section e-con e-parent\" data-id=\"8c3a5aa\" data-element_type=\"container\">\n\t\t\t\t\t<div class=\"e-con-inner\">\n\t\t<div class=\"elementor-element elementor-element-2ed0096 e-con-full e-flex kitify-col-width-auto-no ignore-docs-style-no kitify-disable-relative-no e-con e-child\" data-id=\"2ed0096\" data-element_type=\"container\">\n\t\t\t\t<div class=\"elementor-element elementor-element-10c3a28 elementor-widget elementor-widget-text-editor\" data-id=\"10c3a28\" data-element_type=\"widget\" data-widget_type=\"text-editor.default\">\n\t\t\t\t<div class=\"elementor-widget-container\">\n\t\t\t\t\t\t\t\t\t<p><strong>Responsable del Tractament<\/strong><\/p><p>L&#8217;empresa responsable del tractament de les vostres dades en virtut d&#8217;aquesta Pol\u00edtica de privadesa \u00e9s:<\/p><p>PRODUCTES LABIN, SL<\/p><p>NIF: B60016219  <\/p><p>Domicili: C\/ Alemanya, 10 \u2013 08700 IGUALADA (Barcelona)<\/p><p>Adre\u00e7a de correu electr\u00f2nic: administracio@macasa.es<\/p><p>Web: www.labin.net www.macasajardin.com www.labin-nutrition.fr<\/p><p>Tel\u00e8fon: 938031966<\/p><p>Inscrita al Registre Mercantil de Barcelona, \u200b\u200bFoli 51, Tom 21987, Full B-30538, Inscripci\u00f3 1a<\/p><p>A PRODUCTES LABIN, SL, reconeixem la import\u00e0ncia de protegir la vostra informaci\u00f3 personal i estem compromesos a tractar-la amb responsabilitat i de conformitat amb les lleis de protecci\u00f3 de dades.<\/p><p>Aquesta pol\u00edtica de privadesa pret\u00e9n regular tots els aspectes relatius al tractament de dades dels diferents usuaris que naveguen o faciliten les seves dades personals a trav\u00e9s dels diferents formularis situats a la web.<\/p><p><strong>Dades Personals<\/strong><\/p><p>Una dada personal, \u00e9s la informaci\u00f3 que us identifica o us fa identificable. A trav\u00e9s del web, a les caselles establertes a aquest efecte recollim les dades personals que l&#8217;usuari ens comunica: Nom, cognoms, correu electr\u00f2nic, tel\u00e8fon, adre\u00e7a postal, poblaci\u00f3, etc. <\/p><p>La visita de l&#8217;usuari a la web no implica que hagi de facilitar cap informaci\u00f3 sobre les vostres dades personals. No obstant aix\u00f2, en cas de facilitar-los, les dades seran tractades de forma l\u00edcita amb subjecci\u00f3 en tot moment als principis i drets recollits al RGPD 2016\/679 de 27 d&#8217;abril de 2016 i la LOPDGDD 3\/2018 del 5 de desembre. <\/p><p><strong>Finalitat, durada i legitimaci\u00f3 del tractament<\/strong> :<\/p><p>Les dades que l&#8217;usuari ens proporcioni les tractarem amb les finalitats seg\u00fcents:<\/p><ul><li>Atendre la sol\u00b7licitud o petici\u00f3 realitzada per l&#8217;usuari a trav\u00e9s del <strong>formulari de contacte<\/strong> situat a la web. Recollim i tractem les dades personals de l&#8217;usuari per poder tramitar i gestionar la vostra sol\u00b7licitud, una consulta o qualsevol petici\u00f3 que realitzeu a trav\u00e9s d&#8217;aquest formulari. Aquestes dades les conservarem durant el temps necessari per donar compliment a la vostra petici\u00f3 i durant el temps establert per la llei amb una durada m\u00ednima de 3 anys.  <\/li><\/ul><p>La base de legitimaci\u00f3 del tractament de les dades ser\u00e0 el consentiment que atorga l&#8217;usuari en seleccionar la casella d&#8217;acceptaci\u00f3 de la nostra pol\u00edtica de privadesa abans d&#8217;enviar la petici\u00f3. L&#8217;usuari t\u00e9 dret a revocar el consentiment en qualsevol moment sense que aix\u00f2 afecti la licitud del tractament basat en el consentiment previ a la seva retirada. <\/p><ul><li>Enviar <strong>butlletins i newsletters<\/strong> sobre productes de PRODUCTES LABIN, SL Sota el consentiment de l&#8217;usuari recollim i tractem les vostres dades personals per poder enviar-vos informaci\u00f3 sobre els nostres productes i serveis. Aquestes dades les conservarem mentre l&#8217;usuari no revoqui el seu consentiment al seu tractament i durant el temps establert per la llei amb una durada m\u00ednima de 3 anys. <\/li><\/ul><p>La base de legitimaci\u00f3 del tractament de les dades ser\u00e0 el consentiment que atorga l&#8217;usuari en seleccionar la casella d&#8217;acceptaci\u00f3 de la nostra pol\u00edtica de privadesa abans de subscriure&#8217;s a la newsletter en formulari habilitat a aquest efecte al web. L&#8217;usuari t\u00e9 dret a revocar el consentiment en qualsevol moment sense que aix\u00f2 afecti la licitud del tractament basat en el consentiment previ a la seva retirada. <\/p><ul><li>Donar d&#8217;alta com a \u201cusuari registrat\u201d a trav\u00e9s <strong>del formulari de registre<\/strong> situat al web que us permetr\u00e0 a l&#8217;usuari accedir a la vostra \u00e0rea privada de serveis i informar-vos de les nostres activitats, podent remetre per qualsevol mitj\u00e0 electr\u00f2nic comunicacions comercials de les novetats dels nostres serveis. Aquestes dades les conservarem mentre l&#8217;usuari no sol\u00b7liciti la baixa del registre i durant el temps establert per la llei amb una durada m\u00ednima de 3 anys. <\/li><\/ul><p>La base de legitimaci\u00f3 del tractament de les dades ser\u00e0 el consentiment que atorga l&#8217;usuari en registrar-se a trav\u00e9s del formulari de registre i seleccionar la casella d&#8217;acceptaci\u00f3 de la nostra pol\u00edtica de privadesa abans d&#8217;enviar la vostra sol\u00b7licitud. L&#8217;usuari t\u00e9 dret a revocar el consentiment en qualsevol moment sense que aix\u00f2 afecti la licitud del tractament basat en el consentiment previ a la seva retirada. <\/p><ul><li>Gestionar les <strong>experi\u00e8ncies o opinions<\/strong> respecte als productes i\/o serveis mitjan\u00e7ant els testimonis dels usuaris que seran publicats a la p\u00e0gina web i aix\u00ed poder ajudar altres usuaris. Les dades personals que es publicaran del testimoni seran el nom, els cognoms i la ciutat de l&#8217;usuari. Les dades facilitades les conservarem mentre l&#8217;usuari no sol\u00b7licite la revocaci\u00f3 i durant el temps establert per la llei amb una durada m\u00ednima de 3 anys.  <\/li><\/ul><p>La base de legitimaci\u00f3 del tractament de les dades ser\u00e0 el consentiment que atorga l&#8217;usuari en registrar-se a trav\u00e9s del formulari habilitat a aquest efecte a la web i en seleccionar la casella d&#8217;acceptaci\u00f3 de la nostra pol\u00edtica de privadesa abans d&#8217;enviar la vostra sol\u00b7licitud.<\/p><ul><li>Millorar la vostra experi\u00e8ncia en navegar per la web. Aquestes dades les conservarem mentre l&#8217;usuari no revoqui el seu consentiment al seu tractament eliminant les galetes i durant el temps establert per la llei amb una durada m\u00ednima de 3 anys. <\/li><\/ul><p>La base leg\u00edtima per millorar la vostra experi\u00e8ncia en navegar per la web \u00e9s el consentiment que atorga l&#8217;usuari en acceptar les cookies. L&#8217;usuari t\u00e9 dret a revocar el consentiment en qualsevol moment sense que aix\u00f2 afecti la licitud del tractament basat en el consentiment previ a la seva retirada. <\/p><ul><li>Gestionar les nostres <strong>xarxes socials<\/strong> i enviar informaci\u00f3 sobre les nostres activitats i productes. Aquestes dades les conservarem mentre l&#8217;usuari no revoqui el seu consentiment al seu tractament i durant el temps establert per la llei amb una durada m\u00ednima de 3 anys. <\/li><\/ul><p>La base leg\u00edtima per gestionar les nostres xarxes socials i enviar-li les nostres activitats i novetats, \u00e9s el consentiment que ens atorga. L&#8217;usuari t\u00e9 dret a revocar el consentiment en qualsevol moment sense que aix\u00f2 afecti la licitud del tractament basat en el consentiment previ a la seva retirada. <\/p><p><strong>Cessi\u00f3 o comunicaci\u00f3 de dades personals i transfer\u00e8ncies internacionals:<\/strong><\/p><p>Les vostres dades no es comunicaran ni seran cedides a tercers llevat que hi hagi alguna obligaci\u00f3 legal o aquells prestadors vinculats al Responsable que actuen com a encarregats del tractament.<\/p><p>No es realitzen transfer\u00e8ncies internacionals, per al cas que en algun moment poguessin realitzar-se, se li comunicaran per tal d&#8217;obtenir-ne el consentiment.<\/p><p><strong>Actualitzaci\u00f3 de dades<\/strong><\/p><p>\u00c9s important que perqu\u00e8 puguem mantenir les dades personals actualitzades, l&#8217;usuari ens informi sempre que hi hagi hagut alguna modificaci\u00f3, en cas contrari, no responem de la seva veracitat.<\/p><p>L&#8217;usuari garanteix que les dades personals facilitades s\u00f3n veraces garantint que tota la informaci\u00f3 facilitada correspon a la situaci\u00f3 real, que est\u00e0 posada al dia i \u00e9s exacta, i queda obligat a comunicar qualsevol modificaci\u00f3.<\/p><p><strong>Dades de Tercers<\/strong><\/p><p>Si l&#8217;usuari facilita dades de terceres persones per a qualsevol finalitat a PRODUCTES LABIN, SL, garanteix que ha obtingut aquestes dades de forma l\u00edcita, que ha informat pr\u00e8viament els afectats, obtenint el seu consentiment per comunicar-los i que la informaci\u00f3 facilitada \u00e9s exacta i vera\u00e7.<\/p><p><strong>Car\u00e0cter obligatori de la informaci\u00f3 sol\u00b7licitada<\/strong><\/p><p>Tots els nostres formularis compten amb un asterisc (*) a les dades obligat\u00f2ries. Si l&#8217;usuari no facilita aquests camps, o b\u00e9 no marca la casella d&#8217;acceptaci\u00f3 de la pol\u00edtica de privadesa, no es permetr\u00e0 l&#8217;enviament de la informaci\u00f3.   <\/p><p><strong>Drets dels interessats<\/strong> :<\/p><p>Teniu dret a accedir a les vostres dades ia obtenir confirmaci\u00f3 sobre el vostre tractament, aix\u00ed com una c\u00f2pia de les dades personals objecte de tractament. T\u00e9 dret a actualitzar-los i sol\u00b7licitar la rectificaci\u00f3 de les dades que siguin inexactes o sol\u00b7licitar la supressi\u00f3 quan les dades no siguin necess\u00e0ries per als fins per als quals van ser demanades. Podeu sol\u00b7licitar la limitaci\u00f3 en el tractament de les vostres dades i oposar-vos al tractament d&#8217;aquestes dades revocant el vostre consentiment, aix\u00ed com exercir el dret a la portabilitat de les dades. De la mateixa manera, t\u00e9 dret a no ser objecte de decisions basades \u00fanicament en el tractament automatitzat de les dades personals. Podeu exercir els vostres drets contactant amb nosaltres C\/ Alemanya, 10 \u2013 08700 IGUALADA (Barcelona). Email: administracio@macasa.es       <\/p><p>Si considereu que els vostres drets no s&#8217;han at\u00e8s degudament, teniu dret a presentar una reclamaci\u00f3 davant l&#8217;Ag\u00e8ncia Espanyola de Protecci\u00f3 de Dades <a href=\"http:\/\/www.aepd.es\/\">www.aepd.es<\/a><\/p><p><strong>Tractament de dades de menors d&#8217;edat<\/strong><\/p><p>Qui facilita les dades a trav\u00e9s dels formularis d&#8217;aquesta web i accepta el seu tractament declara ser major de 14 anys, i queda prohibit l&#8217;acc\u00e9s i l&#8217;\u00fas del portal a menors d&#8217;aquesta edat. Si en algun moment, el Responsable detecta que un menor de 14 anys ha proporcionat dades de car\u00e0cter personal, procedirem a cancel\u00b7lar-les. Aix\u00ed mateix, els pares o tutors podran en qualsevol cas dirigir-se a PRODUCTES LABIN, SL per bloquejar el compte d&#8217;acc\u00e9s dels menors a c\u00e0rrec seu que s&#8217;haguessin registrat falsejant la seva identitat.  <\/p><p><strong>Tractament de Cookies:<\/strong><\/p><p>Una galeta \u00e9s un petit arxiu que es descarrega i s&#8217;emmagatzema a l&#8217;ordinador de l&#8217;usuari quan aquest accedeix a una p\u00e0gina web. Les galetes permeten al web, entre altres coses, emmagatzemar i recuperar informaci\u00f3 sobre els h\u00e0bits de navegaci\u00f3 de l&#8217;usuari o del seu equip i, depenent de la informaci\u00f3 que continguin i de la manera com utilitzi el seu equip, es poden utilitzar per recon\u00e8ixer l&#8217;usuari. <\/p><p>L&#8217;usuari t\u00e9 l&#8217;opci\u00f3 d&#8217;impedir la generaci\u00f3 de cookies, mitjan\u00e7ant la selecci\u00f3 de la corresponent opci\u00f3 al vostre programa de navegador. Podeu obtenir m\u00e9s informaci\u00f3 llegint la nostra <a href=\"https:\/\/labin.net\/politica-de-cookies\/\">Pol\u00edtica de Cookies<\/a> . <\/p>\t\t\t\t\t\t\t\t<\/div>\n\t\t\t\t<\/div>\n\t\t\t\t<\/div>\n\t\t\t\t\t<\/div>\n\t\t\t\t<\/div>\n\t\t\t\t<\/div>\n\t\t","protected":false},"excerpt":{"rendered":"<p>Pol\u00edtica de privadesa web Responsable del Tractament L&#8217;empresa responsable del tractament de les vostres dades en virtut d&#8217;aquesta Pol\u00edtica de privadesa \u00e9s: PRODUCTES LABIN, SL NIF: B60016219 Domicili: C\/ Alemanya, 10 \u2013 08700 IGUALADA (Barcelona) Adre\u00e7a de correu electr\u00f2nic: administracio@macasa.es Web: www.labin.net www.macasajardin.com www.labin-nutrition.fr Tel\u00e8fon: 938031966 Inscrita al Registre Mercantil de Barcelona, \u200b\u200bFoli 51, Tom 21987, Full B-30538, Inscripci\u00f3 1a\u2026<\/p>\n","protected":false},"author":1,"featured_media":0,"parent":0,"menu_order":0,"comment_status":"closed","ping_status":"closed","template":"","meta":{"_acf_changed":false,"footnotes":""},"class_list":["post-38146","page","type-page","status-publish","hentry"],"acf":[],"_links":{"self":[{"href":"https:\/\/labin.net\/ca\/wp-json\/wp\/v2\/pages\/38146","targetHints":{"allow":["GET"]}}],"collection":[{"href":"https:\/\/labin.net\/ca\/wp-json\/wp\/v2\/pages"}],"about":[{"href":"https:\/\/labin.net\/ca\/wp-json\/wp\/v2\/types\/page"}],"author":[{"embeddable":true,"href":"https:\/\/labin.net\/ca\/wp-json\/wp\/v2\/users\/1"}],"replies":[{"embeddable":true,"href":"https:\/\/labin.net\/ca\/wp-json\/wp\/v2\/comments?post=38146"}],"version-history":[{"count":1,"href":"https:\/\/labin.net\/ca\/wp-json\/wp\/v2\/pages\/38146\/revisions"}],"predecessor-version":[{"id":38149,"href":"https:\/\/labin.net\/ca\/wp-json\/wp\/v2\/pages\/38146\/revisions\/38149"}],"wp:attachment":[{"href":"https:\/\/labin.net\/ca\/wp-json\/wp\/v2\/media?parent=38146"}],"curies":[{"name":"wp","href":"https:\/\/api.w.org\/{rel}","templated":true}]}}