{"id":38140,"date":"2026-01-20T07:58:21","date_gmt":"2026-01-20T07:58:21","guid":{"rendered":"https:labin.net\/politica-de-cookies\/"},"modified":"2026-01-22T08:14:05","modified_gmt":"2026-01-22T08:14:05","slug":"politica-de-cookies","status":"publish","type":"page","link":"https:\/\/labin.net\/ca\/politica-de-cookies\/","title":{"rendered":"Pol\u00edtica de cookies"},"content":{"rendered":"\t\t<div data-elementor-type=\"wp-page\" data-elementor-id=\"38140\" class=\"elementor elementor-38140 elementor-38112\" data-elementor-post-type=\"page\">\n\t\t\t\t<div class=\"elementor-element elementor-element-24c4057 e-flex e-con-boxed kitify-col-width-auto-no ignore-docs-style-no kitify-disable-relative-no e-root-container elementor-top-section e-con e-parent\" data-id=\"24c4057\" data-element_type=\"container\">\n\t\t\t\t\t<div class=\"e-con-inner\">\n\t\t\t\t<div class=\"elementor-element elementor-element-ccccce9 elementor-invisible kitify-has-entrance-animation elementor-widget elementor-widget-heading\" data-id=\"ccccce9\" data-element_type=\"widget\" data-settings=\"{&quot;_animation&quot;:&quot;kitifyShortFadeInUp&quot;}\" data-widget_type=\"heading.default\">\n\t\t\t\t<div class=\"elementor-widget-container\">\n\t\t\t\t\t<h2 class=\"elementor-heading-title elementor-size-default\">Pol\u00edtica de cookies<\/h2>\t\t\t\t<\/div>\n\t\t\t\t<\/div>\n\t\t\t\t\t<\/div>\n\t\t\t\t<\/div>\n\t\t<div class=\"elementor-element elementor-element-8c3a5aa e-flex e-con-boxed kitify-col-width-auto-no ignore-docs-style-no kitify-disable-relative-no e-root-container elementor-top-section e-con e-parent\" data-id=\"8c3a5aa\" data-element_type=\"container\">\n\t\t\t\t\t<div class=\"e-con-inner\">\n\t\t<div class=\"elementor-element elementor-element-2ed0096 e-con-full e-flex kitify-col-width-auto-no ignore-docs-style-no kitify-disable-relative-no e-con e-child\" data-id=\"2ed0096\" data-element_type=\"container\">\n\t\t\t\t<div class=\"elementor-element elementor-element-10c3a28 elementor-widget elementor-widget-text-editor\" data-id=\"10c3a28\" data-element_type=\"widget\" data-widget_type=\"text-editor.default\">\n\t\t\t\t<div class=\"elementor-widget-container\">\n\t\t\t\t\t\t\t\t\t<p>Aquesta pol\u00edtica de galetes t\u00e9 per finalitat informar de manera clara i precisa sobre les galetes que s&#8217;utilitzen a la nostra web.<\/p><p>Utilitzem cookies pr\u00f2pies i de tercers per millorar els nostres serveis, personalitzar el nostre lloc web, facilitar la navegaci\u00f3 dels nostres usuaris, proporcionar-li una millor experi\u00e8ncia en l&#8217;\u00fas del lloc web, identificar problemes per millorar-lo, fer mesuraments i estad\u00edstiques d&#8217;\u00fas i mostrar publicitat relacionada amb les seves prefer\u00e8ncies mitjan\u00e7ant l&#8217;an\u00e0lisi de l&#8217;\u00fas del lloc web.<\/p><p>Us informem que podem utilitzar cookies en el vostre equip a condici\u00f3 que l&#8217;usuari hagi donat el seu consentiment, excepte en els sup\u00f2sits en qu\u00e8 les cookies siguin necess\u00e0ries per a la navegaci\u00f3 pel nostre lloc web. En cas que presteu el vostre consentiment, podrem utilitzar cookies que ens permetran tenir m\u00e9s informaci\u00f3 sobre les vostres prefer\u00e8ncies i personalitzar el nostre lloc web de conformitat amb els vostres interessos individuals. <\/p><h5>QU\u00c8 S\u00d3N LES COOKIES?<\/h5><p>Les cookies i altres tecnologies similars com ara local shared objects, flash cookies o p\u00edxels, s\u00f3n eines emprades pels servidors web per emmagatzemar i recuperar informaci\u00f3 sobre els seus visitants, aix\u00ed com per oferir un correcte funcionament del lloc.<\/p><h5>TIPUS DE COOKIES<\/h5><h5><strong>Tipus de cookies en funci\u00f3 de l&#8217;entitat que les gestioni:<\/strong><\/h5><p><strong>Cookies pr\u00f2pies:<\/strong> s\u00f3n les que s&#8217;envien a l&#8217;equip terminal de l&#8217;usuari des d&#8217;un equip o domini gestionat pel titular de la p\u00e0gina web i des de la qual es presta el servei sol\u00b7licitat per l&#8217;usuari.<\/p><p><strong>Cookies de tercers:<\/strong> s\u00f3n aquelles que s&#8217;envien a l&#8217;equip terminal de l&#8217;usuari des d&#8217;un equip o domini que no el gestiona el titular de la p\u00e0gina web des de la qual es presta el servei sol\u00b7licitat per l&#8217;usuari, sin\u00f3 per una altra entitat que tracta les dades obtingudes a trav\u00e9s de les cookies. Aix\u00ed mateix, en el cas que les cookies siguin instal\u00b7lades des d&#8217;un equip o domini gestionat pel propi titular del lloc web per\u00f2 la informaci\u00f3 que es reculli mitjan\u00e7ant aquestes sigui gestionada per un tercer, tamb\u00e9 seran considerades com a cookies de tercers. <\/p><p><strong>Tipus de cookies segons la finalitat:<\/strong><\/p><p><strong>Galetes t\u00e8cniques:  <\/strong>s\u00f3n aquelles que permeten a l&#8217;usuari la navegaci\u00f3 a trav\u00e9s d&#8217;una p\u00e0gina web, plataforma o aplicaci\u00f3 i la utilitzaci\u00f3 de les diferents opcions o serveis que hi hagi, incloent-hi aquelles que l&#8217;editor utilitza per permetre la gesti\u00f3 i operativa de la p\u00e0gina web i habilitar-ne les funcions i serveis, com, per exemple, controlar el tr\u00e0nsit i la comunicaci\u00f3 de dades, identificar la sessi\u00f3, accedir a parts d&#8217;acc\u00e9s restringit, recordar els elements el pagament, controlar el frau vinculat a la seguretat del servei, realitzar la sol\u00b7licitud d&#8217;inscripci\u00f3 o participaci\u00f3 en un esdeveniment, comptar visites a efectes de la facturaci\u00f3 de llic\u00e8ncies del programari amb qu\u00e8 funciona el servei (lloc web, plataforma o aplicaci\u00f3), utilitzar elements de seguretat durant la navegaci\u00f3, emmagatzemar continguts per a la difusi\u00f3 de v\u00eddeos o so, habilitar continguts din\u00e0mics (per exemple, animaci\u00f3 de c\u00e0rrega).<\/p><p>Tamb\u00e9 pertanyen a aquesta categoria, per la seva naturalesa t\u00e8cnica, aquelles galetes que permeten la gesti\u00f3, de la forma m\u00e9s efica\u00e7 possible, dels espais publicitaris que, com un element m\u00e9s de disseny o \u201cmaquetaci\u00f3\u201d del servei ofert a l&#8217;usuari, l&#8217;editor hagi incl\u00f2s en una p\u00e0gina web, aplicaci\u00f3 o plataforma en base a criteris com el contingut editat, sense que es recopili informaci\u00f3 dels usuaris amb finalitats diferents, com ara.<\/p><p><strong>Cookies de prefer\u00e8ncies o personalitzaci\u00f3<\/strong> : s\u00f3n aquelles que permeten recordar informaci\u00f3 perqu\u00e8 l&#8217;usuari accedeixi al servei amb determinades caracter\u00edstiques que poden diferenciar la seva experi\u00e8ncia de la d&#8217;altres usuaris, com ara l&#8217;idioma, el nombre de resultats a mostrar quan l&#8217;usuari realitza una cerca, l&#8217;aspecte o contingut del servei en funci\u00f3 del tipus de navegador a trav\u00e9s del qual l&#8217;usuari accedeix al servei oa la regi\u00f3 des de la qual.<\/p><p><strong>Galetes d&#8217;an\u00e0lisi o mesura:<\/strong> s\u00f3n aquelles que permeten al responsable de les mateixes el seguiment i l&#8217;an\u00e0lisi del comportament dels usuaris dels llocs web als quals estan vinculades, inclosa la quantificaci\u00f3 dels impactes dels anuncis. La informaci\u00f3 recollida mitjan\u00e7ant aquest tipus de galetes s&#8217;utilitza en el mesurament de l&#8217;activitat dels llocs web, aplicaci\u00f3 o plataforma, per introduir millores en funci\u00f3 de l&#8217;an\u00e0lisi de les dades d&#8217;\u00fas que fan els usuaris del servei. <\/p><p><strong>Cookies de publicitat comportamental:<\/strong> s\u00f3n aquelles que permeten la gesti\u00f3, de la manera m\u00e9s efica\u00e7 possible, dels espais publicitaris que hi ha a la p\u00e0gina web. Aquestes cookies emmagatzemen informaci\u00f3 del comportament dels usuaris obtinguda a trav\u00e9s de l&#8217;observaci\u00f3 continuada dels seus h\u00e0bits de navegaci\u00f3, cosa que permet desenvolupar un perfil espec\u00edfic per mostrar publicitat en funci\u00f3 del mateix. <\/p><p><strong>Cookies de geolocalitzaci\u00f3<\/strong> : s&#8217;utilitzen per saber en quin lloc es troba un usuari quan sol\u00b7licita un servei. Aquesta galeta \u00e9s an\u00f2nima i s&#8217;usa per exemple per oferir-vos la informaci\u00f3 adequada depenent del pa\u00eds on us trobeu. <\/p><p><strong>Tipus de cookies segons termini de temps que romanen activades:<\/strong><\/p><p><strong>Cookies de sessi\u00f3<\/strong> : s\u00f3n aquelles dissenyades per a demanar i emmagatzemar dades mentre l&#8217;usuari accedeix a una p\u00e0gina web. Se solen emprar per emmagatzemar informaci\u00f3 que nom\u00e9s interessa conservar per a la prestaci\u00f3 del servei sol\u00b7licitat per l&#8217;usuari en una sola ocasi\u00f3 (per exemple, una llista de productes adquirits) i desapareixen en acabar la sessi\u00f3. <\/p><p><strong>Cookies persistents:<\/strong> s\u00f3n aquelles en qu\u00e8 les dades segueixen emmagatzemades al terminal i poden ser accedides i tractades durant un per\u00edode definit pel responsable de la galeta, i que pot anar d&#8217;uns minuts a diversos anys.<\/p><p>COOKIES UTILITZADES A LA NOSTRA WEB<\/p><p> <\/p><table><thead><tr><td><strong>N\u00ba S\u00e8rie:<\/strong><\/td> <td><strong>Nom de la galeta<\/strong><\/td> <td><strong>Durada<\/strong><\/td> <td><strong>Categoria<\/strong><\/td> <td><strong>Descripci\u00f3<\/strong><\/td><\/tr><\/thead><tbody><tr><td>1<\/td> <td>cookielawinfo-checkbox-functional<\/td> <td>1 year<\/td> <td>Others<\/td> <td>La cookie est\u00e0 configurada pel consentiment de galetes de GDPR per registrar el consentiment de l&#8217;usuari per a les galetes en la categoria \u201cFuncional\u201d.<\/td><\/tr><tr><td>2<\/td> <td>PHPSESSID<\/td> <td>session<\/td> <td>Necessary<\/td><td>Aquesta galeta \u00e9s nativa de les aplicacions PHP. La galeta s&#8217;utilitza per emmagatzemar i identificar la identificaci\u00f3 de sessi\u00f3 \u00fanica d&#8217;un usuari per administrar la sessi\u00f3 de l&#8217;usuari al lloc web. La galeta \u00e9s una galeta de sessi\u00f3 i s&#8217;elimina quan es tanquen totes les finestres del navegador.  <\/td><\/tr><tr><td>3<\/td> <td>galetawinfo-checkbox-necessary<\/td> <td>1 year<\/td> <td>Necessary<\/td><td>Aquesta galeta est\u00e0 configurada pel complement de consentiment de galetes de GDPR. Les galetes s&#8217;utilitzen per emmagatzemar el consentiment de l&#8217;usuari per a les galetes a la categoria \u201cNecess\u00e0ries\u201d. <\/td><\/tr><tr><td>4<\/td> <td>galetawinfo-checkbox-performance<\/td> <td>1 year<\/td> <td>Necessary<\/td><td>Aquesta galeta est\u00e0 configurada pel complement de consentiment de galetes de GDPR. La galeta s&#8217;utilitza per emmagatzemar el consentiment de l&#8217;usuari per a les galetes a la categoria \u201cRendiment\u201d. <\/td><\/tr><tr><td>5<\/td> <td>galetawinfo-checkbox-analytics<\/td> <td>1 year<\/td> <td>Necessary<\/td><td>Aquestes galetes estan configurades pel complement de WordPress de consentiment de galetes de GDPR. La galeta s&#8217;utilitza per recordar el consentiment de l&#8217;usuari per a les galetes a la categoria \u201cAn\u00e0lisi\u201d. <\/td><\/tr><tr><td>6<\/td> <td>cookielawinfo-checkbox-advertisement<\/td> <td>1 year<\/td> <td>Necessary<\/td> <td>La cookie s&#8217;estableix mitjan\u00e7ant el consentiment de galetes de GDPR per registrar el consentiment de l&#8217;usuari per a les galetes a la categoria \u201cPublicitat\u201d.<\/td><\/tr><tr><td>7<\/td> <td>NID<\/td> <td>6 months<\/td> <td>Advertisement<\/td> <td>Aquesta galeta s&#8217;utilitza per crear un perfil en funci\u00f3 de l&#8217;inter\u00e8s de l&#8217;usuari i mostrar anuncis personalitzats als usuaris.<\/td><\/tr><tr><td>8<\/td> <td>VISITOR_INFO1_LIVE<\/td> <td>5 months 27 days<\/td> <td>Advertisement<\/td><td>Youtube estableix aquesta galeta. Sutilitza per rastrejar la informaci\u00f3 dels v\u00eddeos de YouTube incrustats en un lloc web. <\/td><\/tr><tr><td>9<\/td> <td>IDE<\/td> <td>1 year 24 days<\/td> <td>Advertisement<\/td><td>Utilitzat per Google DoubleClick i emmagatzema informaci\u00f3 sobre com lusuari utilitza el lloc web i qualsevol altre anunci abans de visitar el lloc web. S&#8217;utilitza per presentar als usuaris anuncis que s\u00f3n rellevants d&#8217;acord amb el perfil de l&#8217;usuari. <\/td><\/tr><tr><td>10<\/td> <td>test_cookie<\/td> <td>15 minuts<\/td> <td>Advertisement<\/td><td>Aquesta galeta est\u00e0 establerta per doubleclick.net. El prop\u00f2sit de la galeta \u00e9s determinar si el navegador de l&#8217;usuari admet galetes. <\/td><\/tr><tr><td>11<\/td> <td>_ga<\/td> <td>2 years<\/td> <td>Analytics<\/td><td>Aquesta cookie \u00e9s instal\u00b7lada per Google Analytics. La galeta s&#8217;utilitza per calcular les dades de visitants, sessions i campanyes i fer un seguiment de l&#8217;\u00fas del lloc per a l&#8217;informe d&#8217;an\u00e0lisi del lloc. Les cookies emmagatzemen informaci\u00f3 de forma an\u00f2nima i assignen un n\u00famero generat aleat\u00f2riament per identificar visitants \u00fanics.  <\/td><\/tr><tr><td>12<\/td> <td>_gid<\/td> <td>1 day<\/td> <td>Analytics<\/td><td>Aquesta cookie \u00e9s instal\u00b7lada per Google Analytics. La galeta s&#8217;utilitza per emmagatzemar informaci\u00f3 sobre com els visitants usen un lloc web i ajuda a crear un informe anal\u00edtic de com funciona el lloc web. Les dades recopilades, incl\u00f2s el nombre de visitants, la font d&#8217;on provenen i les p\u00e0gines visitades de manera an\u00f2nima.  <\/td><\/tr><tr><td>13<\/td> <td>YSC<\/td> <td>session<\/td> <td>Performance<\/td> <td>Aquestes cookies s\u00f3n establertes per Youtube i s&#8217;utilitzen per rastrejar les vistes de v\u00eddeos incrustats.<\/td><\/tr><tr><td>14<\/td> <td>cookielawinfo-checkbox-others<\/td> <td>1 year<\/td> <td>Others<\/td> <td>Sense descripci\u00f3<\/td><\/tr><tr><td>15<\/td> <td>_gat_gtag_UA_28511665_1<\/td> <td>1 minute<\/td> <td>Others<\/td> <td>Sense descripci\u00f3<\/td><\/tr><tr><td>16<\/td> <td>CONSENT<\/td> <td>16 years 9 months 3 days 13 hours<\/td> <td>Others<\/td> <td>Sense descripci\u00f3<\/td><\/tr><\/tbody><\/table><p><strong>Denominaci\u00f3<\/strong><\/p><p>COM ES DESHABILITEN LES COOKIES ALS NAVEGADORS?<\/p><p>L&#8217;usuari pot, en qualsevol moment, permetre, bloquejar o eliminar les cookies instal\u00b7lades al vostre equip mitjan\u00e7ant la modificaci\u00f3 dels par\u00e0metres de configuraci\u00f3 del navegador instal\u00b7lat al vostre ordinador:<\/p><p><a href=\"https:\/\/support.google.com\/chrome\/answer\/95647?hl=es&amp;sc_ref_bbva=https%3A%2F%2Fwww.bbva.es%2Fsistema%2Fmeta%2Faviso-legal%2Findex.jsp\">Chrome<\/a> Configuraci\u00f3 -&gt; Mostrar opcions avan\u00e7ades -&gt; Privadesa -&gt; Configuraci\u00f3 del contingut. Per a m\u00e9s informaci\u00f3, podeu consultar <a href=\"https:\/\/support.google.com\/chrome\/answer\/95647?hl=es&amp;ref_topic=3434352\">el suport de Google<\/a> o l&#8217;Ajuda del navegador. <\/p><p><a href=\"http:\/\/windows.microsoft.com\/es-es\/windows7\/how-to-manage-cookies-in-internet-explorer-9?sc_ref_bbva=https%3A%2F%2Fwww.bbva.es%2Fsistema%2Fmeta%2Faviso-legal%2Findex.jsp\">Explorer<\/a> Eines -&gt; Opcions d&#8217;Internet -&gt; Privadesa -&gt; Configuraci\u00f3.<\/p><p>Per a m\u00e9s informaci\u00f3, podeu consultar <a href=\"http:\/\/windows.microsoft.com\/es-es\/internet-explorer\/delete-managecookies#ie=ie-11\">el suport de Microsoft<\/a> o l&#8217;Ajuda del navegador.<\/p><p><a href=\"http:\/\/support.mozilla.org\/es\/kb\/habilitar-y-deshabilitar-cookies-que-los-sitios-we?sc_ref_bbva=https%3A%2F%2Fwww.bbva.es%2Fsistema%2Fmeta%2Faviso-legal%2Findex.jsp\">Firefox<\/a> : Eines -&gt; Opcions -&gt; Privadesa -&gt; Historial -&gt; Configuraci\u00f3 Personalitzada. Per a m\u00e9s informaci\u00f3, podeu consultar <a href=\"https:\/\/support.mozilla.org\/es\/\">el suport de Mozilla<\/a> o l&#8217;Ajuda del navegador. <\/p><p><a href=\"http:\/\/support.apple.com\/kb\/ph5042?sc_ref_bbva=https%3A%2F%2Fwww.bbva.es%2Fsistema%2Fmeta%2Faviso-legal%2Findex.jsp\">Safari<\/a> Prefer\u00e8ncies -&gt; Seguretat.<\/p><p>Per a m\u00e9s informaci\u00f3, podeu consultar <a href=\"https:\/\/support.apple.com\/es-es\/HT201265\">el suport d&#8217;Apple<\/a> o l&#8217;Ajuda del navegador<\/p><p>La desactivaci\u00f3 de les galetes no impedeix la navegaci\u00f3 pel lloc web, encara que l&#8217;\u00fas d&#8217;alguns dels seus serveis podr\u00e0 ser limitat i, per tant, la vostra experi\u00e8ncia de navegaci\u00f3 podr\u00e0 ser menys satisfact\u00f2ria.<\/p><p>RETIRAR EL CONSENTIMENT<\/p><p>L&#8217;usuari podr\u00e0 retirar en qualsevol moment el seu consentiment relacionat amb la Pol\u00edtica de Cookies, i podr\u00e0 eliminar les cookies emmagatzemades al seu equip a trav\u00e9s dels ajustaments i configuracions del seu navegador d&#8217;Internet, indicats anteriorment, aix\u00ed com accedint al nostre panell de configuraci\u00f3:<\/p><p><a class=\"cli_settings_button\" tabindex=\"0\" role=\"button\">CONFIGURAR COOKIES<\/a><\/p><p>Aquesta Pol\u00edtica de Cookies es podr\u00e0 modificar quan aix\u00ed ho exigeixi la legislaci\u00f3 vigent en cada moment o quan hi hagu\u00e9s alguna variaci\u00f3 en el tipus de cookies utilitzades al lloc web. Per aix\u00f2, us recomanem revisar aquesta pol\u00edtica cada vegada que accediu al nostre lloc web amb l&#8217;objectiu d&#8217;estar adequadament informat sobre com i per a qu\u00e8 fem servir les cookies. <\/p>\t\t\t\t\t\t\t\t<\/div>\n\t\t\t\t<\/div>\n\t\t\t\t<\/div>\n\t\t\t\t\t<\/div>\n\t\t\t\t<\/div>\n\t\t\t\t<\/div>\n\t\t","protected":false},"excerpt":{"rendered":"<p>Pol\u00edtica de cookies Aquesta pol\u00edtica de galetes t\u00e9 per finalitat informar de manera clara i precisa sobre les galetes que s&#8217;utilitzen a la nostra web. Utilitzem cookies pr\u00f2pies i de tercers per millorar els nostres serveis, personalitzar el nostre lloc web, facilitar la navegaci\u00f3 dels nostres usuaris, proporcionar-li una millor experi\u00e8ncia en l&#8217;\u00fas del lloc web, identificar problemes per millorar-lo,\u2026<\/p>\n","protected":false},"author":1,"featured_media":0,"parent":0,"menu_order":0,"comment_status":"closed","ping_status":"closed","template":"","meta":{"_acf_changed":false,"footnotes":""},"class_list":["post-38140","page","type-page","status-publish","hentry"],"acf":[],"_links":{"self":[{"href":"https:\/\/labin.net\/ca\/wp-json\/wp\/v2\/pages\/38140","targetHints":{"allow":["GET"]}}],"collection":[{"href":"https:\/\/labin.net\/ca\/wp-json\/wp\/v2\/pages"}],"about":[{"href":"https:\/\/labin.net\/ca\/wp-json\/wp\/v2\/types\/page"}],"author":[{"embeddable":true,"href":"https:\/\/labin.net\/ca\/wp-json\/wp\/v2\/users\/1"}],"replies":[{"embeddable":true,"href":"https:\/\/labin.net\/ca\/wp-json\/wp\/v2\/comments?post=38140"}],"version-history":[{"count":2,"href":"https:\/\/labin.net\/ca\/wp-json\/wp\/v2\/pages\/38140\/revisions"}],"predecessor-version":[{"id":38144,"href":"https:\/\/labin.net\/ca\/wp-json\/wp\/v2\/pages\/38140\/revisions\/38144"}],"wp:attachment":[{"href":"https:\/\/labin.net\/ca\/wp-json\/wp\/v2\/media?parent=38140"}],"curies":[{"name":"wp","href":"https:\/\/api.w.org\/{rel}","templated":true}]}}