{"id":37166,"date":"2025-07-16T07:55:25","date_gmt":"2025-07-16T07:55:25","guid":{"rendered":"https:labin.net\/smart-tech\/"},"modified":"2026-01-14T14:23:25","modified_gmt":"2026-01-14T14:23:25","slug":"smart-tech","status":"publish","type":"page","link":"https:\/\/labin.net\/ca\/smart-tech\/","title":{"rendered":"Smart Tech"},"content":{"rendered":"\t\t<div data-elementor-type=\"wp-page\" data-elementor-id=\"37166\" class=\"elementor elementor-37166 elementor-9385\" data-elementor-post-type=\"page\">\n\t\t\t\t<div class=\"elementor-element elementor-element-4f09edc e-flex e-con-boxed kitify-col-width-auto-no ignore-docs-style-no kitify-disable-relative-no e-root-container elementor-top-section e-con e-parent\" data-id=\"4f09edc\" data-element_type=\"container\" data-settings=\"{&quot;background_background&quot;:&quot;classic&quot;}\">\n\t\t\t\t\t<div class=\"e-con-inner\">\n\t\t\t\t<div class=\"elementor-element elementor-element-21c8f63 elementor-invisible kitify-has-entrance-animation elementor-widget elementor-widget-heading\" data-id=\"21c8f63\" data-element_type=\"widget\" data-settings=\"{&quot;_animation&quot;:&quot;zoomIn&quot;}\" data-widget_type=\"heading.default\">\n\t\t\t\t<div class=\"elementor-widget-container\">\n\t\t\t\t\t<h1 class=\"elementor-heading-title elementor-size-default\">La nostra tecnologia<\/h1>\t\t\t\t<\/div>\n\t\t\t\t<\/div>\n\t\t\t\t<div class=\"elementor-element elementor-element-84f35af elementor-invisible kitify-has-entrance-animation elementor-widget elementor-widget-heading\" data-id=\"84f35af\" data-element_type=\"widget\" data-settings=\"{&quot;_animation&quot;:&quot;zoomIn&quot;}\" data-widget_type=\"heading.default\">\n\t\t\t\t<div class=\"elementor-widget-container\">\n\t\t\t\t\t<h1 class=\"elementor-heading-title elementor-size-default\">Smart Tech<\/h1>\t\t\t\t<\/div>\n\t\t\t\t<\/div>\n\t\t\t\t\t<\/div>\n\t\t\t\t<\/div>\n\t\t<div class=\"elementor-element elementor-element-2a99176 e-flex e-con-boxed kitify-col-width-auto-no ignore-docs-style-no kitify-disable-relative-no e-root-container elementor-top-section e-con e-parent\" data-id=\"2a99176\" data-element_type=\"container\">\n\t\t\t\t\t<div class=\"e-con-inner\">\n\t\t<div class=\"elementor-element elementor-element-0f605c0 e-con-full e-flex kitify-col-width-auto-no ignore-docs-style-no kitify-disable-relative-no e-con e-child\" data-id=\"0f605c0\" data-element_type=\"container\">\n\t\t\t\t<div class=\"elementor-element elementor-element-f3f6960 elementor-widget__width-initial elementor-widget elementor-widget-text-editor\" data-id=\"f3f6960\" data-element_type=\"widget\" data-widget_type=\"text-editor.default\">\n\t\t\t\t<div class=\"elementor-widget-container\">\n\t\t\t\t\t\t\t\t\t<p><strong>Labin Smart Tech<\/strong> \u00e9s una tecnologia que neix fruit de l&#8217;estudi exhaustiu i continuat del metabolisme de la nutrici\u00f3 vegetal, en tots els vessants i des d&#8217;una perspectiva molt \u00e0mplia.<\/p>\t\t\t\t\t\t\t\t<\/div>\n\t\t\t\t<\/div>\n\t\t\t\t<div class=\"elementor-element elementor-element-0df90a0 elementor-widget-divider--view-line elementor-widget elementor-widget-divider\" data-id=\"0df90a0\" data-element_type=\"widget\" data-widget_type=\"divider.default\">\n\t\t\t\t<div class=\"elementor-widget-container\">\n\t\t\t\t\t\t\t<div class=\"elementor-divider\">\n\t\t\t<span class=\"elementor-divider-separator\">\n\t\t\t\t\t\t<\/span>\n\t\t<\/div>\n\t\t\t\t\t\t<\/div>\n\t\t\t\t<\/div>\n\t\t\t\t<div class=\"elementor-element elementor-element-dffc423 elementor-widget elementor-widget-text-editor\" data-id=\"dffc423\" data-element_type=\"widget\" data-widget_type=\"text-editor.default\">\n\t\t\t\t<div class=\"elementor-widget-container\">\n\t\t\t\t\t\t\t\t\t<p>La idea que el poder dels elements minerals que intervenen en la nutrici\u00f3 vegetal va molt m\u00e9s enll\u00e0 de la consecuci\u00f3 d&#8217;aliment pr\u00f2pia, ha estat una de les l\u00ednies m\u00e9s importants de treball. D&#8217;altra banda, el <strong>coneixement dels processos metab\u00f2lics implicats en la nutrici\u00f3<\/strong> i l&#8217;estudi de les subst\u00e0ncies org\u00e0niques naturals que hi intervenen ha estat una l\u00ednia de recerca important. I, finalment, <strong>l&#8217;estudi de minerals estrat\u00e8gics<\/strong>, no considerats fertilitzants, ha completat les l\u00ednies de treball.<\/p>\t\t\t\t\t\t\t\t<\/div>\n\t\t\t\t<\/div>\n\t\t\t\t<\/div>\n\t\t\t\t\t<\/div>\n\t\t\t\t<\/div>\n\t\t<div class=\"elementor-element elementor-element-23c6550 e-flex e-con-boxed kitify-col-width-auto-no ignore-docs-style-no kitify-disable-relative-no e-root-container elementor-top-section e-con e-parent\" data-id=\"23c6550\" data-element_type=\"container\" data-settings=\"{&quot;background_background&quot;:&quot;classic&quot;}\">\n\t\t\t\t\t<div class=\"e-con-inner\">\n\t\t<div class=\"elementor-element elementor-element-30bb85a e-con-full e-flex kitify-col-width-auto-no ignore-docs-style-no kitify-disable-relative-no e-con e-child\" data-id=\"30bb85a\" data-element_type=\"container\">\n\t\t\t\t<div class=\"elementor-element elementor-element-380669e elementor-widget elementor-widget-text-editor\" data-id=\"380669e\" data-element_type=\"widget\" data-widget_type=\"text-editor.default\">\n\t\t\t\t<div class=\"elementor-widget-container\">\n\t\t\t\t\t\t\t\t\t<p>Els productes amb la <strong>tecnologia Labin Smart Tech<\/strong> afegeixen als elements minerals <strong>subst\u00e0ncies org\u00e0niques naturals que intervenen en l&#8217;assimilaci\u00f3, transport i acci\u00f3 a l&#8217;interior de la planta<\/strong>. La planta les reconeix com a pr\u00f2pies del seu metabolisme i, per tant, <strong>el seu efecte \u00e9s molt m\u00e9s efectiu<\/strong> .<\/p>\t\t\t\t\t\t\t\t<\/div>\n\t\t\t\t<\/div>\n\t\t\t\t<\/div>\n\t\t<div class=\"elementor-element elementor-element-712ec10 e-con-full e-flex kitify-col-width-auto-no ignore-docs-style-no kitify-disable-relative-no e-con e-child\" data-id=\"712ec10\" data-element_type=\"container\">\n\t\t\t\t<div class=\"elementor-element elementor-element-45f9929 elementor-widget elementor-widget-image\" data-id=\"45f9929\" data-element_type=\"widget\" data-widget_type=\"image.default\">\n\t\t\t\t<div class=\"elementor-widget-container\">\n\t\t\t\t\t\t\t\t\t\t\t\t\t\t\t<img fetchpriority=\"high\" decoding=\"async\" width=\"496\" height=\"497\" src=\"https:\/\/labin.net\/wp-content\/uploads\/2025\/07\/smarttech-icon.png\" class=\"attachment-large size-large wp-image-9405\" alt=\"\" srcset=\"https:\/\/labin.net\/wp-content\/uploads\/2025\/07\/smarttech-icon.png 496w, https:\/\/labin.net\/wp-content\/uploads\/2025\/07\/smarttech-icon-250x250.png 250w, https:\/\/labin.net\/wp-content\/uploads\/2025\/07\/smarttech-icon-300x300.png 300w, https:\/\/labin.net\/wp-content\/uploads\/2025\/07\/smarttech-icon-150x150.png 150w, https:\/\/labin.net\/wp-content\/uploads\/2025\/07\/smarttech-icon-50x50.png 50w, https:\/\/labin.net\/wp-content\/uploads\/2025\/07\/smarttech-icon-100x100.png 100w\" sizes=\"(max-width: 496px) 100vw, 496px\" \/>\t\t\t\t\t\t\t\t\t\t\t\t\t\t\t<\/div>\n\t\t\t\t<\/div>\n\t\t\t\t<\/div>\n\t\t\t\t\t<\/div>\n\t\t\t\t<\/div>\n\t\t<div class=\"elementor-element elementor-element-68c2a5d e-flex e-con-boxed kitify-col-width-auto-no ignore-docs-style-no kitify-disable-relative-no e-root-container elementor-top-section e-con e-parent\" data-id=\"68c2a5d\" data-element_type=\"container\">\n\t\t\t\t\t<div class=\"e-con-inner\">\n\t\t<div class=\"elementor-element elementor-element-26f03ac e-con-full e-flex kitify-col-width-auto-no ignore-docs-style-no kitify-disable-relative-no e-con e-child\" data-id=\"26f03ac\" data-element_type=\"container\">\n\t\t\t\t<div class=\"elementor-element elementor-element-dcb7f0c elementor-widget elementor-widget-text-editor\" data-id=\"dcb7f0c\" data-element_type=\"widget\" data-widget_type=\"text-editor.default\">\n\t\t\t\t<div class=\"elementor-widget-container\">\n\t\t\t\t\t\t\t\t\t<p>Tamb\u00e9 afegeix als elements fertilitzants cl\u00e0ssics, minerals naturals estrat\u00e8gics, que <strong>tenen una relaci\u00f3 directa amb la fortalesa de les plantes<\/strong>, i que, en alguns casos, encara no han estat considerats com a fertilitzants. El fet de rec\u00f3rrer a subst\u00e0ncies naturals per a les formulacions d&#8217;aquests productes <strong>fa que puguin ser utilitzats en agricultura ecol\u00f2gica, que tinguin un gran poder estimulant i que a m\u00e9s tinguin molta facilitat de barreja<\/strong>.<\/p>\t\t\t\t\t\t\t\t<\/div>\n\t\t\t\t<\/div>\n\t\t\t\t<\/div>\n\t\t<div class=\"elementor-element elementor-element-23aa682 e-con-full e-flex kitify-col-width-auto-no ignore-docs-style-no kitify-disable-relative-no e-con e-child\" data-id=\"23aa682\" data-element_type=\"container\">\n\t\t\t\t<div class=\"elementor-element elementor-element-d1969fb elementor-widget elementor-widget-text-editor\" data-id=\"d1969fb\" data-element_type=\"widget\" data-widget_type=\"text-editor.default\">\n\t\t\t\t<div class=\"elementor-widget-container\">\n\t\t\t\t\t\t\t\t\t<p>Els productes amb la tecnol\u00f2gica Labin Smart Tech s\u00f3n la darrera generaci\u00f3 de productes avan\u00e7ats de LABIN, que <strong>aporten solucions a una agricultura que ha de ser cada cop m\u00e9s tecnificada, productiva i sostenible.<\/strong><\/p>\t\t\t\t\t\t\t\t<\/div>\n\t\t\t\t<\/div>\n\t\t\t\t<\/div>\n\t\t\t\t\t<\/div>\n\t\t\t\t<\/div>\n\t\t\t\t<\/div>\n\t\t","protected":false},"excerpt":{"rendered":"<p>La nostra tecnologia Smart Tech Labin Smart Tech \u00e9s una tecnologia que neix fruit de l&#8217;estudi exhaustiu i continuat del metabolisme de la nutrici\u00f3 vegetal, en tots els vessants i des d&#8217;una perspectiva molt \u00e0mplia. La idea que el poder dels elements minerals que intervenen en la nutrici\u00f3 vegetal va molt m\u00e9s enll\u00e0 de la consecuci\u00f3 d&#8217;aliment pr\u00f2pia, ha estat\u2026<\/p>\n","protected":false},"author":1,"featured_media":0,"parent":0,"menu_order":0,"comment_status":"closed","ping_status":"closed","template":"","meta":{"_acf_changed":false,"footnotes":""},"class_list":["post-37166","page","type-page","status-publish","hentry"],"acf":[],"_links":{"self":[{"href":"https:\/\/labin.net\/ca\/wp-json\/wp\/v2\/pages\/37166","targetHints":{"allow":["GET"]}}],"collection":[{"href":"https:\/\/labin.net\/ca\/wp-json\/wp\/v2\/pages"}],"about":[{"href":"https:\/\/labin.net\/ca\/wp-json\/wp\/v2\/types\/page"}],"author":[{"embeddable":true,"href":"https:\/\/labin.net\/ca\/wp-json\/wp\/v2\/users\/1"}],"replies":[{"embeddable":true,"href":"https:\/\/labin.net\/ca\/wp-json\/wp\/v2\/comments?post=37166"}],"version-history":[{"count":4,"href":"https:\/\/labin.net\/ca\/wp-json\/wp\/v2\/pages\/37166\/revisions"}],"predecessor-version":[{"id":38030,"href":"https:\/\/labin.net\/ca\/wp-json\/wp\/v2\/pages\/37166\/revisions\/38030"}],"wp:attachment":[{"href":"https:\/\/labin.net\/ca\/wp-json\/wp\/v2\/media?parent=37166"}],"curies":[{"name":"wp","href":"https:\/\/api.w.org\/{rel}","templated":true}]}}