{"id":37151,"date":"2025-07-15T10:26:16","date_gmt":"2025-07-15T10:26:16","guid":{"rendered":"https:labin.net\/qualitat-medi-ambient-i-certificacions\/"},"modified":"2026-02-23T11:45:39","modified_gmt":"2026-02-23T11:45:39","slug":"qualitat-medi-ambient-i-certificacions","status":"publish","type":"page","link":"https:\/\/labin.net\/ca\/qualitat-medi-ambient-i-certificacions\/","title":{"rendered":"Qualitat, Medi Ambient i Certificacions"},"content":{"rendered":"\t\t<div data-elementor-type=\"wp-page\" data-elementor-id=\"37151\" class=\"elementor elementor-37151 elementor-9277\" data-elementor-post-type=\"page\">\n\t\t\t\t<div class=\"elementor-element elementor-element-4f09edc e-con-full e-flex kitify-col-width-auto-no ignore-docs-style-no kitify-disable-relative-no e-root-container elementor-top-section e-con e-parent\" data-id=\"4f09edc\" data-element_type=\"container\" data-settings=\"{&quot;background_background&quot;:&quot;classic&quot;}\">\n\t\t\t\t<div class=\"elementor-element elementor-element-21c8f63 elementor-invisible kitify-has-entrance-animation elementor-widget elementor-widget-heading\" data-id=\"21c8f63\" data-element_type=\"widget\" data-settings=\"{&quot;_animation&quot;:&quot;zoomIn&quot;}\" data-widget_type=\"heading.default\">\n\t\t\t\t<div class=\"elementor-widget-container\">\n\t\t\t\t\t<h1 class=\"elementor-heading-title elementor-size-default\">Compromesos<\/h1>\t\t\t\t<\/div>\n\t\t\t\t<\/div>\n\t\t\t\t<div class=\"elementor-element elementor-element-84f35af elementor-invisible kitify-has-entrance-animation elementor-widget elementor-widget-heading\" data-id=\"84f35af\" data-element_type=\"widget\" data-settings=\"{&quot;_animation&quot;:&quot;zoomIn&quot;}\" data-widget_type=\"heading.default\">\n\t\t\t\t<div class=\"elementor-widget-container\">\n\t\t\t\t\t<h1 class=\"elementor-heading-title elementor-size-default\">Qualitat i Medi Ambient<\/h1>\t\t\t\t<\/div>\n\t\t\t\t<\/div>\n\t\t\t\t<\/div>\n\t\t<div class=\"elementor-element elementor-element-2a99176 e-flex e-con-boxed kitify-col-width-auto-no ignore-docs-style-no kitify-disable-relative-no e-root-container elementor-top-section e-con e-parent\" data-id=\"2a99176\" data-element_type=\"container\">\n\t\t\t\t\t<div class=\"e-con-inner\">\n\t\t<div class=\"elementor-element elementor-element-b131e15 e-con-full e-flex kitify-col-width-auto-no ignore-docs-style-no kitify-disable-relative-no e-con e-child\" data-id=\"b131e15\" data-element_type=\"container\">\n\t\t\t\t<div class=\"elementor-element elementor-element-a6265b8 elementor-widget__width-initial elementor-widget-mobile__width-initial elementor-widget elementor-widget-heading\" data-id=\"a6265b8\" data-element_type=\"widget\" data-widget_type=\"heading.default\">\n\t\t\t\t<div class=\"elementor-widget-container\">\n\t\t\t\t\t<h2 class=\"elementor-heading-title elementor-size-default\">La nostra Pol\u00edtica de<\/h2>\t\t\t\t<\/div>\n\t\t\t\t<\/div>\n\t\t\t\t<div class=\"elementor-element elementor-element-dbf7e45 elementor-widget__width-initial elementor-widget elementor-widget-heading\" data-id=\"dbf7e45\" data-element_type=\"widget\" data-widget_type=\"heading.default\">\n\t\t\t\t<div class=\"elementor-widget-container\">\n\t\t\t\t\t<h2 class=\"elementor-heading-title elementor-size-default\">Qualitat i medi ambient<\/h2>\t\t\t\t<\/div>\n\t\t\t\t<\/div>\n\t\t\t\t<\/div>\n\t\t<div class=\"elementor-element elementor-element-0f605c0 e-con-full e-flex kitify-col-width-auto-no ignore-docs-style-no kitify-disable-relative-no e-con e-child\" data-id=\"0f605c0\" data-element_type=\"container\">\n\t\t\t\t<div class=\"elementor-element elementor-element-f3f6960 elementor-widget__width-initial elementor-widget elementor-widget-text-editor\" data-id=\"f3f6960\" data-element_type=\"widget\" data-widget_type=\"text-editor.default\">\n\t\t\t\t<div class=\"elementor-widget-container\">\n\t\t\t\t\t\t\t\t\t<p>La <strong>pol\u00edtica de qualitat de Productes Labin SL<\/strong> s&#8217;integra al manual de qualitat i demostra el comprom\u00eds de la direcci\u00f3 d&#8217;implantar un sistema de gesti\u00f3 de la qualitat <strong>orientat a l&#8217;atenci\u00f3 del client i a la millora cont\u00ednua<\/strong> .<\/p><p>A trav\u00e9s d&#8217;aquesta pol\u00edtica, i la seva comunicaci\u00f3 a tots els nivells de l&#8217;organitzaci\u00f3 i les parts interessades, <strong>fem palesa la nostra intenci\u00f3 de dur a terme el compliment dels requisits del sistema de gesti\u00f3<\/strong> i millorar-ne cont\u00ednuament l&#8217;efic\u00e0cia.<\/p>\t\t\t\t\t\t\t\t<\/div>\n\t\t\t\t<\/div>\n\t\t\t\t<\/div>\n\t\t\t\t\t<\/div>\n\t\t\t\t<\/div>\n\t\t<div class=\"elementor-element elementor-element-23c6550 e-flex e-con-boxed kitify-col-width-auto-no ignore-docs-style-no kitify-disable-relative-no e-root-container elementor-top-section e-con e-parent\" data-id=\"23c6550\" data-element_type=\"container\">\n\t\t\t\t\t<div class=\"e-con-inner\">\n\t\t\t\t<div class=\"elementor-element elementor-element-a42c6f9 elementor-widget elementor-widget-heading\" data-id=\"a42c6f9\" data-element_type=\"widget\" data-widget_type=\"heading.default\">\n\t\t\t\t<div class=\"elementor-widget-container\">\n\t\t\t\t\t<h2 class=\"elementor-heading-title elementor-size-default\">Ens comprometem a:<\/h2>\t\t\t\t<\/div>\n\t\t\t\t<\/div>\n\t\t\t\t<div class=\"elementor-element elementor-element-f949e19 elementor-align-start elementor-icon-list--layout-traditional elementor-list-item-link-full_width elementor-widget elementor-widget-icon-list\" data-id=\"f949e19\" data-element_type=\"widget\" data-widget_type=\"icon-list.default\">\n\t\t\t\t<div class=\"elementor-widget-container\">\n\t\t\t\t\t\t\t<ul class=\"elementor-icon-list-items\">\n\t\t\t\t\t\t\t<li class=\"elementor-icon-list-item\">\n\t\t\t\t\t\t\t\t\t\t\t<span class=\"elementor-icon-list-icon\">\n\t\t\t\t\t\t\t<svg aria-hidden=\"true\" class=\"e-font-icon-svg e-fas-chevron-right\" viewBox=\"0 0 320 512\" xmlns=\"http:\/\/www.w3.org\/2000\/svg\"><path d=\"M285.476 272.971L91.132 467.314c-9.373 9.373-24.569 9.373-33.941 0l-22.667-22.667c-9.357-9.357-9.375-24.522-.04-33.901L188.505 256 34.484 101.255c-9.335-9.379-9.317-24.544.04-33.901l22.667-22.667c9.373-9.373 24.569-9.373 33.941 0L285.475 239.03c9.373 9.372 9.373 24.568.001 33.941z\"><\/path><\/svg>\t\t\t\t\t\t<\/span>\n\t\t\t\t\t\t\t\t\t\t<span class=\"elementor-icon-list-text\">Complir sempre de la manera m\u00e9s eficient possible amb els requisits establerts pels nostres clients i de totes les parts interessades, els legals i els normatius vigents i els que l'organitzaci\u00f3 subscriu volunt\u00e0riament en mat\u00e8ria de protecci\u00f3 ambiental i qualitat.<\/span>\n\t\t\t\t\t\t\t\t\t<\/li>\n\t\t\t\t\t\t\t\t<li class=\"elementor-icon-list-item\">\n\t\t\t\t\t\t\t\t\t\t\t<span class=\"elementor-icon-list-icon\">\n\t\t\t\t\t\t\t<svg aria-hidden=\"true\" class=\"e-font-icon-svg e-fas-chevron-right\" viewBox=\"0 0 320 512\" xmlns=\"http:\/\/www.w3.org\/2000\/svg\"><path d=\"M285.476 272.971L91.132 467.314c-9.373 9.373-24.569 9.373-33.941 0l-22.667-22.667c-9.357-9.357-9.375-24.522-.04-33.901L188.505 256 34.484 101.255c-9.335-9.379-9.317-24.544.04-33.901l22.667-22.667c9.373-9.373 24.569-9.373 33.941 0L285.475 239.03c9.373 9.372 9.373 24.568.001 33.941z\"><\/path><\/svg>\t\t\t\t\t\t<\/span>\n\t\t\t\t\t\t\t\t\t\t<span class=\"elementor-icon-list-text\">Direcci\u00f3 ha d'establir objectius de qualitat i metes viables. Establir objectius ambientals derivats de la identificaci\u00f3 dels Aspectes Ambientals de les nostres activitats i fer-ne un seguiment peri\u00f2dic. <\/span>\n\t\t\t\t\t\t\t\t\t<\/li>\n\t\t\t\t\t\t\t\t<li class=\"elementor-icon-list-item\">\n\t\t\t\t\t\t\t\t\t\t\t<span class=\"elementor-icon-list-icon\">\n\t\t\t\t\t\t\t<svg aria-hidden=\"true\" class=\"e-font-icon-svg e-fas-chevron-right\" viewBox=\"0 0 320 512\" xmlns=\"http:\/\/www.w3.org\/2000\/svg\"><path d=\"M285.476 272.971L91.132 467.314c-9.373 9.373-24.569 9.373-33.941 0l-22.667-22.667c-9.357-9.357-9.375-24.522-.04-33.901L188.505 256 34.484 101.255c-9.335-9.379-9.317-24.544.04-33.901l22.667-22.667c9.373-9.373 24.569-9.373 33.941 0L285.475 239.03c9.373 9.372 9.373 24.568.001 33.941z\"><\/path><\/svg>\t\t\t\t\t\t<\/span>\n\t\t\t\t\t\t\t\t\t\t<span class=\"elementor-icon-list-text\">Comunicar els objectius a les parts interessades per permetre'ls realitzar les activitats amb una visi\u00f3 ambientalment responsable i en concordan\u00e7a amb la nostra pol\u00edtica.<\/span>\n\t\t\t\t\t\t\t\t\t<\/li>\n\t\t\t\t\t\t\t\t<li class=\"elementor-icon-list-item\">\n\t\t\t\t\t\t\t\t\t\t\t<span class=\"elementor-icon-list-icon\">\n\t\t\t\t\t\t\t<svg aria-hidden=\"true\" class=\"e-font-icon-svg e-fas-chevron-right\" viewBox=\"0 0 320 512\" xmlns=\"http:\/\/www.w3.org\/2000\/svg\"><path d=\"M285.476 272.971L91.132 467.314c-9.373 9.373-24.569 9.373-33.941 0l-22.667-22.667c-9.357-9.357-9.375-24.522-.04-33.901L188.505 256 34.484 101.255c-9.335-9.379-9.317-24.544.04-33.901l22.667-22.667c9.373-9.373 24.569-9.373 33.941 0L285.475 239.03c9.373 9.372 9.373 24.568.001 33.941z\"><\/path><\/svg>\t\t\t\t\t\t<\/span>\n\t\t\t\t\t\t\t\t\t\t<span class=\"elementor-icon-list-text\">Administrar els recursos humans, materials i econ\u00f2mics en el marc d'un proc\u00e9s de millora cont\u00ednua que permeti, permanentment, obtenir una efici\u00e8ncia m\u00e9s gran en el sistema de gesti\u00f3.<\/span>\n\t\t\t\t\t\t\t\t\t<\/li>\n\t\t\t\t\t\t\t\t<li class=\"elementor-icon-list-item\">\n\t\t\t\t\t\t\t\t\t\t\t<span class=\"elementor-icon-list-icon\">\n\t\t\t\t\t\t\t<svg aria-hidden=\"true\" class=\"e-font-icon-svg e-fas-chevron-right\" viewBox=\"0 0 320 512\" xmlns=\"http:\/\/www.w3.org\/2000\/svg\"><path d=\"M285.476 272.971L91.132 467.314c-9.373 9.373-24.569 9.373-33.941 0l-22.667-22.667c-9.357-9.357-9.375-24.522-.04-33.901L188.505 256 34.484 101.255c-9.335-9.379-9.317-24.544.04-33.901l22.667-22.667c9.373-9.373 24.569-9.373 33.941 0L285.475 239.03c9.373 9.372 9.373 24.568.001 33.941z\"><\/path><\/svg>\t\t\t\t\t\t<\/span>\n\t\t\t\t\t\t\t\t\t\t<span class=\"elementor-icon-list-text\">Promoure i mantenir una bona formaci\u00f3 i informaci\u00f3 per conscienciar i sensibilitzar tots els membres de la plantilla respecte a la necessitat de desenvolupar la feina amb plenes garanties de qualitat.<\/span>\n\t\t\t\t\t\t\t\t\t<\/li>\n\t\t\t\t\t\t\t\t<li class=\"elementor-icon-list-item\">\n\t\t\t\t\t\t\t\t\t\t\t<span class=\"elementor-icon-list-icon\">\n\t\t\t\t\t\t\t<svg aria-hidden=\"true\" class=\"e-font-icon-svg e-fas-chevron-right\" viewBox=\"0 0 320 512\" xmlns=\"http:\/\/www.w3.org\/2000\/svg\"><path d=\"M285.476 272.971L91.132 467.314c-9.373 9.373-24.569 9.373-33.941 0l-22.667-22.667c-9.357-9.357-9.375-24.522-.04-33.901L188.505 256 34.484 101.255c-9.335-9.379-9.317-24.544.04-33.901l22.667-22.667c9.373-9.373 24.569-9.373 33.941 0L285.475 239.03c9.373 9.372 9.373 24.568.001 33.941z\"><\/path><\/svg>\t\t\t\t\t\t<\/span>\n\t\t\t\t\t\t\t\t\t\t<span class=\"elementor-icon-list-text\">Realitzar bones pr\u00e0ctiques per al control de la contaminaci\u00f3 i la preservaci\u00f3 del medi ambient.<\/span>\n\t\t\t\t\t\t\t\t\t<\/li>\n\t\t\t\t\t\t<\/ul>\n\t\t\t\t\t\t<\/div>\n\t\t\t\t<\/div>\n\t\t\t\t\t<\/div>\n\t\t\t\t<\/div>\n\t\t<div class=\"elementor-element elementor-element-03e31f1 e-flex e-con-boxed kitify-col-width-auto-no ignore-docs-style-no kitify-disable-relative-no e-root-container elementor-top-section e-con e-parent\" data-id=\"03e31f1\" data-element_type=\"container\">\n\t\t\t\t\t<div class=\"e-con-inner\">\n\t\t\t\t<div class=\"elementor-element elementor-element-ae8f640 elementor-blockquote--skin-quotation elementor-blockquote--align-left elementor-widget elementor-widget-blockquote\" data-id=\"ae8f640\" data-element_type=\"widget\" data-widget_type=\"blockquote.default\">\n\t\t\t\t<div class=\"elementor-widget-container\">\n\t\t\t\t\t\t\t<blockquote class=\"elementor-blockquote\">\n\t\t\t<p class=\"elementor-blockquote__content\">\n\t\t\t\tPer a la consecuci\u00f3 d'aquesta pol\u00edtica, la Direcci\u00f3 estableix objectius i metes viables, revisats peri\u00f2dicament, fent-ne un seguiment a trav\u00e9s dels indicadors i elaborant la planificaci\u00f3 adequada per assolir-los.\t\t\t<\/p>\n\t\t\t\t\t<\/blockquote>\n\t\t\t\t\t\t<\/div>\n\t\t\t\t<\/div>\n\t\t<div class=\"elementor-element elementor-element-15dc7c0 e-con-full e-flex kitify-col-width-auto-no ignore-docs-style-no kitify-disable-relative-no e-con e-child\" data-id=\"15dc7c0\" data-element_type=\"container\">\n\t\t\t\t<div class=\"elementor-element elementor-element-0525a77 elementor-view-default elementor-position-block-start elementor-mobile-position-block-start elementor-widget elementor-widget-icon-box\" data-id=\"0525a77\" data-element_type=\"widget\" data-widget_type=\"icon-box.default\">\n\t\t\t\t<div class=\"elementor-widget-container\">\n\t\t\t\t\t\t\t<div class=\"elementor-icon-box-wrapper\">\n\n\t\t\t\t\t\t<div class=\"elementor-icon-box-icon\">\n\t\t\t\t<a href=\"https:\/\/labin.net\/wp-content\/uploads\/2025\/12\/5.-Politica-de-Calidad-y-Medioambiente.pdf\" class=\"elementor-icon\" tabindex=\"-1\" aria-label=\"Descarrega la nostra Pol\u00edtica de qualitat i medi ambient\">\n\t\t\t\t<i aria-hidden=\"true\" class=\"dlicon files-3_pdf\"><\/i>\t\t\t\t<\/a>\n\t\t\t<\/div>\n\t\t\t\n\t\t\t\t\t\t<div class=\"elementor-icon-box-content\">\n\n\t\t\t\t\t\t\t\t\t<h3 class=\"elementor-icon-box-title\">\n\t\t\t\t\t\t<a href=\"https:\/\/labin.net\/wp-content\/uploads\/2025\/12\/5.-Politica-de-Calidad-y-Medioambiente.pdf\" >\n\t\t\t\t\t\t\tDescarrega la nostra Pol\u00edtica de qualitat i medi ambient\t\t\t\t\t\t<\/a>\n\t\t\t\t\t<\/h3>\n\t\t\t\t\n\t\t\t\t\n\t\t\t<\/div>\n\t\t\t\n\t\t<\/div>\n\t\t\t\t\t\t<\/div>\n\t\t\t\t<\/div>\n\t\t\t\t<\/div>\n\t\t\t\t\t<\/div>\n\t\t\t\t<\/div>\n\t\t<div class=\"elementor-element elementor-element-2ee9a5d e-flex e-con-boxed kitify-col-width-auto-no ignore-docs-style-no kitify-disable-relative-no e-root-container elementor-top-section e-con e-parent\" data-id=\"2ee9a5d\" data-element_type=\"container\">\n\t\t\t\t\t<div class=\"e-con-inner\">\n\t\t<div class=\"elementor-element elementor-element-99dc31a e-con-full e-flex kitify-col-width-auto-no ignore-docs-style-no kitify-disable-relative-no e-con e-child\" data-id=\"99dc31a\" data-element_type=\"container\">\n\t\t\t\t<div class=\"elementor-element elementor-element-88cfc57 elementor-widget__width-initial elementor-widget elementor-widget-heading\" data-id=\"88cfc57\" data-element_type=\"widget\" data-widget_type=\"heading.default\">\n\t\t\t\t<div class=\"elementor-widget-container\">\n\t\t\t\t\t<h2 class=\"elementor-heading-title elementor-size-default\">Les nostres<\/h2>\t\t\t\t<\/div>\n\t\t\t\t<\/div>\n\t\t\t\t<div class=\"elementor-element elementor-element-ecb3d62 elementor-widget__width-initial elementor-widget elementor-widget-heading\" data-id=\"ecb3d62\" data-element_type=\"widget\" data-widget_type=\"heading.default\">\n\t\t\t\t<div class=\"elementor-widget-container\">\n\t\t\t\t\t<h2 class=\"elementor-heading-title elementor-size-default\">Certificacions<\/h2>\t\t\t\t<\/div>\n\t\t\t\t<\/div>\n\t\t<div class=\"elementor-element elementor-element-3dff907 e-grid e-con-full kitify-col-width-auto-no ignore-docs-style-no kitify-disable-relative-no e-con e-child\" data-id=\"3dff907\" data-element_type=\"container\">\n\t\t\t\t<div class=\"elementor-element elementor-element-84be323 elementor-widget elementor-widget-image\" data-id=\"84be323\" data-element_type=\"widget\" data-widget_type=\"image.default\">\n\t\t\t\t<div class=\"elementor-widget-container\">\n\t\t\t\t\t\t\t\t\t\t\t\t\t\t\t\t<a href=\"https:\/\/labin.net\/wp-content\/uploads\/2025\/08\/2023-a3745-CERTIFICADO-INSCRIPCION_2022_C.pdf\" target=\"_blank\">\n\t\t\t\t\t\t\t<img fetchpriority=\"high\" decoding=\"async\" width=\"340\" height=\"190\" src=\"https:\/\/labin.net\/wp-content\/uploads\/2025\/07\/Certificado-co2-Labin-2022-ok.jpg\" class=\"elementor-animation-shrink attachment-large size-large wp-image-9303\" alt=\"\" srcset=\"https:\/\/labin.net\/wp-content\/uploads\/2025\/07\/Certificado-co2-Labin-2022-ok.jpg 340w, https:\/\/labin.net\/wp-content\/uploads\/2025\/07\/Certificado-co2-Labin-2022-ok-300x168.jpg 300w\" sizes=\"(max-width: 340px) 100vw, 340px\" \/>\t\t\t\t\t\t\t\t<\/a>\n\t\t\t\t\t\t\t\t\t\t\t\t\t\t\t<\/div>\n\t\t\t\t<\/div>\n\t\t\t\t<div class=\"elementor-element elementor-element-b0dd39d elementor-widget elementor-widget-image\" data-id=\"b0dd39d\" data-element_type=\"widget\" data-widget_type=\"image.default\">\n\t\t\t\t<div class=\"elementor-widget-container\">\n\t\t\t\t\t\t\t\t\t\t\t\t\t\t\t\t<a href=\"https:\/\/labin.net\/wp-content\/uploads\/2025\/08\/2022-a1904-CERTIFICADO-INSCRIPCION_2021_C.pdf\" target=\"_blank\">\n\t\t\t\t\t\t\t<img decoding=\"async\" width=\"340\" height=\"190\" src=\"https:\/\/labin.net\/wp-content\/uploads\/2025\/07\/Certificado-co2-Labin.jpg\" class=\"elementor-animation-shrink attachment-large size-large wp-image-9309\" alt=\"\" srcset=\"https:\/\/labin.net\/wp-content\/uploads\/2025\/07\/Certificado-co2-Labin.jpg 340w, https:\/\/labin.net\/wp-content\/uploads\/2025\/07\/Certificado-co2-Labin-300x168.jpg 300w\" sizes=\"(max-width: 340px) 100vw, 340px\" \/>\t\t\t\t\t\t\t\t<\/a>\n\t\t\t\t\t\t\t\t\t\t\t\t\t\t\t<\/div>\n\t\t\t\t<\/div>\n\t\t\t\t<div class=\"elementor-element elementor-element-64ec3dd elementor-widget elementor-widget-image\" data-id=\"64ec3dd\" data-element_type=\"widget\" data-widget_type=\"image.default\">\n\t\t\t\t<div class=\"elementor-widget-container\">\n\t\t\t\t\t\t\t\t\t\t\t\t\t\t\t\t<a href=\"https:\/\/labin.net\/wp-content\/uploads\/2025\/08\/2024-a2204-CERTIFICADO-INSCRIPCION_2023_C.pdf\" target=\"_blank\">\n\t\t\t\t\t\t\t<img decoding=\"async\" width=\"340\" height=\"190\" src=\"https:\/\/labin.net\/wp-content\/uploads\/2025\/07\/Certificado-co2-Labin-2023.jpg\" class=\"elementor-animation-shrink attachment-large size-large wp-image-9315\" alt=\"\" srcset=\"https:\/\/labin.net\/wp-content\/uploads\/2025\/07\/Certificado-co2-Labin-2023.jpg 340w, https:\/\/labin.net\/wp-content\/uploads\/2025\/07\/Certificado-co2-Labin-2023-300x168.jpg 300w\" sizes=\"(max-width: 340px) 100vw, 340px\" \/>\t\t\t\t\t\t\t\t<\/a>\n\t\t\t\t\t\t\t\t\t\t\t\t\t\t\t<\/div>\n\t\t\t\t<\/div>\n\t\t\t\t<div class=\"elementor-element elementor-element-0f1e27e elementor-widget elementor-widget-image\" data-id=\"0f1e27e\" data-element_type=\"widget\" data-widget_type=\"image.default\">\n\t\t\t\t<div class=\"elementor-widget-container\">\n\t\t\t\t\t\t\t\t\t\t\t\t\t\t\t\t<a href=\"http:\/\/report_2025-a1758%20CERTIFICADO%20INSCRIPCION_2024_CR\">\n\t\t\t\t\t\t\t<img loading=\"lazy\" decoding=\"async\" width=\"300\" height=\"168\" src=\"https:\/\/labin.net\/wp-content\/uploads\/2026\/02\/CO2-2024-300x168.png\" class=\"attachment-medium size-medium wp-image-38544\" alt=\"\" srcset=\"https:\/\/labin.net\/wp-content\/uploads\/2026\/02\/CO2-2024-300x168.png 300w, https:\/\/labin.net\/wp-content\/uploads\/2026\/02\/CO2-2024.png 340w\" sizes=\"(max-width: 300px) 100vw, 300px\" \/>\t\t\t\t\t\t\t\t<\/a>\n\t\t\t\t\t\t\t\t\t\t\t\t\t\t\t<\/div>\n\t\t\t\t<\/div>\n\t\t\t\t<div class=\"elementor-element elementor-element-236e7ec elementor-widget elementor-widget-image\" data-id=\"236e7ec\" data-element_type=\"widget\" data-widget_type=\"image.default\">\n\t\t\t\t<div class=\"elementor-widget-container\">\n\t\t\t\t\t\t\t\t\t\t\t\t\t\t\t\t<a href=\"https:\/\/labin.net\/wp-content\/uploads\/2025\/12\/SGS_ISO-14001_2015_ES2200000828_ES.pdf\" target=\"_blank\">\n\t\t\t\t\t\t\t<img loading=\"lazy\" decoding=\"async\" width=\"340\" height=\"190\" src=\"https:\/\/labin.net\/wp-content\/uploads\/2025\/07\/iso-14001.jpg\" class=\"elementor-animation-shrink attachment-large size-large wp-image-9333\" alt=\"\" srcset=\"https:\/\/labin.net\/wp-content\/uploads\/2025\/07\/iso-14001.jpg 340w, https:\/\/labin.net\/wp-content\/uploads\/2025\/07\/iso-14001-300x168.jpg 300w\" sizes=\"(max-width: 340px) 100vw, 340px\" \/>\t\t\t\t\t\t\t\t<\/a>\n\t\t\t\t\t\t\t\t\t\t\t\t\t\t\t<\/div>\n\t\t\t\t<\/div>\n\t\t\t\t<div class=\"elementor-element elementor-element-9ac0f8c elementor-widget elementor-widget-image\" data-id=\"9ac0f8c\" data-element_type=\"widget\" data-widget_type=\"image.default\">\n\t\t\t\t<div class=\"elementor-widget-container\">\n\t\t\t\t\t\t\t\t\t\t\t\t\t\t\t\t<a href=\"https:\/\/labin.net\/wp-content\/uploads\/2025\/08\/CERTF.-9001-ED.-6-CAST.pdf\" target=\"_blank\">\n\t\t\t\t\t\t\t<img loading=\"lazy\" decoding=\"async\" width=\"340\" height=\"190\" src=\"https:\/\/labin.net\/wp-content\/uploads\/2025\/07\/sgs-certification.png\" class=\"elementor-animation-shrink attachment-large size-large wp-image-9327\" alt=\"\" srcset=\"https:\/\/labin.net\/wp-content\/uploads\/2025\/07\/sgs-certification.png 340w, https:\/\/labin.net\/wp-content\/uploads\/2025\/07\/sgs-certification-300x168.png 300w\" sizes=\"(max-width: 340px) 100vw, 340px\" \/>\t\t\t\t\t\t\t\t<\/a>\n\t\t\t\t\t\t\t\t\t\t\t\t\t\t\t<\/div>\n\t\t\t\t<\/div>\n\t\t\t\t<div class=\"elementor-element elementor-element-526bb31 elementor-widget elementor-widget-image\" data-id=\"526bb31\" data-element_type=\"widget\" data-widget_type=\"image.default\">\n\t\t\t\t<div class=\"elementor-widget-container\">\n\t\t\t\t\t\t\t\t\t\t\t\t\t\t\t\t<a href=\"https:\/\/labin.net\/wp-content\/uploads\/2025\/08\/ROESP-P.A.MACASA.pdf\" target=\"_blank\">\n\t\t\t\t\t\t\t<img loading=\"lazy\" decoding=\"async\" width=\"340\" height=\"190\" src=\"https:\/\/labin.net\/wp-content\/uploads\/2025\/07\/gencat-ROESP.png\" class=\"elementor-animation-shrink attachment-large size-large wp-image-9339\" alt=\"\" srcset=\"https:\/\/labin.net\/wp-content\/uploads\/2025\/07\/gencat-ROESP.png 340w, https:\/\/labin.net\/wp-content\/uploads\/2025\/07\/gencat-ROESP-300x168.png 300w\" sizes=\"(max-width: 340px) 100vw, 340px\" \/>\t\t\t\t\t\t\t\t<\/a>\n\t\t\t\t\t\t\t\t\t\t\t\t\t\t\t<\/div>\n\t\t\t\t<\/div>\n\t\t\t\t<div class=\"elementor-element elementor-element-66bdf04 elementor-widget elementor-widget-image\" data-id=\"66bdf04\" data-element_type=\"widget\" data-widget_type=\"image.default\">\n\t\t\t\t<div class=\"elementor-widget-container\">\n\t\t\t\t\t\t\t\t\t\t\t\t\t\t\t\t<a href=\"https:\/\/labin.net\/wp-content\/uploads\/2025\/08\/91-cast.pdf\" target=\"_blank\">\n\t\t\t\t\t\t\t<img loading=\"lazy\" decoding=\"async\" width=\"340\" height=\"190\" src=\"https:\/\/labin.net\/wp-content\/uploads\/2025\/07\/gencat-Laboratorio.png\" class=\"elementor-animation-shrink attachment-large size-large wp-image-9321\" alt=\"\" srcset=\"https:\/\/labin.net\/wp-content\/uploads\/2025\/07\/gencat-Laboratorio.png 340w, https:\/\/labin.net\/wp-content\/uploads\/2025\/07\/gencat-Laboratorio-300x168.png 300w\" sizes=\"(max-width: 340px) 100vw, 340px\" \/>\t\t\t\t\t\t\t\t<\/a>\n\t\t\t\t\t\t\t\t\t\t\t\t\t\t\t<\/div>\n\t\t\t\t<\/div>\n\t\t\t\t<div class=\"elementor-element elementor-element-1777ff6 elementor-widget elementor-widget-image\" data-id=\"1777ff6\" data-element_type=\"widget\" data-widget_type=\"image.default\">\n\t\t\t\t<div class=\"elementor-widget-container\">\n\t\t\t\t\t\t\t\t\t\t\t\t\t\t\t\t<a href=\"https:\/\/labin.net\/wp-content\/uploads\/2025\/08\/Otorgament-Pyme-Innovadora.pdf\" target=\"_blank\">\n\t\t\t\t\t\t\t<img loading=\"lazy\" decoding=\"async\" width=\"340\" height=\"190\" src=\"https:\/\/labin.net\/wp-content\/uploads\/2025\/07\/Pyme-Innovadora-Labin.jpg\" class=\"elementor-animation-shrink attachment-large size-large wp-image-9363\" alt=\"\" srcset=\"https:\/\/labin.net\/wp-content\/uploads\/2025\/07\/Pyme-Innovadora-Labin.jpg 340w, https:\/\/labin.net\/wp-content\/uploads\/2025\/07\/Pyme-Innovadora-Labin-300x168.jpg 300w\" sizes=\"(max-width: 340px) 100vw, 340px\" \/>\t\t\t\t\t\t\t\t<\/a>\n\t\t\t\t\t\t\t\t\t\t\t\t\t\t\t<\/div>\n\t\t\t\t<\/div>\n\t\t\t\t<\/div>\n\t\t\t\t<\/div>\n\t\t\t\t\t<\/div>\n\t\t\t\t<\/div>\n\t\t\t\t<\/div>\n\t\t","protected":false},"excerpt":{"rendered":"<p>Compromesos Qualitat i Medi Ambient La nostra Pol\u00edtica de Qualitat i medi ambient La pol\u00edtica de qualitat de Productes Labin SL s&#8217;integra al manual de qualitat i demostra el comprom\u00eds de la direcci\u00f3 d&#8217;implantar un sistema de gesti\u00f3 de la qualitat orientat a l&#8217;atenci\u00f3 del client i a la millora cont\u00ednua . A trav\u00e9s d&#8217;aquesta pol\u00edtica, i la seva comunicaci\u00f3\u2026<\/p>\n","protected":false},"author":1,"featured_media":0,"parent":0,"menu_order":0,"comment_status":"closed","ping_status":"closed","template":"","meta":{"_acf_changed":false,"footnotes":""},"class_list":["post-37151","page","type-page","status-publish","hentry"],"acf":[],"_links":{"self":[{"href":"https:\/\/labin.net\/ca\/wp-json\/wp\/v2\/pages\/37151","targetHints":{"allow":["GET"]}}],"collection":[{"href":"https:\/\/labin.net\/ca\/wp-json\/wp\/v2\/pages"}],"about":[{"href":"https:\/\/labin.net\/ca\/wp-json\/wp\/v2\/types\/page"}],"author":[{"embeddable":true,"href":"https:\/\/labin.net\/ca\/wp-json\/wp\/v2\/users\/1"}],"replies":[{"embeddable":true,"href":"https:\/\/labin.net\/ca\/wp-json\/wp\/v2\/comments?post=37151"}],"version-history":[{"count":13,"href":"https:\/\/labin.net\/ca\/wp-json\/wp\/v2\/pages\/37151\/revisions"}],"predecessor-version":[{"id":38555,"href":"https:\/\/labin.net\/ca\/wp-json\/wp\/v2\/pages\/37151\/revisions\/38555"}],"wp:attachment":[{"href":"https:\/\/labin.net\/ca\/wp-json\/wp\/v2\/media?parent=37151"}],"curies":[{"name":"wp","href":"https:\/\/api.w.org\/{rel}","templated":true}]}}