{"id":37103,"date":"2023-10-06T04:13:39","date_gmt":"2023-10-06T04:13:39","guid":{"rendered":"https:labin.net\/faqs\/"},"modified":"2026-01-08T15:03:46","modified_gmt":"2026-01-08T15:03:46","slug":"faqs","status":"publish","type":"page","link":"https:\/\/labin.net\/ca\/faqs\/","title":{"rendered":"FAQs"},"content":{"rendered":"\t\t<div data-elementor-type=\"wp-page\" data-elementor-id=\"37103\" class=\"elementor elementor-37103 elementor-7031\" data-elementor-post-type=\"page\">\n\t\t\t\t<div class=\"elementor-element elementor-element-d233192 e-con-full e-flex kitify-col-width-auto-no ignore-docs-style-no kitify-disable-relative-no e-root-container elementor-top-section e-con e-parent\" data-id=\"d233192\" data-element_type=\"container\" data-settings=\"{&quot;background_background&quot;:&quot;classic&quot;}\">\n\t\t\t\t<div class=\"elementor-element elementor-element-7b3fbd4 kitify-breadcrumbs-page-title-yes kitify-breadcrumbs-align-center elementor-widget kitify elementor-kitify-breadcrumbs\" data-id=\"7b3fbd4\" data-element_type=\"widget\" data-widget_type=\"kitify-breadcrumbs.default\">\n\t\t\t\t<div class=\"elementor-widget-container\">\n\t\t\t\t\t\n\t\t<div class=\"kitify-breadcrumbs\">\n\t\t<div class=\"kitify-breadcrumbs__content\">\n\t\t<div class=\"kitify-breadcrumbs__wrap\"><div class=\"kitify-breadcrumbs__item\"><a href=\"https:\/\/labin.net\/ca\/\" class=\"kitify-breadcrumbs__item-link is-home\" rel=\"home\" title=\"Inici\">Inici<\/a><\/div>\n\t\t<\/div>\n\t\t<\/div>\n\t\t<\/div>\t\t\t\t<\/div>\n\t\t\t\t<\/div>\n\t\t\t\t<\/div>\n\t\t<div class=\"elementor-element elementor-element-be9da2e e-flex e-con-boxed kitify-col-width-auto-no ignore-docs-style-no kitify-disable-relative-no e-root-container elementor-top-section e-con e-parent\" data-id=\"be9da2e\" data-element_type=\"container\">\n\t\t\t\t\t<div class=\"e-con-inner\">\n\t\t<div class=\"elementor-element elementor-element-dc33317 e-con-full e-flex kitify-col-width-auto-no ignore-docs-style-no kitify-disable-relative-no e-con e-child\" data-id=\"dc33317\" data-element_type=\"container\">\n\t\t\t\t<div class=\"elementor-element elementor-element-585d227 elementor-widget elementor-widget-accordion\" data-id=\"585d227\" data-element_type=\"widget\" data-widget_type=\"accordion.default\">\n\t\t\t\t<div class=\"elementor-widget-container\">\n\t\t\t\t\t\t\t<div class=\"elementor-accordion\">\n\t\t\t\t\t\t\t<div class=\"elementor-accordion-item\">\n\t\t\t\t\t<div id=\"elementor-tab-title-9261\" class=\"elementor-tab-title\" data-tab=\"1\" role=\"button\" aria-controls=\"elementor-tab-content-9261\" aria-expanded=\"false\">\n\t\t\t\t\t\t\t\t\t\t\t\t\t<span class=\"elementor-accordion-icon elementor-accordion-icon-right\" aria-hidden=\"true\">\n\t\t\t\t\t\t\t\t\t\t\t\t\t\t\t<span class=\"elementor-accordion-icon-closed\"><i class=\"dlicon ui-1_simple-add\"><\/i><\/span>\n\t\t\t\t\t\t\t\t<span class=\"elementor-accordion-icon-opened\"><i class=\"dlicon ui-1_simple-delete\"><\/i><\/span>\n\t\t\t\t\t\t\t\t\t\t\t\t\t\t<\/span>\n\t\t\t\t\t\t\t\t\t\t\t\t<a class=\"elementor-accordion-title\" tabindex=\"0\">What is your return policy?<\/a>\n\t\t\t\t\t<\/div>\n\t\t\t\t\t<div id=\"elementor-tab-content-9261\" class=\"elementor-tab-content elementor-clearfix\" data-tab=\"1\" role=\"region\" aria-labelledby=\"elementor-tab-title-9261\"><p>We offer a hassle-free return policy. If you&#8217;re no satisfied with your purchase, you can return it within 30 days per a full refund or exchange. Si us plau, referiu-vos a la p\u00e0gina Returns &amp; Exchanges per a detallades instruccions.  <\/p>\n<\/div>\n\t\t\t\t<\/div>\n\t\t\t\t\t\t\t<div class=\"elementor-accordion-item\">\n\t\t\t\t\t<div id=\"elementor-tab-title-9262\" class=\"elementor-tab-title\" data-tab=\"2\" role=\"button\" aria-controls=\"elementor-tab-content-9262\" aria-expanded=\"false\">\n\t\t\t\t\t\t\t\t\t\t\t\t\t<span class=\"elementor-accordion-icon elementor-accordion-icon-right\" aria-hidden=\"true\">\n\t\t\t\t\t\t\t\t\t\t\t\t\t\t\t<span class=\"elementor-accordion-icon-closed\"><i class=\"dlicon ui-1_simple-add\"><\/i><\/span>\n\t\t\t\t\t\t\t\t<span class=\"elementor-accordion-icon-opened\"><i class=\"dlicon ui-1_simple-delete\"><\/i><\/span>\n\t\t\t\t\t\t\t\t\t\t\t\t\t\t<\/span>\n\t\t\t\t\t\t\t\t\t\t\t\t<a class=\"elementor-accordion-title\" tabindex=\"0\">How do I track my order?<\/a>\n\t\t\t\t\t<\/div>\n\t\t\t\t\t<div id=\"elementor-tab-content-9262\" class=\"elementor-tab-content elementor-clearfix\" data-tab=\"2\" role=\"region\" aria-labelledby=\"elementor-tab-title-9262\"><p>Tracking your order is easy! Onze your order is shipped, we&#8217;ll send you a confirmaci\u00f3 e-mail with tracking number. Heu de fer servir aquest n\u00famero per a un ordre d&#8217;ordres en la vostra ordre de tracking page.  <\/p>\n<\/div>\n\t\t\t\t<\/div>\n\t\t\t\t\t\t\t<div class=\"elementor-accordion-item\">\n\t\t\t\t\t<div id=\"elementor-tab-title-9263\" class=\"elementor-tab-title\" data-tab=\"3\" role=\"button\" aria-controls=\"elementor-tab-content-9263\" aria-expanded=\"false\">\n\t\t\t\t\t\t\t\t\t\t\t\t\t<span class=\"elementor-accordion-icon elementor-accordion-icon-right\" aria-hidden=\"true\">\n\t\t\t\t\t\t\t\t\t\t\t\t\t\t\t<span class=\"elementor-accordion-icon-closed\"><i class=\"dlicon ui-1_simple-add\"><\/i><\/span>\n\t\t\t\t\t\t\t\t<span class=\"elementor-accordion-icon-opened\"><i class=\"dlicon ui-1_simple-delete\"><\/i><\/span>\n\t\t\t\t\t\t\t\t\t\t\t\t\t\t<\/span>\n\t\t\t\t\t\t\t\t\t\t\t\t<a class=\"elementor-accordion-title\" tabindex=\"0\">What payment methods do you accept?<\/a>\n\t\t\t\t\t<\/div>\n\t\t\t\t\t<div id=\"elementor-tab-content-9263\" class=\"elementor-tab-content elementor-clearfix\" data-tab=\"3\" role=\"region\" aria-labelledby=\"elementor-tab-title-9263\"><p>We accept major credit cards (Visa, MasterCard, American Express) and PayPal per secure and convenient payments.<\/p>\n<\/div>\n\t\t\t\t<\/div>\n\t\t\t\t\t\t\t<div class=\"elementor-accordion-item\">\n\t\t\t\t\t<div id=\"elementor-tab-title-9264\" class=\"elementor-tab-title\" data-tab=\"4\" role=\"button\" aria-controls=\"elementor-tab-content-9264\" aria-expanded=\"false\">\n\t\t\t\t\t\t\t\t\t\t\t\t\t<span class=\"elementor-accordion-icon elementor-accordion-icon-right\" aria-hidden=\"true\">\n\t\t\t\t\t\t\t\t\t\t\t\t\t\t\t<span class=\"elementor-accordion-icon-closed\"><i class=\"dlicon ui-1_simple-add\"><\/i><\/span>\n\t\t\t\t\t\t\t\t<span class=\"elementor-accordion-icon-opened\"><i class=\"dlicon ui-1_simple-delete\"><\/i><\/span>\n\t\t\t\t\t\t\t\t\t\t\t\t\t\t<\/span>\n\t\t\t\t\t\t\t\t\t\t\t\t<a class=\"elementor-accordion-title\" tabindex=\"0\">Do you offer international shipping?<\/a>\n\t\t\t\t\t<\/div>\n\t\t\t\t\t<div id=\"elementor-tab-content-9264\" class=\"elementor-tab-content elementor-clearfix\" data-tab=\"4\" role=\"region\" aria-labelledby=\"elementor-tab-title-9264\"><p>Yes, we offer international shipping to most countries. Shipping fees and delivery times mai vary based on your location. Si us plau referiu-vos a la Shipping Information page for more details.  <\/p>\n<\/div>\n\t\t\t\t<\/div>\n\t\t\t\t\t\t\t<div class=\"elementor-accordion-item\">\n\t\t\t\t\t<div id=\"elementor-tab-title-9265\" class=\"elementor-tab-title\" data-tab=\"5\" role=\"button\" aria-controls=\"elementor-tab-content-9265\" aria-expanded=\"false\">\n\t\t\t\t\t\t\t\t\t\t\t\t\t<span class=\"elementor-accordion-icon elementor-accordion-icon-right\" aria-hidden=\"true\">\n\t\t\t\t\t\t\t\t\t\t\t\t\t\t\t<span class=\"elementor-accordion-icon-closed\"><i class=\"dlicon ui-1_simple-add\"><\/i><\/span>\n\t\t\t\t\t\t\t\t<span class=\"elementor-accordion-icon-opened\"><i class=\"dlicon ui-1_simple-delete\"><\/i><\/span>\n\t\t\t\t\t\t\t\t\t\t\t\t\t\t<\/span>\n\t\t\t\t\t\t\t\t\t\t\t\t<a class=\"elementor-accordion-title\" tabindex=\"0\">How can I contact your customer support?<\/a>\n\t\t\t\t\t<\/div>\n\t\t\t\t\t<div id=\"elementor-tab-content-9265\" class=\"elementor-tab-content elementor-clearfix\" data-tab=\"5\" role=\"region\" aria-labelledby=\"elementor-tab-title-9265\"><p>Vost\u00e8 pot contactar amb nosaltres per ajudar-nos a contactar amb el nostre contacte. We&#8217;re here to assist you with any questions or concerns you mai have. <\/p>\n<\/div>\n\t\t\t\t<\/div>\n\t\t\t\t\t\t\t<div class=\"elementor-accordion-item\">\n\t\t\t\t\t<div id=\"elementor-tab-title-9266\" class=\"elementor-tab-title\" data-tab=\"6\" role=\"button\" aria-controls=\"elementor-tab-content-9266\" aria-expanded=\"false\">\n\t\t\t\t\t\t\t\t\t\t\t\t\t<span class=\"elementor-accordion-icon elementor-accordion-icon-right\" aria-hidden=\"true\">\n\t\t\t\t\t\t\t\t\t\t\t\t\t\t\t<span class=\"elementor-accordion-icon-closed\"><i class=\"dlicon ui-1_simple-add\"><\/i><\/span>\n\t\t\t\t\t\t\t\t<span class=\"elementor-accordion-icon-opened\"><i class=\"dlicon ui-1_simple-delete\"><\/i><\/span>\n\t\t\t\t\t\t\t\t\t\t\t\t\t\t<\/span>\n\t\t\t\t\t\t\t\t\t\t\t\t<a class=\"elementor-accordion-title\" tabindex=\"0\">Are the sizes true to measurements?<\/a>\n\t\t\t\t\t<\/div>\n\t\t\t\t\t<div id=\"elementor-tab-content-9266\" class=\"elementor-tab-content elementor-clearfix\" data-tab=\"6\" role=\"region\" aria-labelledby=\"elementor-tab-title-9266\"><p>We provide detailed size charts per a tots els productes per help you find the perfect fit. Si us plau, referiu-vos a un grafit de producte en el producte del producte per obtenir un alt nivell. <\/p>\n<\/div>\n\t\t\t\t<\/div>\n\t\t\t\t\t\t\t<div class=\"elementor-accordion-item\">\n\t\t\t\t\t<div id=\"elementor-tab-title-9267\" class=\"elementor-tab-title\" data-tab=\"7\" role=\"button\" aria-controls=\"elementor-tab-content-9267\" aria-expanded=\"false\">\n\t\t\t\t\t\t\t\t\t\t\t\t\t<span class=\"elementor-accordion-icon elementor-accordion-icon-right\" aria-hidden=\"true\">\n\t\t\t\t\t\t\t\t\t\t\t\t\t\t\t<span class=\"elementor-accordion-icon-closed\"><i class=\"dlicon ui-1_simple-add\"><\/i><\/span>\n\t\t\t\t\t\t\t\t<span class=\"elementor-accordion-icon-opened\"><i class=\"dlicon ui-1_simple-delete\"><\/i><\/span>\n\t\t\t\t\t\t\t\t\t\t\t\t\t\t<\/span>\n\t\t\t\t\t\t\t\t\t\t\t\t<a class=\"elementor-accordion-title\" tabindex=\"0\">Can I modify or cancel me order after it's been placed?<\/a>\n\t\t\t\t\t<\/div>\n\t\t\t\t\t<div id=\"elementor-tab-content-9267\" class=\"elementor-tab-content elementor-clearfix\" data-tab=\"7\" role=\"region\" aria-labelledby=\"elementor-tab-title-9267\"><p>We process orders quickly to ensure fast delivery, sense modificacions or cancellations mai be limited. Contact our customer support as soon as possible, and we&#8217;ll do our best to assist you. <\/p>\n<\/div>\n\t\t\t\t<\/div>\n\t\t\t\t\t\t\t\t\t\t<script type=\"application\/ld+json\">{\"@context\":\"https:\\\/\\\/schema.org\",\"@type\":\"FAQPage\",\"mainEntity\":[{\"@type\":\"Question\",\"name\":\"What is your return policy?\",\"acceptedAnswer\":{\"@type\":\"Answer\",\"text\":\"<p>We offer a hassle-free return policy. If you&#8217;re no satisfied with your purchase, you can return it within 30 days per a full refund or exchange. Si us plau, referiu-vos a la p\\u00e0gina Returns &amp; Exchanges per a detallades instruccions.  <\\\/p>\\n\"}},{\"@type\":\"Question\",\"name\":\"How do I track my order?\",\"acceptedAnswer\":{\"@type\":\"Answer\",\"text\":\"<p>Tracking your order is easy! Onze your order is shipped, we&#8217;ll send you a confirmaci\\u00f3 e-mail with tracking number. Heu de fer servir aquest n\\u00famero per a un ordre d&#8217;ordres en la vostra ordre de tracking page.  <\\\/p>\\n\"}},{\"@type\":\"Question\",\"name\":\"What payment methods do you accept?\",\"acceptedAnswer\":{\"@type\":\"Answer\",\"text\":\"<p>We accept major credit cards (Visa, MasterCard, American Express) and PayPal per secure and convenient payments.<\\\/p>\\n\"}},{\"@type\":\"Question\",\"name\":\"Do you offer international shipping?\",\"acceptedAnswer\":{\"@type\":\"Answer\",\"text\":\"<p>Yes, we offer international shipping to most countries. Shipping fees and delivery times mai vary based on your location. Si us plau referiu-vos a la Shipping Information page for more details.  <\\\/p>\\n\"}},{\"@type\":\"Question\",\"name\":\"How can I contact your customer support?\",\"acceptedAnswer\":{\"@type\":\"Answer\",\"text\":\"<p>Vost\\u00e8 pot contactar amb nosaltres per ajudar-nos a contactar amb el nostre contacte. We&#8217;re here to assist you with any questions or concerns you mai have. <\\\/p>\\n\"}},{\"@type\":\"Question\",\"name\":\"Are the sizes true to measurements?\",\"acceptedAnswer\":{\"@type\":\"Answer\",\"text\":\"<p>We provide detailed size charts per a tots els productes per help you find the perfect fit. Si us plau, referiu-vos a un grafit de producte en el producte del producte per obtenir un alt nivell. <\\\/p>\\n\"}},{\"@type\":\"Question\",\"name\":\"Can I modify or cancel me order after it's been placed?\",\"acceptedAnswer\":{\"@type\":\"Answer\",\"text\":\"<p>We process orders quickly to ensure fast delivery, sense modificacions or cancellations mai be limited. Contact our customer support as soon as possible, and we&#8217;ll do our best to assist you. <\\\/p>\\n\"}}]}<\/script>\n\t\t\t\t\t<\/div>\n\t\t\t\t\t\t<\/div>\n\t\t\t\t<\/div>\n\t\t\t\t<\/div>\n\t\t<div class=\"elementor-element elementor-element-85ed140 e-con-full e-flex kitify-col-width-auto-no ignore-docs-style-no kitify-disable-relative-no e-con e-child\" data-id=\"85ed140\" data-element_type=\"container\">\n\t\t\t\t<div class=\"elementor-element elementor-element-feeb9c4 elementor-widget elementor-widget-accordion\" data-id=\"feeb9c4\" data-element_type=\"widget\" data-widget_type=\"accordion.default\">\n\t\t\t\t<div class=\"elementor-widget-container\">\n\t\t\t\t\t\t\t<div class=\"elementor-accordion\">\n\t\t\t\t\t\t\t<div class=\"elementor-accordion-item\">\n\t\t\t\t\t<div id=\"elementor-tab-title-2671\" class=\"elementor-tab-title\" data-tab=\"1\" role=\"button\" aria-controls=\"elementor-tab-content-2671\" aria-expanded=\"false\">\n\t\t\t\t\t\t\t\t\t\t\t\t\t<span class=\"elementor-accordion-icon elementor-accordion-icon-right\" aria-hidden=\"true\">\n\t\t\t\t\t\t\t\t\t\t\t\t\t\t\t<span class=\"elementor-accordion-icon-closed\"><i class=\"dlicon ui-1_simple-add\"><\/i><\/span>\n\t\t\t\t\t\t\t\t<span class=\"elementor-accordion-icon-opened\"><i class=\"dlicon ui-1_simple-delete\"><\/i><\/span>\n\t\t\t\t\t\t\t\t\t\t\t\t\t\t<\/span>\n\t\t\t\t\t\t\t\t\t\t\t\t<a class=\"elementor-accordion-title\" tabindex=\"0\">Do you offer gift wrapping services?<\/a>\n\t\t\t\t\t<\/div>\n\t\t\t\t\t<div id=\"elementor-tab-content-2671\" class=\"elementor-tab-content elementor-clearfix\" data-tab=\"1\" role=\"region\" aria-labelledby=\"elementor-tab-title-2671\"><p>Yes, we offer gift wrapping services per a small additional fee. Heu de seleccionar aquesta opci\u00f3 durant el proc\u00e9s de revisi\u00f3. <\/p>\n<\/div>\n\t\t\t\t<\/div>\n\t\t\t\t\t\t\t<div class=\"elementor-accordion-item\">\n\t\t\t\t\t<div id=\"elementor-tab-title-2672\" class=\"elementor-tab-title\" data-tab=\"2\" role=\"button\" aria-controls=\"elementor-tab-content-2672\" aria-expanded=\"false\">\n\t\t\t\t\t\t\t\t\t\t\t\t\t<span class=\"elementor-accordion-icon elementor-accordion-icon-right\" aria-hidden=\"true\">\n\t\t\t\t\t\t\t\t\t\t\t\t\t\t\t<span class=\"elementor-accordion-icon-closed\"><i class=\"dlicon ui-1_simple-add\"><\/i><\/span>\n\t\t\t\t\t\t\t\t<span class=\"elementor-accordion-icon-opened\"><i class=\"dlicon ui-1_simple-delete\"><\/i><\/span>\n\t\t\t\t\t\t\t\t\t\t\t\t\t\t<\/span>\n\t\t\t\t\t\t\t\t\t\t\t\t<a class=\"elementor-accordion-title\" tabindex=\"0\">How do I care for my garments?<\/a>\n\t\t\t\t\t<\/div>\n\t\t\t\t\t<div id=\"elementor-tab-content-2672\" class=\"elementor-tab-content elementor-clearfix\" data-tab=\"2\" role=\"region\" aria-labelledby=\"elementor-tab-title-2672\"><p>Care instructions can usually be found on the product&#8217;s care label or on the product page itself. We recommend following the provided guidelines to ensure the longevity and quality of your items. <\/p>\n<\/div>\n\t\t\t\t<\/div>\n\t\t\t\t\t\t\t<div class=\"elementor-accordion-item\">\n\t\t\t\t\t<div id=\"elementor-tab-title-2673\" class=\"elementor-tab-title\" data-tab=\"3\" role=\"button\" aria-controls=\"elementor-tab-content-2673\" aria-expanded=\"false\">\n\t\t\t\t\t\t\t\t\t\t\t\t\t<span class=\"elementor-accordion-icon elementor-accordion-icon-right\" aria-hidden=\"true\">\n\t\t\t\t\t\t\t\t\t\t\t\t\t\t\t<span class=\"elementor-accordion-icon-closed\"><i class=\"dlicon ui-1_simple-add\"><\/i><\/span>\n\t\t\t\t\t\t\t\t<span class=\"elementor-accordion-icon-opened\"><i class=\"dlicon ui-1_simple-delete\"><\/i><\/span>\n\t\t\t\t\t\t\t\t\t\t\t\t\t\t<\/span>\n\t\t\t\t\t\t\t\t\t\t\t\t<a class=\"elementor-accordion-title\" tabindex=\"0\">Do you offer online ordering and shipping?<\/a>\n\t\t\t\t\t<\/div>\n\t\t\t\t\t<div id=\"elementor-tab-content-2673\" class=\"elementor-tab-content elementor-clearfix\" data-tab=\"3\" role=\"region\" aria-labelledby=\"elementor-tab-title-2673\"><p>Yes, we offer online ordering with shipping options available. Contact us for more information. <\/p>\n<\/div>\n\t\t\t\t<\/div>\n\t\t\t\t\t\t\t<div class=\"elementor-accordion-item\">\n\t\t\t\t\t<div id=\"elementor-tab-title-2674\" class=\"elementor-tab-title\" data-tab=\"4\" role=\"button\" aria-controls=\"elementor-tab-content-2674\" aria-expanded=\"false\">\n\t\t\t\t\t\t\t\t\t\t\t\t\t<span class=\"elementor-accordion-icon elementor-accordion-icon-right\" aria-hidden=\"true\">\n\t\t\t\t\t\t\t\t\t\t\t\t\t\t\t<span class=\"elementor-accordion-icon-closed\"><i class=\"dlicon ui-1_simple-add\"><\/i><\/span>\n\t\t\t\t\t\t\t\t<span class=\"elementor-accordion-icon-opened\"><i class=\"dlicon ui-1_simple-delete\"><\/i><\/span>\n\t\t\t\t\t\t\t\t\t\t\t\t\t\t<\/span>\n\t\t\t\t\t\t\t\t\t\t\t\t<a class=\"elementor-accordion-title\" tabindex=\"0\">Can I sign up for exclusive offers and updates?<\/a>\n\t\t\t\t\t<\/div>\n\t\t\t\t\t<div id=\"elementor-tab-content-2674\" class=\"elementor-tab-content elementor-clearfix\" data-tab=\"4\" role=\"region\" aria-labelledby=\"elementor-tab-title-2674\"><p>Absolutely! Join el nostre newsletter per a exclusiva offers, promocions, i updates on la test fashion trends. Es pot signar en bottom de la nostra p\u00e0gina.  <\/p>\n<\/div>\n\t\t\t\t<\/div>\n\t\t\t\t\t\t\t<div class=\"elementor-accordion-item\">\n\t\t\t\t\t<div id=\"elementor-tab-title-2675\" class=\"elementor-tab-title\" data-tab=\"5\" role=\"button\" aria-controls=\"elementor-tab-content-2675\" aria-expanded=\"false\">\n\t\t\t\t\t\t\t\t\t\t\t\t\t<span class=\"elementor-accordion-icon elementor-accordion-icon-right\" aria-hidden=\"true\">\n\t\t\t\t\t\t\t\t\t\t\t\t\t\t\t<span class=\"elementor-accordion-icon-closed\"><i class=\"dlicon ui-1_simple-add\"><\/i><\/span>\n\t\t\t\t\t\t\t\t<span class=\"elementor-accordion-icon-opened\"><i class=\"dlicon ui-1_simple-delete\"><\/i><\/span>\n\t\t\t\t\t\t\t\t\t\t\t\t\t\t<\/span>\n\t\t\t\t\t\t\t\t\t\t\t\t<a class=\"elementor-accordion-title\" tabindex=\"0\">How do I create an account?<\/a>\n\t\t\t\t\t<\/div>\n\t\t\t\t\t<div id=\"elementor-tab-content-2675\" class=\"elementor-tab-content elementor-clearfix\" data-tab=\"5\" role=\"region\" aria-labelledby=\"elementor-tab-title-2675\"><p>Creating an account is easy! Simply click en el \"Sign Up\" enlla\u00e7 al top de la p\u00e0gina i en prompts per enter la teva informaci\u00f3. Heu d&#8217;accedir a ordenar history, wishlists, i faster checkout.  <\/p>\n<\/div>\n\t\t\t\t<\/div>\n\t\t\t\t\t\t\t<div class=\"elementor-accordion-item\">\n\t\t\t\t\t<div id=\"elementor-tab-title-2676\" class=\"elementor-tab-title\" data-tab=\"6\" role=\"button\" aria-controls=\"elementor-tab-content-2676\" aria-expanded=\"false\">\n\t\t\t\t\t\t\t\t\t\t\t\t\t<span class=\"elementor-accordion-icon elementor-accordion-icon-right\" aria-hidden=\"true\">\n\t\t\t\t\t\t\t\t\t\t\t\t\t\t\t<span class=\"elementor-accordion-icon-closed\"><i class=\"dlicon ui-1_simple-add\"><\/i><\/span>\n\t\t\t\t\t\t\t\t<span class=\"elementor-accordion-icon-opened\"><i class=\"dlicon ui-1_simple-delete\"><\/i><\/span>\n\t\t\t\t\t\t\t\t\t\t\t\t\t\t<\/span>\n\t\t\t\t\t\t\t\t\t\t\t\t<a class=\"elementor-accordion-title\" tabindex=\"0\">What if an item I want is out of stock?<\/a>\n\t\t\t\t\t<\/div>\n\t\t\t\t\t<div id=\"elementor-tab-content-2676\" class=\"elementor-tab-content elementor-clearfix\" data-tab=\"6\" role=\"region\" aria-labelledby=\"elementor-tab-title-2676\"><p>Per a que vost\u00e8 interessi en el moment de l&#8217;estoc, es pot signar per notificacions per alertar quan es beca available again. Just enter la vostra adre\u00e7a electr\u00f2nica a la p\u00e0gina de producte, i notifiqueu-vos que s\u00f3n les teves back in stock. <\/p>\n<\/div>\n\t\t\t\t<\/div>\n\t\t\t\t\t\t\t<div class=\"elementor-accordion-item\">\n\t\t\t\t\t<div id=\"elementor-tab-title-2677\" class=\"elementor-tab-title\" data-tab=\"7\" role=\"button\" aria-controls=\"elementor-tab-content-2677\" aria-expanded=\"false\">\n\t\t\t\t\t\t\t\t\t\t\t\t\t<span class=\"elementor-accordion-icon elementor-accordion-icon-right\" aria-hidden=\"true\">\n\t\t\t\t\t\t\t\t\t\t\t\t\t\t\t<span class=\"elementor-accordion-icon-closed\"><i class=\"dlicon ui-1_simple-add\"><\/i><\/span>\n\t\t\t\t\t\t\t\t<span class=\"elementor-accordion-icon-opened\"><i class=\"dlicon ui-1_simple-delete\"><\/i><\/span>\n\t\t\t\t\t\t\t\t\t\t\t\t\t\t<\/span>\n\t\t\t\t\t\t\t\t\t\t\t\t<a class=\"elementor-accordion-title\" tabindex=\"0\">Can I change my shipping address after placing an order?<\/a>\n\t\t\t\t\t<\/div>\n\t\t\t\t\t<div id=\"elementor-tab-content-2677\" class=\"elementor-tab-content elementor-clearfix\" data-tab=\"7\" role=\"region\" aria-labelledby=\"elementor-tab-title-2677\"><p>Si us plau, contacteu amb el customer support team a les vostres possibles perqu\u00e8 teniu la possibilitat d&#8217;enviar les vostres companyies d&#8217;adre\u00e7a a plaer. Well&#8217;ll del nostre best to assist you, though changes mai be subject to l&#8217;ordre&#8217;s processing stage. <\/p>\n<\/div>\n\t\t\t\t<\/div>\n\t\t\t\t\t\t\t\t\t\t<script type=\"application\/ld+json\">{\"@context\":\"https:\\\/\\\/schema.org\",\"@type\":\"FAQPage\",\"mainEntity\":[{\"@type\":\"Question\",\"name\":\"Do you offer gift wrapping services?\",\"acceptedAnswer\":{\"@type\":\"Answer\",\"text\":\"<p>Yes, we offer gift wrapping services per a small additional fee. Heu de seleccionar aquesta opci\\u00f3 durant el proc\\u00e9s de revisi\\u00f3. <\\\/p>\\n\"}},{\"@type\":\"Question\",\"name\":\"How do I care for my garments?\",\"acceptedAnswer\":{\"@type\":\"Answer\",\"text\":\"<p>Care instructions can usually be found on the product&#8217;s care label or on the product page itself. We recommend following the provided guidelines to ensure the longevity and quality of your items. <\\\/p>\\n\"}},{\"@type\":\"Question\",\"name\":\"Do you offer online ordering and shipping?\",\"acceptedAnswer\":{\"@type\":\"Answer\",\"text\":\"<p>Yes, we offer online ordering with shipping options available. Contact us for more information. <\\\/p>\\n\"}},{\"@type\":\"Question\",\"name\":\"Can I sign up for exclusive offers and updates?\",\"acceptedAnswer\":{\"@type\":\"Answer\",\"text\":\"<p>Absolutely! Join el nostre newsletter per a exclusiva offers, promocions, i updates on la test fashion trends. Es pot signar en bottom de la nostra p\\u00e0gina.  <\\\/p>\\n\"}},{\"@type\":\"Question\",\"name\":\"How do I create an account?\",\"acceptedAnswer\":{\"@type\":\"Answer\",\"text\":\"<p>Creating an account is easy! Simply click en el \\\"Sign Up\\\" enlla\\u00e7 al top de la p\\u00e0gina i en prompts per enter la teva informaci\\u00f3. Heu d&#8217;accedir a ordenar history, wishlists, i faster checkout.  <\\\/p>\\n\"}},{\"@type\":\"Question\",\"name\":\"What if an item I want is out of stock?\",\"acceptedAnswer\":{\"@type\":\"Answer\",\"text\":\"<p>Per a que vost\\u00e8 interessi en el moment de l&#8217;estoc, es pot signar per notificacions per alertar quan es beca available again. Just enter la vostra adre\\u00e7a electr\\u00f2nica a la p\\u00e0gina de producte, i notifiqueu-vos que s\\u00f3n les teves back in stock. <\\\/p>\\n\"}},{\"@type\":\"Question\",\"name\":\"Can I change my shipping address after placing an order?\",\"acceptedAnswer\":{\"@type\":\"Answer\",\"text\":\"<p>Si us plau, contacteu amb el customer support team a les vostres possibles perqu\\u00e8 teniu la possibilitat d&#8217;enviar les vostres companyies d&#8217;adre\\u00e7a a plaer. Well&#8217;ll del nostre best to assist you, though changes mai be subject to l&#8217;ordre&#8217;s processing stage. <\\\/p>\\n\"}}]}<\/script>\n\t\t\t\t\t<\/div>\n\t\t\t\t\t\t<\/div>\n\t\t\t\t<\/div>\n\t\t\t\t<\/div>\n\t\t\t\t\t<\/div>\n\t\t\t\t<\/div>\n\t\t\t\t<\/div>\n\t\t","protected":false},"excerpt":{"rendered":"<p>Inicio What is your return policy? We offer a hassle-free return policy. If you&#8217;re no satisfied with your purchase, you can return it within 30 days per a full refund or exchange. Si us plau, referiu-vos a la p\u00e0gina Returns &amp; Exchanges per a detallades instruccions. How do I track my order? Tracking your order is easy! Onze your order\u2026<\/p>\n","protected":false},"author":1,"featured_media":0,"parent":0,"menu_order":0,"comment_status":"closed","ping_status":"closed","template":"","meta":{"_acf_changed":false,"footnotes":""},"class_list":["post-37103","page","type-page","status-publish","hentry"],"acf":[],"_links":{"self":[{"href":"https:\/\/labin.net\/ca\/wp-json\/wp\/v2\/pages\/37103","targetHints":{"allow":["GET"]}}],"collection":[{"href":"https:\/\/labin.net\/ca\/wp-json\/wp\/v2\/pages"}],"about":[{"href":"https:\/\/labin.net\/ca\/wp-json\/wp\/v2\/types\/page"}],"author":[{"embeddable":true,"href":"https:\/\/labin.net\/ca\/wp-json\/wp\/v2\/users\/1"}],"replies":[{"embeddable":true,"href":"https:\/\/labin.net\/ca\/wp-json\/wp\/v2\/comments?post=37103"}],"version-history":[{"count":1,"href":"https:\/\/labin.net\/ca\/wp-json\/wp\/v2\/pages\/37103\/revisions"}],"predecessor-version":[{"id":37105,"href":"https:\/\/labin.net\/ca\/wp-json\/wp\/v2\/pages\/37103\/revisions\/37105"}],"wp:attachment":[{"href":"https:\/\/labin.net\/ca\/wp-json\/wp\/v2\/media?parent=37103"}],"curies":[{"name":"wp","href":"https:\/\/api.w.org\/{rel}","templated":true}]}}